{"id":89459,"date":"2025-08-03T17:49:22","date_gmt":"2025-08-03T15:49:22","guid":{"rendered":"https:\/\/footballthrift.shop\/?post_type=product&#038;p=89459"},"modified":"2026-03-09T11:27:25","modified_gmt":"2026-03-09T10:27:25","slug":"football-shirt-germany-2008-10-home-xl","status":"publish","type":"product","link":"https:\/\/footballthrift.shop\/en\/koszulka-pilkarska-niemcy-2008-10-home-xl\/","title":{"rendered":"Koszulka pi\u0142karska Niemcy 2008\/10 Home [XL]"},"content":{"rendered":"<p><strong>Team:<\/strong> Germany<\/p>\n<p><strong>Season:<\/strong> 2008\/10 Home<\/p>\n<p><strong>Size: <\/strong>XL<\/p>\n<p><strong>Condition:<\/strong> Very good - one rubbing of the fabric on the side of the shirt and a micro pull at the neck.<\/p>\n<p><strong>Dimensions (underarm width\/length) in cm: <\/strong>60\/81<\/p>","protected":false},"excerpt":{"rendered":"<article class=\"text-token-text-primary w-full focus:outline-none scroll-mt-[calc(var(--header-height)+min(200px,max(70px,20svh)))]\" dir=\"auto\" tabindex=\"-1\" data-testid=\"conversation-turn-86\" data-scroll-anchor=\"true\" data-turn=\"assistant\">\n<div class=\"text-base my-auto mx-auto pb-10 [--thread-content-margin:--spacing(4)] @[37rem]:[--thread-content-margin:--spacing(6)] @[72rem]:[--thread-content-margin:--spacing(16)] px-(--thread-content-margin)\">\n<div class=\"[--thread-content-max-width:32rem] @[34rem]:[--thread-content-max-width:40rem] @[64rem]:[--thread-content-max-width:48rem] mx-auto max-w-(--thread-content-max-width) flex-1 group\/turn-messages focus-visible:outline-hidden relative flex w-full min-w-0 flex-col agent-turn\" tabindex=\"-1\">\n<div class=\"flex max-w-full flex-col grow\">\n<div class=\"min-h-8 text-message relative flex w-full flex-col items-end gap-2 text-start break-words whitespace-normal [.text-message+&amp;]:mt-5\" dir=\"auto\" data-message-author-role=\"assistant\" data-message-id=\"430bc1f2-f357-4c3d-89ce-1fbc81903ebc\" data-message-model-slug=\"gpt-4o\">\n<div class=\"flex w-full flex-col gap-1 empty:hidden first:pt-[3px]\">\n<div class=\"markdown prose dark:prose-invert w-full break-words light\">\n<p data-start=\"0\" data-end=\"546\"><strong data-start=\"0\" data-end=\"108\">Oryginalna koszulka pi\u0142karska reprezentacji Niemiec z lat 2008\u20132010 w wersji domowej \u2013 produkcji Adidas.<\/strong><\/p>\n<p data-start=\"0\" data-end=\"546\"><br data-start=\"108\" data-end=\"111\" \/>Ta <strong data-start=\"114\" data-end=\"166\">oryginalna domowa koszulka reprezentacji Niemiec<\/strong> z lat <strong data-start=\"173\" data-end=\"186\">2008\u20132010<\/strong> to oficjalny model wyprodukowany przez <strong data-start=\"226\" data-end=\"237\">Adidasa<\/strong>, noszony przez kadr\u0119 podczas <strong data-start=\"267\" data-end=\"280\">Euro 2008<\/strong> i eliminacji do <strong data-start=\"297\" data-end=\"314\">Mundialu 2010<\/strong>. Utrzymana w klasycznej <strong data-start=\"339\" data-end=\"361\">bia\u0142ej kolorystyce<\/strong> z czarnymi detalami, koszulka zawiera <strong data-start=\"400\" data-end=\"422\">haftowany herb DFB<\/strong> z trzema gwiazdkami symbolizuj\u0105cymi mistrzostwa \u015bwiata oraz logo Adidasa z charakterystycznymi trzema paskami na ramionach.<\/p>\n<p data-start=\"548\" data-end=\"1052\" data-is-last-node=\"\" data-is-only-node=\"\">Ten egzemplarz wyr\u00f3\u017cnia <strong data-start=\"572\" data-end=\"611\">okoliczno\u015bciowa naszywka pod herbem<\/strong>, przedstawiaj\u0105ca <strong data-start=\"629\" data-end=\"680\">flagi Niemiec i Polski oraz dat\u0119 8 czerwca 2008<\/strong>, upami\u0119tniaj\u0105c\u0105 mecz otwarcia grupy B pomi\u0119dzy tymi dru\u017cynami podczas <strong data-start=\"751\" data-end=\"764\">EURO 2008<\/strong> rozegranego w Klagenfurcie. Koszulka \u0142\u0105czy <strong data-start=\"808\" data-end=\"827\">nowoczesny kr\u00f3j<\/strong> z elementami historycznymi, co nadaje jej wyj\u0105tkowego, kolekcjonerskiego charakteru. Idealna dla fan\u00f3w <strong data-start=\"931\" data-end=\"949\">Die Mannschaft<\/strong>, mi\u0142o\u015bnik\u00f3w turniejowej pi\u0142ki oraz os\u00f3b poszukuj\u0105cych koszulek z autentycznym kontekstem historycznym.<\/p>\n<\/div>\n<\/div>\n<\/div>\n<\/div>\n<\/div>\n<\/div>\n<\/article>\n","protected":false},"featured_media":90409,"template":"","meta":{"_kad_blocks_custom_css":"","_kad_blocks_head_custom_js":"","_kad_blocks_body_custom_js":"","_kad_blocks_footer_custom_js":"","_kad_post_transparent":"default","_kad_post_title":"","_kad_post_layout":"default","_kad_post_sidebar_id":"","_kad_post_content_style":"default","_kad_post_vertical_padding":"default","_kad_post_feature":"","_kad_post_feature_position":"","_kad_post_header":false,"_kad_post_footer":false,"_kad_post_classname":""},"product_brand":[1283],"product_cat":[1477],"product_tag":[],"class_list":{"0":"post-89459","1":"product","2":"type-product","3":"status-publish","4":"has-post-thumbnail","6":"product_brand-adidas","7":"product_cat-reprezentacja-niemiec","8":"pa_homeawaythird-home","9":"pa_rozmiar-xl","11":"first","12":"instock","13":"taxable","14":"shipping-taxable","15":"purchasable","16":"product-type-simple","17":"entry","18":"content-bg","19":"loop-entry"},"taxonomy_info":{"product_brand":[{"value":1283,"label":"Adidas"}],"product_cat":[{"value":1477,"label":"Niemcy"}],"pa_homeawaythird":[{"value":1597,"label":"Home"}],"pa_rozmiar":[{"value":1818,"label":"XL"}]},"featured_image_src_large":["https:\/\/footballthrift.shop\/wp-content\/uploads\/2025\/07\/Photoroom_034_20250801_191221-1024x1024.png",1024,1024,true],"author_info":[],"comment_info":"","_links":{"self":[{"href":"https:\/\/footballthrift.shop\/en\/wp-json\/wp\/v2\/product\/89459","targetHints":{"allow":["GET"]}}],"collection":[{"href":"https:\/\/footballthrift.shop\/en\/wp-json\/wp\/v2\/product"}],"about":[{"href":"https:\/\/footballthrift.shop\/en\/wp-json\/wp\/v2\/types\/product"}],"wp:featuredmedia":[{"embeddable":true,"href":"https:\/\/footballthrift.shop\/en\/wp-json\/wp\/v2\/media\/90409"}],"wp:attachment":[{"href":"https:\/\/footballthrift.shop\/en\/wp-json\/wp\/v2\/media?parent=89459"}],"wp:term":[{"taxonomy":"product_brand","embeddable":true,"href":"https:\/\/footballthrift.shop\/en\/wp-json\/wp\/v2\/product_brand?post=89459"},{"taxonomy":"product_cat","embeddable":true,"href":"https:\/\/footballthrift.shop\/en\/wp-json\/wp\/v2\/product_cat?post=89459"},{"taxonomy":"product_tag","embeddable":true,"href":"https:\/\/footballthrift.shop\/en\/wp-json\/wp\/v2\/product_tag?post=89459"}],"curies":[{"name":"wp","href":"https:\/\/api.w.org\/{rel}","templated":true}]}}