{"id":77065,"date":"2025-05-25T17:27:06","date_gmt":"2025-05-25T15:27:06","guid":{"rendered":"https:\/\/footballthrift.shop\/?post_type=product&#038;p=77065"},"modified":"2026-03-09T11:28:52","modified_gmt":"2026-03-09T10:28:52","slug":"brondby-training-sweatshirt-if-1996-97-s","status":"publish","type":"product","link":"https:\/\/footballthrift.shop\/en\/bluza-treningowa-brondby-if-1996-97-s\/","title":{"rendered":"Bluza treningowa Brondby IF 1996\/97 [S]"},"content":{"rendered":"<p><strong>Team:<\/strong> Brondby IF<\/p>\n<p><strong>Season:<\/strong> 1996\/97<\/p>\n<p><strong>Size: <\/strong>S<\/p>\n<p><strong>Condition:<\/strong> Very good - slightly damaged fabric at bottom of sweatshirt.<\/p>\n<p><strong>Dimensions (underarm width\/length) in cm: <\/strong>57\/66 - the head opening is small.<\/p>","protected":false},"excerpt":{"rendered":"<h6 class=\"sr-only\"><strong style=\"font-size: 16px;\" data-start=\"0\" data-end=\"90\" data-is-only-node=\"\">Oryginalna bawe\u0142niana bluza pi\u0142karska Br\u00f8ndby IF z sezonu 1996\/97 \u2013 produkcji Reeboka.<\/strong><\/h6>\n<p>&nbsp;<\/p>\n<div class=\"text-base my-auto mx-auto pb-10 [--thread-content-margin:--spacing(4)] @[37rem]:[--thread-content-margin:--spacing(6)] @[72rem]:[--thread-content-margin:--spacing(16)] px-(--thread-content-margin)\">\n<div class=\"[--thread-content-max-width:32rem] @[34rem]:[--thread-content-max-width:40rem] @[64rem]:[--thread-content-max-width:48rem] mx-auto max-w-(--thread-content-max-width) flex-1 group\/turn-messages focus-visible:outline-hidden relative flex w-full min-w-0 flex-col agent-turn\" tabindex=\"-1\">\n<div class=\"flex max-w-full flex-col grow\">\n<div class=\"min-h-8 text-message relative flex w-full flex-col items-end gap-2 text-start break-words whitespace-normal [.text-message+&amp;]:mt-5\" dir=\"auto\" data-message-author-role=\"assistant\" data-message-id=\"152f0a0c-10c1-486c-9de2-d2c8c13d9152\" data-message-model-slug=\"gpt-4o\">\n<div class=\"flex w-full flex-col gap-1 empty:hidden first:pt-[3px]\">\n<div class=\"markdown prose dark:prose-invert w-full break-words light\">\n<p data-start=\"0\" data-end=\"484\" data-is-last-node=\"\" data-is-only-node=\"\">Ta <strong data-start=\"96\" data-end=\"137\">oryginalna bluza pi\u0142karska Br\u00f8ndby IF<\/strong> z sezonu <strong data-start=\"147\" data-end=\"158\">1996\/97<\/strong> to klasyczny model treningowy wyprodukowany przez <strong data-start=\"209\" data-end=\"220\">Reeboka<\/strong>, utrzymany w dominuj\u0105cym <strong data-start=\"246\" data-end=\"268\">niebieskim kolorze<\/strong> z charakterystycznymi detalami klubowymi. Wykonana z mi\u0119kkiej <strong data-start=\"331\" data-end=\"342\">bawe\u0142ny<\/strong>, idealnie oddaje styl lat 90. i zapewnia wygod\u0119 noszenia. Doskona\u0142a dla fan\u00f3w <strong data-start=\"421\" data-end=\"442\">du\u0144skiego futbolu<\/strong> i mi\u0142o\u015bnik\u00f3w <strong data-start=\"456\" data-end=\"483\">retro odzie\u017cy sportowej<\/strong>. Kup t\u0119 bluz\u0119 i poczuj prawdziwy drip.<\/p>\n<\/div>\n<\/div>\n<\/div>\n<\/div>\n<\/div>\n<\/div>\n","protected":false},"featured_media":77203,"template":"","meta":{"_kad_blocks_custom_css":"","_kad_blocks_head_custom_js":"","_kad_blocks_body_custom_js":"","_kad_blocks_footer_custom_js":"","_kad_post_transparent":"default","_kad_post_title":"","_kad_post_layout":"default","_kad_post_sidebar_id":"","_kad_post_content_style":"default","_kad_post_vertical_padding":"default","_kad_post_feature":"","_kad_post_feature_position":"","_kad_post_header":false,"_kad_post_footer":false,"_kad_post_classname":""},"product_brand":[1286],"product_cat":[1488,1423],"product_tag":[],"class_list":{"0":"post-77065","1":"product","2":"type-product","3":"status-publish","4":"has-post-thumbnail","6":"product_brand-reebok","7":"product_cat-kluby-skandynawskie","8":"product_cat-kurtkibluzytrening","9":"pa_rozmiar-s","11":"first","12":"instock","13":"taxable","14":"shipping-taxable","15":"purchasable","16":"product-type-simple","17":"entry","18":"content-bg","19":"loop-entry"},"taxonomy_info":{"product_brand":[{"value":1286,"label":"Reebok"}],"product_cat":[{"value":1488,"label":"Skandynawia"},{"value":1423,"label":"Kurtki\/bluzy\/trening"}],"pa_rozmiar":[{"value":1815,"label":"S"}]},"featured_image_src_large":["https:\/\/footballthrift.shop\/wp-content\/uploads\/2025\/05\/Photoroom_052_20250521_104552-1024x1024.png",1024,1024,true],"author_info":[],"comment_info":"","_links":{"self":[{"href":"https:\/\/footballthrift.shop\/en\/wp-json\/wp\/v2\/product\/77065","targetHints":{"allow":["GET"]}}],"collection":[{"href":"https:\/\/footballthrift.shop\/en\/wp-json\/wp\/v2\/product"}],"about":[{"href":"https:\/\/footballthrift.shop\/en\/wp-json\/wp\/v2\/types\/product"}],"wp:featuredmedia":[{"embeddable":true,"href":"https:\/\/footballthrift.shop\/en\/wp-json\/wp\/v2\/media\/77203"}],"wp:attachment":[{"href":"https:\/\/footballthrift.shop\/en\/wp-json\/wp\/v2\/media?parent=77065"}],"wp:term":[{"taxonomy":"product_brand","embeddable":true,"href":"https:\/\/footballthrift.shop\/en\/wp-json\/wp\/v2\/product_brand?post=77065"},{"taxonomy":"product_cat","embeddable":true,"href":"https:\/\/footballthrift.shop\/en\/wp-json\/wp\/v2\/product_cat?post=77065"},{"taxonomy":"product_tag","embeddable":true,"href":"https:\/\/footballthrift.shop\/en\/wp-json\/wp\/v2\/product_tag?post=77065"}],"curies":[{"name":"wp","href":"https:\/\/api.w.org\/{rel}","templated":true}]}}