{"id":76167,"date":"2025-05-11T18:19:40","date_gmt":"2025-05-11T16:19:40","guid":{"rendered":"https:\/\/footballthrift.shop\/?post_type=product&#038;p=76167"},"modified":"2026-03-09T11:28:57","modified_gmt":"2026-03-09T10:28:57","slug":"zaglebie-lubin-2011-12-away-xxl","status":"publish","type":"product","link":"https:\/\/footballthrift.shop\/en\/zaglebie-lubin-2011-12-away-xxl\/","title":{"rendered":"Koszulka pi\u0142karska Zag\u0142\u0119bie Lubin 2011\/12 Away [XXL]"},"content":{"rendered":"<p><strong>Team:<\/strong> Zag\u0142\u0119bie Lubin<\/p>\n<p><strong>Season:<\/strong> 2011\/12 Away<\/p>\n<p><strong>Size: <\/strong>XXL<\/p>\n<p><strong>Condition:<\/strong> Very good - slightly damaged sponsor print on front and two minor soiling.<\/p>\n<p><strong>Dimensions (underarm width\/length) in cm: <\/strong>64\/79<\/p>","protected":false},"excerpt":{"rendered":"<p data-start=\"0\" data-end=\"85\"><strong data-start=\"0\" data-end=\"83\">Original Zag\u0142\u0119bie Lubin football jersey from the 2011\/12 season - produced by Nike.<\/strong><\/p>\n<p data-start=\"87\" data-end=\"490\">This <strong data-start=\"90\" data-end=\"155\">original Zag\u0142\u0119bie Lubin away jersey from the 2011\/12 season<\/strong>produced by <strong data-start=\"177\" data-end=\"185\">Nike<\/strong>, is a stylish model in the characteristic colours of \"Copper\". Maintained in <strong data-start=\"261\" data-end=\"279\">white in colour<\/strong> with distinctive <strong data-start=\"293\" data-end=\"329\">slanted black stripe on the front<\/strong>It features a modern and dynamic design. There is a sponsor imprint in the centre of the jersey. <strong data-start=\"427\" data-end=\"435\">KGHM<\/strong>who has been inextricably linked with the club for many years.<\/p>\n<p data-start=\"492\" data-end=\"786\">On the chest there is a <strong data-start=\"515\" data-end=\"538\">Zag\u0142\u0119bie Lubin coat of arms<\/strong> and logo <strong data-start=\"549\" data-end=\"557\">Nike<\/strong>and the whole is made of a breathable material that provides players with <strong data-start=\"647\" data-end=\"675\">comfort and freedom of movement<\/strong>. The minimalist yet striking design makes the T-shirt look special even years later.<\/p>\n<p data-start=\"788\" data-end=\"1120\">Season <strong data-start=\"794\" data-end=\"805\">2011\/12<\/strong> was the time for Zag\u0142\u0119bie Lubin to play in the <strong data-start=\"842\" data-end=\"858\">Ekstraklasa<\/strong>The team competed for a stable position in the league. The team featured, among others, at the time. <strong data-start=\"954\" data-end=\"1016\">Arkadiusz Wo\u017aniak, Aleksander Kwiek or Michal Papadopulos<\/strong>, and the club focused on building a solid staff based on experience and young alumni.<\/p>\n<p data-start=\"1122\" data-end=\"1308\">This T-shirt is an excellent option for <strong data-start=\"1162\" data-end=\"1212\">collectors of original football attire<\/strong> and <strong data-start=\"1218\" data-end=\"1242\">fans of Zag\u0142\u0119bie Lubin<\/strong>who are looking for a souvenir from the beginning of the second decade of the 21st century.<\/p>","protected":false},"featured_media":76315,"template":"","meta":{"_kad_blocks_custom_css":"","_kad_blocks_head_custom_js":"","_kad_blocks_body_custom_js":"","_kad_blocks_footer_custom_js":"","_kad_post_transparent":"default","_kad_post_title":"","_kad_post_layout":"default","_kad_post_sidebar_id":"","_kad_post_content_style":"default","_kad_post_vertical_padding":"default","_kad_post_feature":"","_kad_post_feature_position":"","_kad_post_header":false,"_kad_post_footer":false,"_kad_post_classname":""},"product_brand":[1284],"product_cat":[1468],"product_tag":[],"class_list":{"0":"post-76167","1":"product","2":"type-product","3":"status-publish","4":"has-post-thumbnail","6":"product_brand-nike","7":"product_cat-pozostale-kluby-polskie","8":"pa_homeawaythird-away","9":"pa_rozmiar-xxl","11":"first","12":"instock","13":"taxable","14":"shipping-taxable","15":"purchasable","16":"product-type-simple","17":"entry","18":"content-bg","19":"loop-entry"},"taxonomy_info":{"product_brand":[{"value":1284,"label":"Nike"}],"product_cat":[{"value":1468,"label":"Pozosta\u0142e kluby polskie"}],"pa_homeawaythird":[{"value":1598,"label":"Away"}],"pa_rozmiar":[{"value":1819,"label":"XXL"}]},"featured_image_src_large":["https:\/\/footballthrift.shop\/wp-content\/uploads\/2025\/05\/Photoroom_076_20250510_214825-1024x1024.png",1024,1024,true],"author_info":[],"comment_info":"","_links":{"self":[{"href":"https:\/\/footballthrift.shop\/en\/wp-json\/wp\/v2\/product\/76167","targetHints":{"allow":["GET"]}}],"collection":[{"href":"https:\/\/footballthrift.shop\/en\/wp-json\/wp\/v2\/product"}],"about":[{"href":"https:\/\/footballthrift.shop\/en\/wp-json\/wp\/v2\/types\/product"}],"wp:featuredmedia":[{"embeddable":true,"href":"https:\/\/footballthrift.shop\/en\/wp-json\/wp\/v2\/media\/76315"}],"wp:attachment":[{"href":"https:\/\/footballthrift.shop\/en\/wp-json\/wp\/v2\/media?parent=76167"}],"wp:term":[{"taxonomy":"product_brand","embeddable":true,"href":"https:\/\/footballthrift.shop\/en\/wp-json\/wp\/v2\/product_brand?post=76167"},{"taxonomy":"product_cat","embeddable":true,"href":"https:\/\/footballthrift.shop\/en\/wp-json\/wp\/v2\/product_cat?post=76167"},{"taxonomy":"product_tag","embeddable":true,"href":"https:\/\/footballthrift.shop\/en\/wp-json\/wp\/v2\/product_tag?post=76167"}],"curies":[{"name":"wp","href":"https:\/\/api.w.org\/{rel}","templated":true}]}}