{"id":76158,"date":"2025-05-11T18:19:44","date_gmt":"2025-05-11T16:19:44","guid":{"rendered":"https:\/\/footballthrift.shop\/?post_type=product&#038;p=76158"},"modified":"2026-03-09T11:28:57","modified_gmt":"2026-03-09T10:28:57","slug":"tottenham-hotspur-fc-1991-94-away-xl","status":"publish","type":"product","link":"https:\/\/footballthrift.shop\/en\/tottenham-hotspur-fc-1991-94-away-xl\/","title":{"rendered":"Koszulka pi\u0142karska Tottenham Hotspur FC 1991\/94 Away [XL]"},"content":{"rendered":"<p><strong>Team:<\/strong> Tottenham Hotspur FC<\/p>\n<p><strong>Season:<\/strong> 1991\/94 Away<\/p>\n<p><strong>Size: <\/strong>XL<\/p>\n<p><strong>Condition:<\/strong> Excellent<\/p>\n<p><strong>Dimensions (underarm width\/length) in cm: <\/strong>62\/76<\/p>","protected":false},"excerpt":{"rendered":"<article class=\"text-token-text-primary w-full focus:outline-none scroll-mt-[calc(var(--header-height)+min(200px,max(70px,20svh)))]\" dir=\"auto\" tabindex=\"-1\" data-turn-id=\"febe32aa-a650-47f8-b9c9-74d1b4f68fd6\" data-testid=\"conversation-turn-38\" data-scroll-anchor=\"true\" data-turn=\"assistant\">\n<div class=\"text-base my-auto mx-auto pb-10 [--thread-content-margin:--spacing(4)] @[37rem]:[--thread-content-margin:--spacing(6)] @[72rem]:[--thread-content-margin:--spacing(16)] px-(--thread-content-margin)\">\n<div class=\"[--thread-content-max-width:32rem] @[34rem]:[--thread-content-max-width:40rem] @[64rem]:[--thread-content-max-width:48rem] mx-auto max-w-(--thread-content-max-width) flex-1 group\/turn-messages focus-visible:outline-hidden relative flex w-full min-w-0 flex-col agent-turn\" tabindex=\"-1\">\n<div class=\"flex max-w-full flex-col grow\">\n<div class=\"min-h-8 text-message relative flex w-full flex-col items-end gap-2 text-start break-words whitespace-normal [.text-message+&amp;]:mt-5\" dir=\"auto\" data-message-author-role=\"assistant\" data-message-id=\"730ecb29-413a-400b-952e-8abd60a1f589\" data-message-model-slug=\"gpt-5-mini\">\n<div class=\"flex w-full flex-col gap-1 empty:hidden first:pt-[3px]\">\n<div class=\"markdown prose dark:prose-invert w-full break-words light markdown-new-styling\">\n<p data-start=\"0\" data-end=\"92\"><strong data-start=\"0\" data-end=\"92\">Oryginalna wyjazdowa koszulka pi\u0142karska Tottenham Hotspur z lat 1991-94 produkcji Umbro.<\/strong><\/p>\n<p data-start=\"94\" data-end=\"540\">Ta <strong data-start=\"97\" data-end=\"140\">oryginalna wyjazdowa koszulka pi\u0142karska<\/strong> <strong data-start=\"141\" data-end=\"162\">Tottenham Hotspur<\/strong> z lat 1991-94, wyprodukowana przez <strong data-start=\"198\" data-end=\"207\">Umbro<\/strong>, to klasyczny model z pocz\u0105tku lat 90., kt\u00f3ry doskonale oddaje ducha angielskiego futbolu tamtej epoki. Koszulka wyr\u00f3\u017cnia si\u0119 intensywnym <strong data-start=\"346\" data-end=\"356\">\u017c\u00f3\u0142tym<\/strong> kolorem, uzupe\u0142nionym <strong data-start=\"379\" data-end=\"407\">granatowym ko\u0142nierzykiem<\/strong> oraz subtelnymi <strong data-start=\"424\" data-end=\"448\">b\u0142\u0119kitnymi akcentami<\/strong>, tworz\u0105c wyrazisty i rozpoznawalny design, charakterystyczny dla wyjazdowych stroj\u00f3w klubu.<\/p>\n<p data-start=\"542\" data-end=\"860\">Na piersi znajduje si\u0119 <strong data-start=\"565\" data-end=\"601\">\u00a0herb Tottenhamu Hotspur<\/strong>, symbolizuj\u0105cy dum\u0119 i histori\u0119 klubu, a tak\u017ce <strong data-start=\"648\" data-end=\"662\">logo Umbro<\/strong>, gwarantuj\u0105ce autentyczno\u015b\u0107 produktu. <strong data-start=\"701\" data-end=\"721\">Granatowe detale<\/strong> na ko\u0142nierzyku oraz <strong data-start=\"742\" data-end=\"766\">b\u0142\u0119kitne wyko\u0144czenia<\/strong> nadaj\u0105 koszulce sportowego charakteru, zachowuj\u0105c przy tym elegancj\u0119 i klasyczny styl lat 90.<\/p>\n<p data-start=\"862\" data-end=\"1160\">Koszulka zosta\u0142a wykonana z lekkiego, przewiewnego materia\u0142u, kt\u00f3ry zapewnia <strong data-start=\"939\" data-end=\"950\">komfort<\/strong> i <strong data-start=\"953\" data-end=\"969\">oddychalno\u015b\u0107<\/strong>, co sprawia, \u017ce idealnie nadaje si\u0119 zar\u00f3wno do gry, jak i do codziennego noszenia. Jej klasyczny kr\u00f3j i wyrazista kolorystyka czyni\u0105 j\u0105 prawdziwym symbolem ery w historii <strong>Spurs<\/strong>.<\/p>\n<p data-start=\"1162\" data-end=\"1560\">W latach 1991-94 dru\u017cyn\u0119 prowadzi\u0142o kilku znacz\u0105cych trener\u00f3w, a w sk\u0142adzie znajdowali si\u0119 tacy zawodnicy jak <strong data-start=\"1272\" data-end=\"1292\">Gareth Southgate<\/strong>, <strong data-start=\"1294\" data-end=\"1312\">Paul Gascoigne<\/strong> czy <strong data-start=\"1317\" data-end=\"1333\">Gary Lineker<\/strong>, kt\u00f3rzy stanowili o sile zespo\u0142u i zapisali si\u0119 w pami\u0119ci kibic\u00f3w. Koszulka ta by\u0142a \u015bwiadkiem rywalizacji w <strong data-start=\"1442\" data-end=\"1472\">angielskiej First Division<\/strong> oraz w europejskich rozgrywkach, co nadaje jej wyj\u0105tkowego znaczenia kolekcjonerskiego.<\/p>\n<p data-start=\"1562\" data-end=\"1848\" data-is-last-node=\"\" data-is-only-node=\"\">Dla <strong data-start=\"1566\" data-end=\"1593\">fan\u00f3w Tottenham Hotspur<\/strong>, <strong data-start=\"1595\" data-end=\"1627\">kibic\u00f3w angielskiego futbolu<\/strong> i <strong data-start=\"1630\" data-end=\"1668\">kolekcjoner\u00f3w koszulek pi\u0142karskich<\/strong>, ta koszulka jest prawdziw\u0105 pere\u0142k\u0105. <strong data-start=\"1706\" data-end=\"1720\">Oryginalna<\/strong>, <strong data-start=\"1722\" data-end=\"1737\">autentyczna<\/strong> i pe\u0142na historii \u2013 idealna do kolekcji lub jako wyj\u0105tkowy element garderoby, kt\u00f3ry przypomina z\u0142ot\u0105 er\u0119 klubu.<\/p>\n<\/div>\n<\/div>\n<\/div>\n<\/div>\n<\/div>\n<\/div>\n<\/article>\n","protected":false},"featured_media":76280,"template":"","meta":{"_kad_blocks_custom_css":"","_kad_blocks_head_custom_js":"","_kad_blocks_body_custom_js":"","_kad_blocks_footer_custom_js":"","_kad_post_transparent":"default","_kad_post_title":"","_kad_post_layout":"default","_kad_post_sidebar_id":"","_kad_post_content_style":"default","_kad_post_vertical_padding":"default","_kad_post_feature":"","_kad_post_feature_position":"","_kad_post_header":false,"_kad_post_footer":false,"_kad_post_classname":""},"product_brand":[1285],"product_cat":[1481],"product_tag":[],"class_list":{"0":"post-76158","1":"product","2":"type-product","3":"status-publish","4":"has-post-thumbnail","6":"product_brand-umbro","7":"product_cat-tottenham","8":"pa_homeawaythird-away","9":"pa_rozmiar-xl","11":"first","12":"instock","13":"taxable","14":"shipping-taxable","15":"purchasable","16":"product-type-simple","17":"entry","18":"content-bg","19":"loop-entry"},"taxonomy_info":{"product_brand":[{"value":1285,"label":"Umbro"}],"product_cat":[{"value":1481,"label":"Tottenham Hotspur FC"}],"pa_homeawaythird":[{"value":1598,"label":"Away"}],"pa_rozmiar":[{"value":1818,"label":"XL"}]},"featured_image_src_large":["https:\/\/footballthrift.shop\/wp-content\/uploads\/2025\/05\/Photoroom_056_20250510_214825-1024x1024.png",1024,1024,true],"author_info":[],"comment_info":"","_links":{"self":[{"href":"https:\/\/footballthrift.shop\/en\/wp-json\/wp\/v2\/product\/76158","targetHints":{"allow":["GET"]}}],"collection":[{"href":"https:\/\/footballthrift.shop\/en\/wp-json\/wp\/v2\/product"}],"about":[{"href":"https:\/\/footballthrift.shop\/en\/wp-json\/wp\/v2\/types\/product"}],"wp:featuredmedia":[{"embeddable":true,"href":"https:\/\/footballthrift.shop\/en\/wp-json\/wp\/v2\/media\/76280"}],"wp:attachment":[{"href":"https:\/\/footballthrift.shop\/en\/wp-json\/wp\/v2\/media?parent=76158"}],"wp:term":[{"taxonomy":"product_brand","embeddable":true,"href":"https:\/\/footballthrift.shop\/en\/wp-json\/wp\/v2\/product_brand?post=76158"},{"taxonomy":"product_cat","embeddable":true,"href":"https:\/\/footballthrift.shop\/en\/wp-json\/wp\/v2\/product_cat?post=76158"},{"taxonomy":"product_tag","embeddable":true,"href":"https:\/\/footballthrift.shop\/en\/wp-json\/wp\/v2\/product_tag?post=76158"}],"curies":[{"name":"wp","href":"https:\/\/api.w.org\/{rel}","templated":true}]}}