{"id":70740,"date":"2025-04-05T17:57:19","date_gmt":"2025-04-05T15:57:19","guid":{"rendered":"https:\/\/footballthrift.shop\/?post_type=product&#038;p=70740"},"modified":"2026-03-09T11:29:37","modified_gmt":"2026-03-09T10:29:37","slug":"borussia-monchengladbach-2018-19-third-37-bennetts-s","status":"publish","type":"product","link":"https:\/\/footballthrift.shop\/en\/borussia-monchengladbach-2018-19-third-37-bennetts-s\/","title":{"rendered":"Koszulka pi\u0142karska Borussia Monchengladbach 2018\/19 Third 37 Bennetts [S]"},"content":{"rendered":"<p><strong>Team:<\/strong> Borussia Monchengladbach<\/p>\n<p><strong>Season:<\/strong> 2018\/19 Third<\/p>\n<p><strong>Size: <\/strong>S<\/p>\n<p><strong>Condition:<\/strong> Excellent<\/p>\n<p><strong>Dimensions (underarm width\/length) in cm: <\/strong>48\/67<\/p>","protected":false},"excerpt":{"rendered":"<article class=\"text-token-text-primary w-full focus:outline-none [--shadow-height:45px] has-data-writing-block:pointer-events-none has-data-writing-block:-mt-(--shadow-height) has-data-writing-block:pt-(--shadow-height) [&amp;:has([data-writing-block])&gt;*]:pointer-events-auto [content-visibility:auto] supports-[content-visibility:auto]:[contain-intrinsic-size:auto_100lvh] scroll-mt-[calc(var(--header-height)+min(200px,max(70px,20svh)))]\" dir=\"auto\" tabindex=\"-1\" data-turn-id=\"request-68e7ba2f-f020-832b-8c95-839062483b95-11\" data-testid=\"conversation-turn-46\" data-scroll-anchor=\"true\" data-turn=\"assistant\">\n<div class=\"text-base my-auto mx-auto pb-10 [--thread-content-margin:--spacing(4)] thread-sm:[--thread-content-margin:--spacing(6)] thread-lg:[--thread-content-margin:--spacing(16)] px-(--thread-content-margin)\">\n<div class=\"[--thread-content-max-width:40rem] thread-lg:[--thread-content-max-width:48rem] mx-auto max-w-(--thread-content-max-width) flex-1 group\/turn-messages focus-visible:outline-hidden relative flex w-full min-w-0 flex-col agent-turn\" tabindex=\"-1\">\n<div class=\"flex max-w-full flex-col grow\">\n<div class=\"min-h-8 text-message relative flex w-full flex-col items-end gap-2 text-start break-words whitespace-normal [.text-message+&amp;]:mt-1\" dir=\"auto\" data-message-author-role=\"assistant\" data-message-id=\"4ba29741-f262-44d0-8d49-e8fb33cfe3d5\" data-message-model-slug=\"gpt-5\">\n<div class=\"flex w-full flex-col gap-1 empty:hidden first:pt-[1px]\">\n<div class=\"markdown prose dark:prose-invert w-full break-words light markdown-new-styling\">\n<p data-start=\"0\" data-end=\"103\"><strong data-start=\"0\" data-end=\"101\">Oryginalna trzecia koszulka pi\u0142karska Borussii M\u00f6nchengladbach z sezonu 2018\/19 \u2013 produkcji Pumy.\u00a0<\/strong><\/p>\n<p data-start=\"105\" data-end=\"423\">Ta <strong data-start=\"108\" data-end=\"166\">oryginalna koszulka pi\u0142karska Borussii M\u00f6nchengladbach<\/strong> w rozmiarze S to model z alternatywnego, trzeciego kompletu meczowego z sezonu 2018\/19, zaprojektowany przez <strong data-start=\"276\" data-end=\"284\">Pum\u0119<\/strong>. Projekt wyr\u00f3\u017cnia si\u0119 odwa\u017cn\u0105 kolorystyk\u0105 i nowoczesnym wygl\u0105dem, \u0142\u0105cz\u0105cym tradycj\u0119 z charakterystycznym stylem niemieckiego producenta.<\/p>\n<p data-start=\"425\" data-end=\"967\">Koszulka utrzymana jest w <strong data-start=\"451\" data-end=\"471\">zielonym kolorze<\/strong>, kt\u00f3ry nawi\u0105zuje do historycznych barw klubu, a jednocze\u015bnie nadaje ca\u0142o\u015bci \u015bwie\u017cego, dynamicznego charakteru. Na froncie widnieje <strong data-start=\"603\" data-end=\"631\">nadruk sponsora Postbank<\/strong>, a na prawym r\u0119kawku umieszczono <strong data-start=\"664\" data-end=\"695\">oryginalny patch Bundesligi<\/strong>, potwierdzaj\u0105cy autentyczno\u015b\u0107 tego modelu. Ty\u0142 koszulki zdobi <strong data-start=\"764\" data-end=\"792\">nadruk Keanana Bennettsa<\/strong>, co czyni ten egzemplarz wyj\u0105tkowym i kolekcjonerskim. Ca\u0142o\u015b\u0107 uzupe\u0142nia <strong data-start=\"865\" data-end=\"898\">herb Borussii M\u00f6nchengladbach<\/strong> oraz <strong data-start=\"904\" data-end=\"917\">logo Pumy<\/strong> rozmieszczone w klasyczny, zr\u00f3wnowa\u017cony spos\u00f3b.<\/p>\n<p data-start=\"969\" data-end=\"1143\">Model wykonano z <strong data-start=\"986\" data-end=\"1032\">lekkiego, oddychaj\u0105cego materia\u0142u Dry Cell<\/strong>, kt\u00f3ry gwarantuje wygod\u0119, odprowadzanie wilgoci i komfort noszenia \u2013 zar\u00f3wno podczas gry, jak i na co dzie\u0144.<\/p>\n<p data-start=\"1145\" data-end=\"1391\" data-is-last-node=\"\" data-is-only-node=\"\">To idealna propozycja dla <strong data-start=\"1171\" data-end=\"1205\">fan\u00f3w Borussii M\u00f6nchengladbach<\/strong>, <strong data-start=\"1207\" data-end=\"1263\">kolekcjoner\u00f3w oryginalnych koszulek pi\u0142karskich Pumy<\/strong> oraz mi\u0142o\u015bnik\u00f3w <strong data-start=\"1280\" data-end=\"1304\">niemieckiego futbolu<\/strong>, kt\u00f3rzy ceni\u0105 unikalne projekty \u0142\u0105cz\u0105ce funkcjonalno\u015b\u0107 z autentycznym klubowym stylem.<\/p>\n<\/div>\n<\/div>\n<\/div>\n<\/div>\n<\/div>\n<\/div>\n<\/article>\n","protected":false},"featured_media":71108,"template":"","meta":{"_kad_blocks_custom_css":"","_kad_blocks_head_custom_js":"","_kad_blocks_body_custom_js":"","_kad_blocks_footer_custom_js":"","_kad_post_transparent":"default","_kad_post_title":"","_kad_post_layout":"default","_kad_post_sidebar_id":"","_kad_post_content_style":"default","_kad_post_vertical_padding":"default","_kad_post_feature":"","_kad_post_feature_position":"","_kad_post_header":false,"_kad_post_footer":false,"_kad_post_classname":""},"product_brand":[1287],"product_cat":[1449],"product_tag":[],"class_list":{"0":"post-70740","1":"product","2":"type-product","3":"status-publish","4":"has-post-thumbnail","6":"product_brand-puma","7":"product_cat-kluby-niemieckie-borussiamonchengladbach","8":"pa_homeawaythird-third","9":"pa_rozmiar-s","11":"first","12":"instock","13":"taxable","14":"shipping-taxable","15":"purchasable","16":"product-type-simple","17":"entry","18":"content-bg","19":"loop-entry"},"taxonomy_info":{"product_brand":[{"value":1287,"label":"Puma"}],"product_cat":[{"value":1449,"label":"Borussia M\u00f6nchengladbach"}],"pa_homeawaythird":[{"value":1599,"label":"Third"}],"pa_rozmiar":[{"value":1815,"label":"S"}]},"featured_image_src_large":["https:\/\/footballthrift.shop\/wp-content\/uploads\/2025\/04\/Photoroom_075_20250401_204322-1024x1024.png",1024,1024,true],"author_info":[],"comment_info":"","_links":{"self":[{"href":"https:\/\/footballthrift.shop\/en\/wp-json\/wp\/v2\/product\/70740","targetHints":{"allow":["GET"]}}],"collection":[{"href":"https:\/\/footballthrift.shop\/en\/wp-json\/wp\/v2\/product"}],"about":[{"href":"https:\/\/footballthrift.shop\/en\/wp-json\/wp\/v2\/types\/product"}],"wp:featuredmedia":[{"embeddable":true,"href":"https:\/\/footballthrift.shop\/en\/wp-json\/wp\/v2\/media\/71108"}],"wp:attachment":[{"href":"https:\/\/footballthrift.shop\/en\/wp-json\/wp\/v2\/media?parent=70740"}],"wp:term":[{"taxonomy":"product_brand","embeddable":true,"href":"https:\/\/footballthrift.shop\/en\/wp-json\/wp\/v2\/product_brand?post=70740"},{"taxonomy":"product_cat","embeddable":true,"href":"https:\/\/footballthrift.shop\/en\/wp-json\/wp\/v2\/product_cat?post=70740"},{"taxonomy":"product_tag","embeddable":true,"href":"https:\/\/footballthrift.shop\/en\/wp-json\/wp\/v2\/product_tag?post=70740"}],"curies":[{"name":"wp","href":"https:\/\/api.w.org\/{rel}","templated":true}]}}