{"id":65400,"date":"2025-02-13T18:11:52","date_gmt":"2025-02-13T17:11:52","guid":{"rendered":"https:\/\/footballthrift.shop\/?post_type=product&#038;p=65400"},"modified":"2026-03-09T11:29:53","modified_gmt":"2026-03-09T10:29:53","slug":"chelsea-fc-2017-18-third-6-drinkwater-s","status":"publish","type":"product","link":"https:\/\/footballthrift.shop\/en\/chelsea-fc-2017-18-third-6-drinkwater-s\/","title":{"rendered":"Koszulka pi\u0142karska Chelsea FC 2017\/18 Third 6 Drinkwater [S]"},"content":{"rendered":"<p><strong>Team:<\/strong> Chelsea FC<\/p>\n<p><strong>Season:<\/strong> 2017\/18 Third<\/p>\n<p><strong>Size: <\/strong>S<\/p>\n<p><strong>Condition:<\/strong> Excellent<\/p>\n<p><strong>Dimensions (underarm width\/length) in cm: <\/strong>47\/69<\/p>","protected":false},"excerpt":{"rendered":"<article class=\"text-token-text-primary w-full focus:outline-none [--shadow-height:45px] has-data-writing-block:pointer-events-none has-data-writing-block:-mt-(--shadow-height) has-data-writing-block:pt-(--shadow-height) [&amp;:has([data-writing-block])&gt;*]:pointer-events-auto scroll-mt-[calc(var(--header-height)+min(200px,max(70px,20svh)))]\" dir=\"auto\" tabindex=\"-1\" data-turn-id=\"303894d5-46dd-4624-aaff-ef31e5e75ade\" data-testid=\"conversation-turn-118\" data-scroll-anchor=\"true\" data-turn=\"assistant\">\n<div class=\"text-base my-auto mx-auto pb-10 [--thread-content-margin:--spacing(4)] @w-sm\/main:[--thread-content-margin:--spacing(6)] @w-lg\/main:[--thread-content-margin:--spacing(16)] px-(--thread-content-margin)\">\n<div class=\"[--thread-content-max-width:40rem] @w-lg\/main:[--thread-content-max-width:48rem] mx-auto max-w-(--thread-content-max-width) flex-1 group\/turn-messages focus-visible:outline-hidden relative flex w-full min-w-0 flex-col agent-turn\" tabindex=\"-1\">\n<div class=\"flex max-w-full flex-col grow\">\n<div class=\"min-h-8 text-message relative flex w-full flex-col items-end gap-2 text-start break-words whitespace-normal [.text-message+&amp;]:mt-1\" dir=\"auto\" data-message-author-role=\"assistant\" data-message-id=\"6c246a53-fb0a-46d8-ac9a-ef7c40e8d9ba\" data-message-model-slug=\"gpt-5-1\">\n<div class=\"flex w-full flex-col gap-1 empty:hidden first:pt-[1px]\">\n<div class=\"markdown prose dark:prose-invert w-full break-words light markdown-new-styling\">\n<p data-start=\"0\" data-end=\"120\"><strong data-start=\"0\" data-end=\"120\">Oryginalna trzecia koszulka pi\u0142karska Chelsea FC z sezonu 2017\/18 produkcji Nike, z nadrukiem Danny\u2019ego Drinkwatera.\u00a0<\/strong><\/p>\n<p data-start=\"122\" data-end=\"756\">Ta oryginalna trzecia <strong data-start=\"144\" data-end=\"166\">koszulka pi\u0142karska<\/strong> <strong data-start=\"167\" data-end=\"208\"><span class=\"hover:entity-accent entity-underline inline cursor-pointer align-baseline\"><span class=\"whitespace-normal\">Chelsea FC<\/span><\/span><\/strong> z sezonu <strong data-start=\"218\" data-end=\"229\">2017\/18<\/strong>, wyprodukowana przez <strong data-start=\"251\" data-end=\"292\"><span class=\"hover:entity-accent entity-underline inline cursor-pointer align-baseline\"><span class=\"whitespace-normal\">Nike<\/span><\/span><\/strong> w rozmiarze <strong data-start=\"305\" data-end=\"310\">S<\/strong>, to nowoczesny model, kt\u00f3ry wyr\u00f3\u017cnia si\u0119 stonowan\u0105 estetyk\u0105 i detalami charakterystycznymi dla wyst\u0119p\u00f3w The Blues w europejskich pucharach. Utrzymana w eleganckim <strong data-start=\"474\" data-end=\"498\">ciemnoszarym kolorze<\/strong>, prezentuje subtelny <strong data-start=\"520\" data-end=\"541\">geometryczny wz\u00f3r<\/strong> na froncie, nadaj\u0105cy koszulce g\u0142\u0119bi i wyj\u0105tkowego charakteru. To egzemplarz wzbogacony o oryginalne emblematy <strong data-start=\"652\" data-end=\"693\"><span class=\"hover:entity-accent entity-underline inline cursor-pointer align-baseline\"><span class=\"whitespace-normal\">UEFA Champions League<\/span><\/span><\/strong> na r\u0119kawkach oraz nadruk pucharowy <strong data-start=\"719\" data-end=\"744\">Danny\u2019ego Drinkwatera<\/strong> na plecach.<\/p>\n<p data-start=\"758\" data-end=\"1230\">Wyj\u0105tkow\u0105 cech\u0105 tego modelu s\u0105 <strong data-start=\"789\" data-end=\"809\">turkusowe detale<\/strong>, kt\u00f3re nadaj\u0105 koszulce nowoczesny, wyrazisty akcent. <strong data-start=\"863\" data-end=\"895\">Turkusowe paski na r\u0119kawkach<\/strong>, logo Nike w tym samym kolorze oraz numer i nazwisko zawodnika tworz\u0105 sp\u00f3jn\u0105, dynamiczn\u0105 kompozycj\u0119. Front uzupe\u0142nia charakterystyczny nadruk sponsora <strong data-start=\"1047\" data-end=\"1088\"><span class=\"hover:entity-accent entity-underline inline cursor-pointer align-baseline\"><span class=\"whitespace-normal\">Yokohama Tyres<\/span><\/span><\/strong>, doskonale kontrastuj\u0105cy z ciemn\u0105 kolorystyk\u0105 bazow\u0105. Herb Chelsea oraz pozosta\u0142e elementy rozmieszczono w klasycznym, przejrzystym uk\u0142adzie.<\/p>\n<p data-start=\"1232\" data-end=\"1544\">Koszulka wykonana zosta\u0142a z <strong data-start=\"1260\" data-end=\"1296\">lekkiego, przewiewnego materia\u0142u<\/strong>, zapewniaj\u0105cego komfort podczas intensywnego wysi\u0142ku oraz codziennego u\u017cytkowania. Dopasowany kr\u00f3j w rozmiarze S gwarantuje wygod\u0119 i pe\u0142n\u0105 swobod\u0119 ruch\u00f3w, co czyni model praktycznym, a jednocze\u015bnie estetycznym i dobrze uk\u0142adaj\u0105cym si\u0119 na sylwetce.<\/p>\n<p data-start=\"1546\" data-end=\"1818\">To koszulka z sezonu, w kt\u00f3rym Chelsea rywalizowa\u0142a w Lidze Mistrz\u00f3w, co podkre\u015blaj\u0105 oficjalne emblematy na r\u0119kawach. Obecno\u015b\u0107 nazwiska <strong data-start=\"1682\" data-end=\"1697\">Drinkwatera<\/strong> dodaje jej kolekcjonerskiego charakteru, nawi\u0105zuj\u0105c do okresu, w kt\u00f3rym zawodnik, kojarz\u0105cy si\u0119 z byciem jednym z najgorszych transfer\u00f3w w historii <strong>The Blues<\/strong>, reprezentowa\u0142 barwy londy\u0144skiego klubu.<\/p>\n<p data-start=\"1820\" data-end=\"2106\" data-is-last-node=\"\" data-is-only-node=\"\">To idealna propozycja dla kolekcjoner\u00f3w oraz fan\u00f3w The Blues, kt\u00f3rzy chc\u0105 posiada\u0107 <strong data-start=\"1903\" data-end=\"1960\">oryginaln\u0105 trzeci\u0105 koszulk\u0119 pi\u0142karsk\u0105 Chelsea 2017\/18<\/strong>, wyr\u00f3\u017cniaj\u0105c\u0105 si\u0119 eleganck\u0105 <strong data-start=\"1989\" data-end=\"2009\">ciemnoszar\u0105 baz\u0105<\/strong>, nowoczesnymi <strong data-start=\"2024\" data-end=\"2049\">turkusowymi akcentami<\/strong>, subtelnym wzorem oraz autentycznymi detalami meczowymi.<\/p>\n<\/div>\n<\/div>\n<\/div>\n<\/div>\n<\/div>\n<\/div>\n<\/article>\n","protected":false},"featured_media":65467,"template":"","meta":{"_kad_blocks_custom_css":"","_kad_blocks_head_custom_js":"","_kad_blocks_body_custom_js":"","_kad_blocks_footer_custom_js":"","_kad_post_transparent":"default","_kad_post_title":"","_kad_post_layout":"default","_kad_post_sidebar_id":"","_kad_post_content_style":"default","_kad_post_vertical_padding":"default","_kad_post_feature":"","_kad_post_feature_position":"","_kad_post_header":false,"_kad_post_footer":false,"_kad_post_classname":""},"product_brand":[1284],"product_cat":[1444],"product_tag":[],"class_list":{"0":"post-65400","1":"product","2":"type-product","3":"status-publish","4":"has-post-thumbnail","6":"product_brand-nike","7":"product_cat-chelsea","8":"pa_homeawaythird-third","9":"pa_rozmiar-s","11":"first","12":"instock","13":"taxable","14":"shipping-taxable","15":"purchasable","16":"product-type-simple","17":"entry","18":"content-bg","19":"loop-entry"},"taxonomy_info":{"product_brand":[{"value":1284,"label":"Nike"}],"product_cat":[{"value":1444,"label":"Chelsea FC"}],"pa_homeawaythird":[{"value":1599,"label":"Third"}],"pa_rozmiar":[{"value":1815,"label":"S"}]},"featured_image_src_large":["https:\/\/footballthrift.shop\/wp-content\/uploads\/2025\/02\/Photoroom_041_20250207_200945-1024x1024.png",1024,1024,true],"author_info":[],"comment_info":"","_links":{"self":[{"href":"https:\/\/footballthrift.shop\/en\/wp-json\/wp\/v2\/product\/65400","targetHints":{"allow":["GET"]}}],"collection":[{"href":"https:\/\/footballthrift.shop\/en\/wp-json\/wp\/v2\/product"}],"about":[{"href":"https:\/\/footballthrift.shop\/en\/wp-json\/wp\/v2\/types\/product"}],"wp:featuredmedia":[{"embeddable":true,"href":"https:\/\/footballthrift.shop\/en\/wp-json\/wp\/v2\/media\/65467"}],"wp:attachment":[{"href":"https:\/\/footballthrift.shop\/en\/wp-json\/wp\/v2\/media?parent=65400"}],"wp:term":[{"taxonomy":"product_brand","embeddable":true,"href":"https:\/\/footballthrift.shop\/en\/wp-json\/wp\/v2\/product_brand?post=65400"},{"taxonomy":"product_cat","embeddable":true,"href":"https:\/\/footballthrift.shop\/en\/wp-json\/wp\/v2\/product_cat?post=65400"},{"taxonomy":"product_tag","embeddable":true,"href":"https:\/\/footballthrift.shop\/en\/wp-json\/wp\/v2\/product_tag?post=65400"}],"curies":[{"name":"wp","href":"https:\/\/api.w.org\/{rel}","templated":true}]}}