{"id":62253,"date":"2025-02-13T18:07:16","date_gmt":"2025-02-13T17:07:16","guid":{"rendered":"https:\/\/footballthrift.shop\/?post_type=product&#038;p=62253"},"modified":"2026-05-01T10:26:13","modified_gmt":"2026-05-01T08:26:13","slug":"liverpool-fc-1998-00-home-11-redknapp-xxl","status":"publish","type":"product","link":"https:\/\/footballthrift.shop\/en\/liverpool-fc-1998-00-home-11-redknapp-xxl\/","title":{"rendered":"Koszulka pi\u0142karska Liverpool FC 1998\/00 Home 11 Redknapp [XXL]"},"content":{"rendered":"<p><strong>Team:<\/strong> Liverpool FC<\/p>\n<p><strong>Season:<\/strong> 1998\/00 Home<\/p>\n<p><strong>Size: <\/strong>XXL<\/p>\n<p><strong>Condition:<\/strong> Very good - slight soiling to sponsor print on front.<\/p>\n<p><strong>Dimensions (underarm width\/length) in cm: <\/strong>65\/77<\/p>","protected":false},"excerpt":{"rendered":"<div class=\"flex flex-col text-sm pb-25\">\n<article class=\"text-token-text-primary w-full focus:outline-none [--shadow-height:45px] has-data-writing-block:pointer-events-none has-data-writing-block:-mt-(--shadow-height) has-data-writing-block:pt-(--shadow-height) [&amp;:has([data-writing-block])&gt;*]:pointer-events-auto scroll-mt-[calc(var(--header-height)+min(200px,max(70px,20svh)))]\" dir=\"auto\" tabindex=\"-1\" data-turn-id=\"4fdbe0f1-8578-4306-a6df-7f3ff644b75e\" data-testid=\"conversation-turn-14\" data-scroll-anchor=\"true\" data-turn=\"assistant\">\n<div class=\"text-base my-auto mx-auto pb-10 [--thread-content-margin:--spacing(4)] @w-sm\/main:[--thread-content-margin:--spacing(6)] @w-lg\/main:[--thread-content-margin:--spacing(16)] px-(--thread-content-margin)\">\n<div class=\"[--thread-content-max-width:40rem] @w-lg\/main:[--thread-content-max-width:48rem] mx-auto max-w-(--thread-content-max-width) flex-1 group\/turn-messages focus-visible:outline-hidden relative flex w-full min-w-0 flex-col agent-turn\" tabindex=\"-1\">\n<div class=\"flex max-w-full flex-col grow\">\n<div class=\"min-h-8 text-message relative flex w-full flex-col items-end gap-2 text-start break-words whitespace-normal [.text-message+&amp;]:mt-1\" dir=\"auto\" data-message-author-role=\"assistant\" data-message-id=\"16afaa21-adc1-4de8-8fff-7e83716ce261\" data-message-model-slug=\"gpt-5-2\">\n<div class=\"flex w-full flex-col gap-1 empty:hidden first:pt-[1px]\">\n<div class=\"markdown prose dark:prose-invert w-full break-words light markdown-new-styling\">\n<p data-start=\"0\" data-end=\"86\"><strong data-start=\"0\" data-end=\"86\">Oryginalna domowa koszulka pi\u0142karska Liverpool FC z lat 1998\/00 produkcji Reeboka.\u00a0<\/strong><\/p>\n<p data-start=\"88\" data-end=\"447\">Domowy model <strong data-start=\"101\" data-end=\"142\"><span class=\"hover:entity-accent entity-underline inline cursor-pointer align-baseline\"><span class=\"whitespace-normal\">Liverpoolu FC<\/span><\/span><\/strong> z lat <strong data-start=\"149\" data-end=\"160\">1998\/00<\/strong>, wyprodukowany przez <strong data-start=\"182\" data-end=\"223\"><span class=\"hover:entity-accent entity-underline inline cursor-pointer align-baseline\"><span class=\"whitespace-normal\">Reeboka<\/span><\/span><\/strong> w <strong data-start=\"226\" data-end=\"243\">rozmiarze XXL<\/strong>, pochodzi z okresu przej\u015bciowego dla klubu z Anfield, przypadaj\u0105cego na ko\u0144c\u00f3wk\u0119 lat 90. By\u0142 to czas budowania zespo\u0142u pod przysz\u0142e sukcesy, z regularn\u0105 gr\u0105 w czo\u0142\u00f3wce ligi i wyra\u017anym od\u015bwie\u017caniem kadry.<\/p>\n<p data-start=\"449\" data-end=\"764\">Koszulka zosta\u0142a wyprodukowana w <strong data-start=\"482\" data-end=\"503\">czerwonym kolorze<\/strong>, z <strong data-start=\"507\" data-end=\"551\">bia\u0142ym wyko\u0144czeniem ko\u0142nierza i r\u0119kawk\u00f3w<\/strong>, co nadaje jej klasyczny, rozpoznawalny charakter. Na froncie centralnie umieszczono nadruk sponsora <strong data-start=\"653\" data-end=\"666\">Carlsberg<\/strong>, a ca\u0142o\u015b\u0107 zachowuje prost\u0105, ponadczasow\u0105 estetyk\u0119 typow\u0105 dla projekt\u00f3w <strong data-start=\"738\" data-end=\"749\">Reeboka<\/strong> z tego okresu.<\/p>\n<p data-start=\"766\" data-end=\"1107\">Na plecach znajduje si\u0119 oryginalny <strong data-start=\"801\" data-end=\"836\">ligowy nadruk Jamiego Redknappa<\/strong>, kt\u00f3ry w tamtych latach pe\u0142ni\u0142 rol\u0119 kapitana zespo\u0142u i by\u0142 jednym z lider\u00f3w \u015brodka pola <strong data-start=\"925\" data-end=\"941\">Liverpool FC<\/strong>. Pomocnik ten odpowiada\u0142 za organizacj\u0119 gry i do\u015bwiadczenie w kluczowych momentach sezon\u00f3w, a jego obecno\u015b\u0107 by\u0142a wa\u017cnym punktem odniesienia dla m\u0142odszych zawodnik\u00f3w.<\/p>\n<p data-start=\"1109\" data-end=\"1363\">Lata <strong data-start=\"1114\" data-end=\"1127\">1998\u20132000<\/strong> to okres, w kt\u00f3rym barwy <strong data-start=\"1153\" data-end=\"1169\">Liverpool FC<\/strong> reprezentowali r\u00f3wnie\u017c m.in. <strong data-start=\"1199\" data-end=\"1215\">Michael Owen<\/strong>, <strong data-start=\"1217\" data-end=\"1234\">Robbie Fowler<\/strong>, <strong data-start=\"1236\" data-end=\"1255\">Steve McManaman<\/strong> czy <strong data-start=\"1260\" data-end=\"1278\">Dietmar Hamann<\/strong>, tworz\u0105c trzon dru\u017cyny rywalizuj\u0105cej o najwy\u017csze cele w lidze i krajowych pucharach.<\/p>\n<p data-start=\"1365\" data-end=\"1541\">Koszulka zosta\u0142a wykonana z <strong data-start=\"1393\" data-end=\"1430\">lekkiego i przewiewnego materia\u0142u<\/strong>, a jej <strong data-start=\"1438\" data-end=\"1461\">lu\u017any, szeroki kr\u00f3j<\/strong> w <strong data-start=\"1464\" data-end=\"1481\">rozmiarze XXL<\/strong> odpowiada standardom <strong data-start=\"1503\" data-end=\"1514\">Reeboka<\/strong> z prze\u0142omu lat 90. i 2000.<\/p>\n<p data-start=\"1543\" data-end=\"1733\" data-is-last-node=\"\" data-is-only-node=\"\">To propozycja dla kolekcjoner\u00f3w oraz kibic\u00f3w poszukuj\u0105cych oryginalnej <strong data-start=\"1614\" data-end=\"1673\">domowej koszulki pi\u0142karskiej Liverpoolu FC z lat 1998\/00<\/strong>, stanowi\u0105cej czytelny zapis wa\u017cnego etapu w historii klubu.<\/p>\n<\/div>\n<\/div>\n<\/div>\n<\/div>\n<\/div>\n<\/div>\n<\/article>\n<\/div>\n","protected":false},"featured_media":62360,"template":"","meta":{"_kad_blocks_custom_css":"","_kad_blocks_head_custom_js":"","_kad_blocks_body_custom_js":"","_kad_blocks_footer_custom_js":"","_kad_post_transparent":"default","_kad_post_title":"","_kad_post_layout":"default","_kad_post_sidebar_id":"","_kad_post_content_style":"default","_kad_post_vertical_padding":"default","_kad_post_feature":"","_kad_post_feature_position":"","_kad_post_header":false,"_kad_post_footer":false,"_kad_post_classname":""},"product_brand":[1286],"product_cat":[1464],"product_tag":[],"class_list":{"0":"post-62253","1":"product","2":"type-product","3":"status-publish","4":"has-post-thumbnail","6":"product_brand-reebok","7":"product_cat-liverpool","8":"pa_homeawaythird-home","9":"pa_rozmiar-xxl","11":"first","12":"instock","13":"sale","14":"taxable","15":"shipping-taxable","16":"purchasable","17":"product-type-simple","18":"entry","19":"content-bg","20":"loop-entry"},"taxonomy_info":{"product_brand":[{"value":1286,"label":"Reebok"}],"product_cat":[{"value":1464,"label":"Liverpool FC"}],"pa_homeawaythird":[{"value":1597,"label":"Home"}],"pa_rozmiar":[{"value":1819,"label":"XXL"}]},"featured_image_src_large":["https:\/\/footballthrift.shop\/wp-content\/uploads\/2024\/12\/Photoroom_005_20241215_130521-1024x1024.png",1024,1024,true],"author_info":[],"comment_info":"","_links":{"self":[{"href":"https:\/\/footballthrift.shop\/en\/wp-json\/wp\/v2\/product\/62253","targetHints":{"allow":["GET"]}}],"collection":[{"href":"https:\/\/footballthrift.shop\/en\/wp-json\/wp\/v2\/product"}],"about":[{"href":"https:\/\/footballthrift.shop\/en\/wp-json\/wp\/v2\/types\/product"}],"wp:featuredmedia":[{"embeddable":true,"href":"https:\/\/footballthrift.shop\/en\/wp-json\/wp\/v2\/media\/62360"}],"wp:attachment":[{"href":"https:\/\/footballthrift.shop\/en\/wp-json\/wp\/v2\/media?parent=62253"}],"wp:term":[{"taxonomy":"product_brand","embeddable":true,"href":"https:\/\/footballthrift.shop\/en\/wp-json\/wp\/v2\/product_brand?post=62253"},{"taxonomy":"product_cat","embeddable":true,"href":"https:\/\/footballthrift.shop\/en\/wp-json\/wp\/v2\/product_cat?post=62253"},{"taxonomy":"product_tag","embeddable":true,"href":"https:\/\/footballthrift.shop\/en\/wp-json\/wp\/v2\/product_tag?post=62253"}],"curies":[{"name":"wp","href":"https:\/\/api.w.org\/{rel}","templated":true}]}}