{"id":61720,"date":"2025-02-13T18:07:05","date_gmt":"2025-02-13T17:07:05","guid":{"rendered":"https:\/\/footballthrift.shop\/?post_type=product&#038;p=61720"},"modified":"2026-03-09T11:31:07","modified_gmt":"2026-03-09T10:31:07","slug":"czechy-2002-04-home-l","status":"publish","type":"product","link":"https:\/\/footballthrift.shop\/en\/czechy-2002-04-home-l\/","title":{"rendered":"Koszulka pi\u0142karska Czechy 2002\/04 Home [L]"},"content":{"rendered":"<p><strong>Team:<\/strong> Czech Republic<\/p>\n<p><strong>Season:<\/strong> 2002\/04 Home<\/p>\n<p><strong>Size: <\/strong>L<\/p>\n<p><strong>Condition:<\/strong> Very good - one micro pull.<\/p>\n<p><strong>Dimensions (underarm width\/length) in cm: <\/strong>54\/75<\/p>","protected":false},"excerpt":{"rendered":"<p data-start=\"0\" data-end=\"90\"><strong data-start=\"0\" data-end=\"90\">Original 2002\/04 Czech national football team home jersey by Puma.\u00a0<\/strong><\/p>\n<p data-start=\"92\" data-end=\"492\">Home model <strong data-start=\"105\" data-end=\"146\"><span class=\"hover:entity-accent entity-underline inline cursor-pointer align-baseline\"><span class=\"whitespace-normal\">Czech national team<\/span><\/span><\/strong> over the years <strong data-start=\"153\" data-end=\"164\">2002\/04<\/strong>produced by <strong data-start=\"186\" data-end=\"227\"><span class=\"hover:entity-accent entity-underline inline cursor-pointer align-baseline\"><span class=\"whitespace-normal\">Puma<\/span><\/span><\/strong>\u00a0w <strong data-start=\"230\" data-end=\"245\">Size L<\/strong>, comes from one of the most cherished periods in the history of the Czech national team. It was a time when the team was one of Europe's top players, displaying offensive and mature football at major international tournaments.<\/p>\n<p data-start=\"494\" data-end=\"879\">The T-shirt was manufactured on <strong data-start=\"528\" data-end=\"547\">red base<\/strong>, with distinct <strong data-start=\"561\" data-end=\"594\">blue side panels<\/strong> running along the body and sleeves, giving the silhouette dynamic proportions. The front features <strong data-start=\"702\" data-end=\"720\">crest of the federation<\/strong> and <strong data-start=\"726\" data-end=\"739\">Puma logo<\/strong>, whereas on <strong data-start=\"754\" data-end=\"771\">left sleeve<\/strong> is located <strong data-start=\"785\" data-end=\"800\">country flag<\/strong>, emphasising the representative nature of the model and its national identification.<\/p>\n<p data-start=\"881\" data-end=\"1384\">Years <strong data-start=\"886\" data-end=\"899\">2002-2004<\/strong> is a period of great success <strong data-start=\"931\" data-end=\"954\">the Czech national team<\/strong>, crowned by an outstanding performance at the <strong data-start=\"990\" data-end=\"1003\">Euro 2004<\/strong>, where the team reached the semi-finals and impressed with their style of play. The core of the team at the time was made up of players such as <strong data-start=\"1113\" data-end=\"1154\"><span class=\"hover:entity-accent entity-underline inline cursor-pointer align-baseline\"><span class=\"whitespace-normal\">Pavel Nedv\u011bd<\/span><\/span><\/strong>, acting as leader and captain, <strong data-start=\"1189\" data-end=\"1230\"><span class=\"hover:entity-accent entity-underline inline cursor-pointer align-baseline\"><span class=\"whitespace-normal\">Tom\u00e1\u0161 Rosick\u00fd<\/span><\/span><\/strong>, <strong data-start=\"1232\" data-end=\"1273\"><span class=\"hover:entity-accent entity-underline inline cursor-pointer align-baseline\"><span class=\"whitespace-normal\">Jan Koller<\/span><\/span><\/strong> and <strong data-start=\"1279\" data-end=\"1320\"><span class=\"hover:entity-accent entity-underline inline cursor-pointer align-baseline\"><span class=\"whitespace-normal\">Petr \u010cech<\/span><\/span><\/strong>, who have made their mark on the history of European football.<\/p>\n<p data-start=\"1386\" data-end=\"1559\">The T-shirt is made of <strong data-start=\"1414\" data-end=\"1451\">light and airy material<\/strong>, and the cut in <strong data-start=\"1462\" data-end=\"1477\">Size L<\/strong> offers a classic fit in line with standards <strong data-start=\"1530\" data-end=\"1538\">Pumas<\/strong> from the early 2000s.<\/p>\n<p data-start=\"1561\" data-end=\"1760\" data-is-last-node=\"\" data-is-only-node=\"\">It is an offer for collectors and fans looking for an original <strong data-start=\"1632\" data-end=\"1698\">the home jersey of the 2002\/04 Czech national football team<\/strong>, a clear record of the golden era of this national team.<\/p>","protected":false},"featured_media":61823,"template":"","meta":{"_kad_blocks_custom_css":"","_kad_blocks_head_custom_js":"","_kad_blocks_body_custom_js":"","_kad_blocks_footer_custom_js":"","_kad_post_transparent":"default","_kad_post_title":"","_kad_post_layout":"default","_kad_post_sidebar_id":"","_kad_post_content_style":"default","_kad_post_vertical_padding":"default","_kad_post_feature":"","_kad_post_feature_position":"","_kad_post_header":false,"_kad_post_footer":false,"_kad_post_classname":""},"product_brand":[1287],"product_cat":[1489],"product_tag":[],"class_list":{"0":"post-61720","1":"product","2":"type-product","3":"status-publish","4":"has-post-thumbnail","6":"product_brand-puma","7":"product_cat-pozostale-reprezentacje-europa","8":"pa_homeawaythird-home","9":"pa_rozmiar-l","11":"first","12":"instock","13":"taxable","14":"shipping-taxable","15":"purchasable","16":"product-type-simple","17":"entry","18":"content-bg","19":"loop-entry"},"taxonomy_info":{"product_brand":[{"value":1287,"label":"Puma"}],"product_cat":[{"value":1489,"label":"Pozosta\u0142e"}],"pa_homeawaythird":[{"value":1597,"label":"Home"}],"pa_rozmiar":[{"value":1817,"label":"L"}]},"featured_image_src_large":["https:\/\/footballthrift.shop\/wp-content\/uploads\/2024\/12\/Photoroom_036_20241208_135645-1024x1024.png",1024,1024,true],"author_info":[],"comment_info":"","_links":{"self":[{"href":"https:\/\/footballthrift.shop\/en\/wp-json\/wp\/v2\/product\/61720","targetHints":{"allow":["GET"]}}],"collection":[{"href":"https:\/\/footballthrift.shop\/en\/wp-json\/wp\/v2\/product"}],"about":[{"href":"https:\/\/footballthrift.shop\/en\/wp-json\/wp\/v2\/types\/product"}],"wp:featuredmedia":[{"embeddable":true,"href":"https:\/\/footballthrift.shop\/en\/wp-json\/wp\/v2\/media\/61823"}],"wp:attachment":[{"href":"https:\/\/footballthrift.shop\/en\/wp-json\/wp\/v2\/media?parent=61720"}],"wp:term":[{"taxonomy":"product_brand","embeddable":true,"href":"https:\/\/footballthrift.shop\/en\/wp-json\/wp\/v2\/product_brand?post=61720"},{"taxonomy":"product_cat","embeddable":true,"href":"https:\/\/footballthrift.shop\/en\/wp-json\/wp\/v2\/product_cat?post=61720"},{"taxonomy":"product_tag","embeddable":true,"href":"https:\/\/footballthrift.shop\/en\/wp-json\/wp\/v2\/product_tag?post=61720"}],"curies":[{"name":"wp","href":"https:\/\/api.w.org\/{rel}","templated":true}]}}