{"id":59140,"date":"2025-02-13T18:02:59","date_gmt":"2025-02-13T17:02:59","guid":{"rendered":"https:\/\/footballthrift.shop\/?post_type=product&#038;p=59140"},"modified":"2026-03-09T11:31:10","modified_gmt":"2026-03-09T10:31:10","slug":"rugby-wigan-warriors-1995-96-home-l","status":"publish","type":"product","link":"https:\/\/footballthrift.shop\/en\/rugby-wigan-warriors-1995-96-home-l\/","title":{"rendered":"Koszulka RUGBY Wigan Warriors 1995\/96 Home [L]"},"content":{"rendered":"<p><strong>Team:<\/strong> Wigan Warriors<\/p>\n<p><strong>Season:<\/strong> 1995\/96 Home<\/p>\n<p><strong>Size: <\/strong>L<\/p>\n<p><strong>Condition:<\/strong> Good - torn collar, soiling on sleeve and a few micro stitches.<\/p>\n<p><strong>Dimensions (underarm width\/length) in cm: <\/strong>58\/70<\/p>","protected":false},"excerpt":{"rendered":"<div class=\"flex flex-col text-sm pb-25\">\n<article class=\"text-token-text-primary w-full focus:outline-none [--shadow-height:45px] has-data-writing-block:pointer-events-none has-data-writing-block:-mt-(--shadow-height) has-data-writing-block:pt-(--shadow-height) [&amp;:has([data-writing-block])&gt;*]:pointer-events-auto scroll-mt-[calc(var(--header-height)+min(200px,max(70px,20svh)))]\" dir=\"auto\" tabindex=\"-1\" data-turn-id=\"request-696b71f3-b7f4-8325-bad2-3eeed2706e3a-17\" data-testid=\"conversation-turn-208\" data-scroll-anchor=\"true\" data-turn=\"assistant\">\n<div class=\"text-base my-auto mx-auto pb-10 [--thread-content-margin:--spacing(4)] @w-sm\/main:[--thread-content-margin:--spacing(6)] @w-lg\/main:[--thread-content-margin:--spacing(16)] px-(--thread-content-margin)\">\n<div class=\"[--thread-content-max-width:40rem] @w-lg\/main:[--thread-content-max-width:48rem] mx-auto max-w-(--thread-content-max-width) flex-1 group\/turn-messages focus-visible:outline-hidden relative flex w-full min-w-0 flex-col agent-turn\" tabindex=\"-1\">\n<div class=\"flex max-w-full flex-col grow\">\n<div class=\"min-h-8 text-message relative flex w-full flex-col items-end gap-2 text-start break-words whitespace-normal [.text-message+&amp;]:mt-1\" dir=\"auto\" data-message-author-role=\"assistant\" data-message-id=\"f957f23a-425b-438f-87df-301126e84c55\" data-message-model-slug=\"gpt-5-2\">\n<div class=\"flex w-full flex-col gap-1 empty:hidden first:pt-[1px]\">\n<div class=\"markdown prose dark:prose-invert w-full wrap-break-word light markdown-new-styling\">\n<p data-start=\"0\" data-end=\"87\"><strong data-start=\"0\" data-end=\"87\">Oryginalna domowa koszulka do rugby Wigan Warriors z sezonu 1995\/96 produkcji Pumy.\u00a0<\/strong><\/p>\n<p data-start=\"89\" data-end=\"460\">Domowy model <strong data-start=\"102\" data-end=\"143\"><span class=\"hover:entity-accent entity-underline inline cursor-pointer align-baseline\"><span class=\"whitespace-normal\">Wigan Warriors<\/span><\/span><\/strong> z <strong data-start=\"146\" data-end=\"164\">sezonu 1995\/96<\/strong>, wyprodukowany przez <strong data-start=\"186\" data-end=\"227\"><span class=\"hover:entity-accent entity-underline inline cursor-pointer align-baseline\"><span class=\"whitespace-normal\">Pum\u0119<\/span><\/span><\/strong>\u00a0w <strong data-start=\"230\" data-end=\"246\">rozmiarze XL<\/strong>, pochodzi z jednego z najbardziej symbolicznych moment\u00f3w w historii rugby league. By\u0142 to sezon szczeg\u00f3lny nie tylko dla samego klubu, ale r\u00f3wnie\u017c dla ca\u0142ych rozgrywek ligowych, obchodz\u0105cych w\u00f3wczas swoje stulecie.<\/p>\n<p data-start=\"462\" data-end=\"1122\">Koszulka zosta\u0142a wyprodukowana w <strong data-start=\"495\" data-end=\"555\">klasycznym uk\u0142adzie bia\u0142ych i czerwonych poziomych pas\u00f3w<\/strong>, od dekad jednoznacznie kojarzonych z to\u017csamo\u015bci\u0105 <strong data-start=\"606\" data-end=\"624\">Wigan Warriors<\/strong>. Projekt uzupe\u0142nia <strong data-start=\"644\" data-end=\"668\">ko\u0142nierzyk typu polo<\/strong>, podkre\u015blaj\u0105cy tradycyjny charakter stroj\u00f3w rugby z po\u0142owy lat 90. Na froncie centralnie umieszczono nadruk sponsora <strong data-start=\"786\" data-end=\"796\">Norweb<\/strong>, natomiast na r\u0119kawku widnieje <strong data-start=\"828\" data-end=\"866\">emblemat The Rugby Football League<\/strong>, identyfikuj\u0105cy koszulk\u0119 z oficjalnymi rozgrywkami ligowymi. Dodatkowym, niezwykle istotnym detalem jest <strong data-start=\"972\" data-end=\"1027\">pami\u0105tkowy emblemat 100-lecia Rugby Football League<\/strong>, umieszczony na prawym r\u0119kawku, kt\u00f3ry nadaje temu egzemplarzowi wyj\u0105tkow\u0105 warto\u015b\u0107 historyczn\u0105.<\/p>\n<p data-start=\"1124\" data-end=\"1547\"><strong data-start=\"1124\" data-end=\"1142\">Wigan Warriors<\/strong> to jeden z najbardziej utytu\u0142owanych i wp\u0142ywowych klub\u00f3w w historii rugby league. Przez dekady klub wyznacza\u0142 standardy sportowe i organizacyjne, dominuj\u0105c w krajowych rozgrywkach i kszta\u0142tuj\u0105c ich presti\u017c. W po\u0142owie lat 90. Wigan znajdowa\u0142o si\u0119 u szczytu swojej pot\u0119gi, regularnie si\u0119gaj\u0105c po mistrzostwa i puchary, a jego styl gry oraz profesjonalizm mia\u0142y ogromny wp\u0142yw na rozw\u00f3j i popularyzacj\u0119 ligi.<\/p>\n<p data-start=\"1549\" data-end=\"1875\">Sezon <strong data-start=\"1555\" data-end=\"1566\">1995\/96<\/strong> przypad\u0142 na okres prze\u0142omu dla ca\u0142ej dyscypliny, zwi\u0105zany z reorganizacj\u0105 rozgrywek i wej\u015bciem rugby league w nowoczesn\u0105 er\u0119. Obecno\u015b\u0107 <strong data-start=\"1702\" data-end=\"1720\">Wigan Warriors<\/strong> w czo\u0142\u00f3wce oraz ich sukcesy sportowe stanowi\u0142y jeden z filar\u00f3w atrakcyjno\u015bci i znaczenia <strong data-start=\"1810\" data-end=\"1839\">The Rugby Football League<\/strong> w jubileuszowym roku jej istnienia.<\/p>\n<p data-start=\"1877\" data-end=\"2100\">Koszulka zosta\u0142a wykonana z <strong data-start=\"1905\" data-end=\"1938\">solidnego, trwa\u0142ego materia\u0142u<\/strong>, charakterystycznego dla odzie\u017cy rugby z lat 90., a kr\u00f3j w <strong data-start=\"1998\" data-end=\"2014\">rozmiarze XL<\/strong> oferuje klasyczne, szerokie dopasowanie zgodne ze standardami <strong data-start=\"2077\" data-end=\"2085\">Pumy<\/strong> z tego okresu.<\/p>\n<p data-start=\"2102\" data-end=\"2361\" data-is-last-node=\"\" data-is-only-node=\"\">To propozycja dla kolekcjoner\u00f3w oraz sympatyk\u00f3w rugby poszukuj\u0105cych oryginalnej <strong data-start=\"2182\" data-end=\"2235\">koszulki do rugby Wigan Warriors z sezonu 1995\/96<\/strong>, stanowi\u0105cej czytelny zapis z\u0142otej ery klubu oraz jego fundamentalnego wp\u0142ywu na histori\u0119 i rozw\u00f3j <strong data-start=\"2335\" data-end=\"2360\">Rugby Football League<\/strong>.<\/p>\n<\/div>\n<\/div>\n<\/div>\n<\/div>\n<\/div>\n<\/div>\n<\/article>\n<\/div>\n","protected":false},"featured_media":59165,"template":"","meta":{"_kad_blocks_custom_css":"","_kad_blocks_head_custom_js":"","_kad_blocks_body_custom_js":"","_kad_blocks_footer_custom_js":"","_kad_post_transparent":"default","_kad_post_title":"","_kad_post_layout":"default","_kad_post_sidebar_id":"","_kad_post_content_style":"default","_kad_post_vertical_padding":"default","_kad_post_feature":"","_kad_post_feature_position":"","_kad_post_header":false,"_kad_post_footer":false,"_kad_post_classname":""},"product_brand":[1287],"product_cat":[1955],"product_tag":[],"class_list":{"0":"post-59140","1":"product","2":"type-product","3":"status-publish","4":"has-post-thumbnail","6":"product_brand-puma","7":"product_cat-rugby","8":"pa_homeawaythird-home","9":"pa_rozmiar-l","11":"first","12":"instock","13":"taxable","14":"shipping-taxable","15":"purchasable","16":"product-type-simple","17":"entry","18":"content-bg","19":"loop-entry"},"taxonomy_info":{"product_brand":[{"value":1287,"label":"Puma"}],"product_cat":[{"value":1955,"label":"Rugby"}],"pa_homeawaythird":[{"value":1597,"label":"Home"}],"pa_rozmiar":[{"value":1817,"label":"L"}]},"featured_image_src_large":["https:\/\/footballthrift.shop\/wp-content\/uploads\/2024\/11\/Photoroom_010_20241124_111439-1024x1024.png",1024,1024,true],"author_info":[],"comment_info":"","_links":{"self":[{"href":"https:\/\/footballthrift.shop\/en\/wp-json\/wp\/v2\/product\/59140","targetHints":{"allow":["GET"]}}],"collection":[{"href":"https:\/\/footballthrift.shop\/en\/wp-json\/wp\/v2\/product"}],"about":[{"href":"https:\/\/footballthrift.shop\/en\/wp-json\/wp\/v2\/types\/product"}],"wp:featuredmedia":[{"embeddable":true,"href":"https:\/\/footballthrift.shop\/en\/wp-json\/wp\/v2\/media\/59165"}],"wp:attachment":[{"href":"https:\/\/footballthrift.shop\/en\/wp-json\/wp\/v2\/media?parent=59140"}],"wp:term":[{"taxonomy":"product_brand","embeddable":true,"href":"https:\/\/footballthrift.shop\/en\/wp-json\/wp\/v2\/product_brand?post=59140"},{"taxonomy":"product_cat","embeddable":true,"href":"https:\/\/footballthrift.shop\/en\/wp-json\/wp\/v2\/product_cat?post=59140"},{"taxonomy":"product_tag","embeddable":true,"href":"https:\/\/footballthrift.shop\/en\/wp-json\/wp\/v2\/product_tag?post=59140"}],"curies":[{"name":"wp","href":"https:\/\/api.w.org\/{rel}","templated":true}]}}