{"id":59125,"date":"2025-02-13T18:02:58","date_gmt":"2025-02-13T17:02:58","guid":{"rendered":"https:\/\/footballthrift.shop\/?post_type=product&#038;p=59125"},"modified":"2026-03-09T11:31:10","modified_gmt":"2026-03-09T10:31:10","slug":"commemorative-jersey-bnwt-dynamo-kyiv-2008-10-xl","status":"publish","type":"product","link":"https:\/\/footballthrift.shop\/en\/koszulka-okolicznosciowa-bnwt-dynamo-kijow-2008-10-xl\/","title":{"rendered":"Koszulka okoliczno\u015bciowa BNWT Dynamo Kij\u00f3w 2008 10 [XL]"},"content":{"rendered":"<p><strong>Team:<\/strong> Dynamo Kyiv<\/p>\n<p><strong>Season:<\/strong> 2008<\/p>\n<p><strong>Size: <\/strong>XL<\/p>\n<p><strong>Condition:<\/strong> BNWT - T-shirt new with tags, albeit with one micro stain.<\/p>\n<p><strong>Dimensions (underarm width\/length) in cm: <\/strong>60\/77<\/p>","protected":false},"excerpt":{"rendered":"<div class=\"flex flex-col text-sm pb-25\">\n<article class=\"text-token-text-primary w-full focus:outline-none [--shadow-height:45px] has-data-writing-block:pointer-events-none has-data-writing-block:-mt-(--shadow-height) has-data-writing-block:pt-(--shadow-height) [&amp;:has([data-writing-block])&gt;*]:pointer-events-auto scroll-mt-[calc(var(--header-height)+min(200px,max(70px,20svh)))]\" dir=\"auto\" tabindex=\"-1\" data-turn-id=\"request-69846e9f-d3cc-8389-9cfe-2684a6b1e83a-11\" data-testid=\"conversation-turn-52\" data-scroll-anchor=\"true\" data-turn=\"assistant\">\n<div class=\"text-base my-auto mx-auto pb-10 [--thread-content-margin:--spacing(4)] @w-sm\/main:[--thread-content-margin:--spacing(6)] @w-lg\/main:[--thread-content-margin:--spacing(16)] px-(--thread-content-margin)\">\n<div class=\"[--thread-content-max-width:40rem] @w-lg\/main:[--thread-content-max-width:48rem] mx-auto max-w-(--thread-content-max-width) flex-1 group\/turn-messages focus-visible:outline-hidden relative flex w-full min-w-0 flex-col agent-turn\" tabindex=\"-1\">\n<div class=\"flex max-w-full flex-col grow\">\n<div class=\"min-h-8 text-message relative flex w-full flex-col items-end gap-2 text-start break-words whitespace-normal [.text-message+&amp;]:mt-1\" dir=\"auto\" data-message-author-role=\"assistant\" data-message-id=\"3e70b029-c17b-4958-9bcc-acb78d93aa3f\" data-message-model-slug=\"gpt-5-2\">\n<div class=\"flex w-full flex-col gap-1 empty:hidden first:pt-[1px]\">\n<div class=\"markdown prose dark:prose-invert w-full wrap-break-word light markdown-new-styling\">\n<p data-start=\"0\" data-end=\"93\"><strong data-start=\"0\" data-end=\"93\">Oryginalna okoliczno\u015bciowa koszulka pi\u0142karska Dynama Kij\u00f3w z 2008 roku produkcji Adidasa.\u00a0<\/strong><\/p>\n<p data-start=\"95\" data-end=\"509\">Okoliczno\u015bciowy model <strong data-start=\"117\" data-end=\"158\"><span class=\"hover:entity-accent entity-underline inline cursor-pointer align-baseline\"><span class=\"whitespace-normal\">Dynama Kij\u00f3w<\/span><\/span><\/strong> z <strong data-start=\"161\" data-end=\"174\">2008 roku<\/strong>, wyprodukowany przez <strong data-start=\"196\" data-end=\"207\">Adidasa<\/strong> w rozmiarze <strong data-start=\"220\" data-end=\"226\">XL<\/strong>, stanowi wyj\u0105tkowe nawi\u0105zanie do najbardziej klasycznych etap\u00f3w w historii klubu. Koszulka zosta\u0142a zaprojektowana jako ho\u0142d dla dawnych wzorc\u00f3w stylistycznych Dynama, a prezentowany egzemplarz zachowany jest <strong data-start=\"435\" data-end=\"459\">z metkami sklepowymi<\/strong>, co znacz\u0105co podnosi jego warto\u015b\u0107 kolekcjonersk\u0105.<\/p>\n<p data-start=\"511\" data-end=\"997\">Koszulka zosta\u0142a wyprodukowana na <strong data-start=\"545\" data-end=\"561\">bia\u0142ej bazie<\/strong>, z wyra\u017anie kontrastuj\u0105cymi <strong data-start=\"590\" data-end=\"616\">niebieskimi elementami<\/strong>, kt\u00f3re od dekad definiuj\u0105 wizualn\u0105 to\u017csamo\u015b\u0107 <strong data-start=\"662\" data-end=\"678\">Dynama Kij\u00f3w<\/strong>. <strong data-start=\"680\" data-end=\"696\">Logo Adidasa<\/strong>, <strong data-start=\"698\" data-end=\"719\">du\u017cy herb klubowy<\/strong> oraz <strong data-start=\"725\" data-end=\"754\">paski na d\u0142ugich r\u0119kawach<\/strong> utrzymano w\u0142a\u015bnie w tym kolorze, tworz\u0105c sp\u00f3jny, bardzo klasyczny projekt. Forma herbu oraz ca\u0142a stylistyka koszulki wyra\u017anie nawi\u0105zuj\u0105 do legendarnych modeli Dynama z <strong data-start=\"923\" data-end=\"940\">lat 70. i 80.<\/strong>, kiedy klub prze\u017cywa\u0142 swoje najwi\u0119ksze sukcesy sportowe.<\/p>\n<p data-start=\"999\" data-end=\"1465\">W uj\u0119ciu historycznym <strong data-start=\"1021\" data-end=\"1037\">Dynamo Kij\u00f3w<\/strong> by\u0142o jednym z najwa\u017cniejszych klub\u00f3w w dziejach pi\u0142ki no\u017cnej w ZSRR. Zesp\u00f3\u0142 ten jako pierwszy spoza Moskwy prze\u0142ama\u0142 dominacj\u0119 sto\u0142ecznych klub\u00f3w, a jego sukcesy na arenie europejskiej sta\u0142y si\u0119 symbolem si\u0142y futbolu z Kijowa. Po rozpadzie Zwi\u0105zku Radzieckiego klub odegra\u0142 r\u00f3wnie istotn\u0105 rol\u0119 w kszta\u0142towaniu <strong data-start=\"1348\" data-end=\"1369\">ukrai\u0144skiej pi\u0142ki<\/strong>, staj\u0105c si\u0119 jej najbardziej rozpoznawaln\u0105 mark\u0105 i fundamentem krajowej ligi oraz reprezentacji, o czym \u015bwiadczy stosowna naszywka w \u015brodku koszulki z tekstem upami\u0119tniaj\u0105cym sukcesy tego klubu.<\/p>\n<p data-start=\"1467\" data-end=\"1778\">Koszulka zosta\u0142a wykonana z materia\u0142u z <strong data-start=\"1507\" data-end=\"1528\">domieszk\u0105 bawe\u0142ny<\/strong>, co odr\u00f3\u017cnia j\u0105 od stricte meczowych modeli i nadaje jej bardziej klasyczny, okoliczno\u015bciowy charakter, nawi\u0105zuj\u0105cy do koszulek sprzed kilkudziesi\u0119ciu lat. Kr\u00f3j w rozmiarze <strong data-start=\"1650\" data-end=\"1656\">XL<\/strong> pozostaje zgodny ze standardami <strong data-start=\"1689\" data-end=\"1700\">Adidasa<\/strong>, a wersja z <strong data-start=\"1713\" data-end=\"1731\">d\u0142ugim r\u0119kawem<\/strong> dodatkowo podkre\u015bla retro stylistyk\u0119 projektu.<\/p>\n<p data-start=\"1780\" data-end=\"2060\" data-is-last-node=\"\" data-is-only-node=\"\">To propozycja dla kolekcjoner\u00f3w oraz kibic\u00f3w poszukuj\u0105cych oryginalnej okoliczno\u015bciowej koszulki pi\u0142karskiej <strong data-start=\"1889\" data-end=\"1905\">Dynama Kij\u00f3w<\/strong> z <strong data-start=\"1908\" data-end=\"1921\">2008 roku<\/strong>, stanowi\u0105cej czytelny zapis historycznego dziedzictwa klubu i jego ogromnego wp\u0142ywu na futbol w ZSRR oraz p\u00f3\u017aniej w niepodleg\u0142ej Ukrainie.<\/p>\n<\/div>\n<\/div>\n<\/div>\n<\/div>\n<\/div>\n<\/div>\n<\/article>\n<\/div>\n","protected":false},"featured_media":59209,"template":"","meta":{"_kad_blocks_custom_css":"","_kad_blocks_head_custom_js":"","_kad_blocks_body_custom_js":"","_kad_blocks_footer_custom_js":"","_kad_post_transparent":"default","_kad_post_title":"","_kad_post_layout":"default","_kad_post_sidebar_id":"","_kad_post_content_style":"default","_kad_post_vertical_padding":"default","_kad_post_feature":"","_kad_post_feature_position":"","_kad_post_header":false,"_kad_post_footer":false,"_kad_post_classname":""},"product_brand":[1283],"product_cat":[1493,2033],"product_tag":[],"class_list":{"0":"post-59125","1":"product","2":"type-product","3":"status-publish","4":"has-post-thumbnail","6":"product_brand-adidas","7":"product_cat-kluby-europejskie-europa","8":"product_cat-bnwt","9":"pa_rozmiar-xl","11":"first","12":"instock","13":"taxable","14":"shipping-taxable","15":"purchasable","16":"product-type-simple","17":"entry","18":"content-bg","19":"loop-entry"},"taxonomy_info":{"product_brand":[{"value":1283,"label":"Adidas"}],"product_cat":[{"value":1493,"label":"Pozosta\u0142e kluby europejskie"},{"value":2033,"label":"BNWT"}],"pa_rozmiar":[{"value":1818,"label":"XL"}]},"featured_image_src_large":["https:\/\/footballthrift.shop\/wp-content\/uploads\/2024\/11\/Photoroom_004_20241124_111439-1024x1024.png",1024,1024,true],"author_info":[],"comment_info":"","_links":{"self":[{"href":"https:\/\/footballthrift.shop\/en\/wp-json\/wp\/v2\/product\/59125","targetHints":{"allow":["GET"]}}],"collection":[{"href":"https:\/\/footballthrift.shop\/en\/wp-json\/wp\/v2\/product"}],"about":[{"href":"https:\/\/footballthrift.shop\/en\/wp-json\/wp\/v2\/types\/product"}],"wp:featuredmedia":[{"embeddable":true,"href":"https:\/\/footballthrift.shop\/en\/wp-json\/wp\/v2\/media\/59209"}],"wp:attachment":[{"href":"https:\/\/footballthrift.shop\/en\/wp-json\/wp\/v2\/media?parent=59125"}],"wp:term":[{"taxonomy":"product_brand","embeddable":true,"href":"https:\/\/footballthrift.shop\/en\/wp-json\/wp\/v2\/product_brand?post=59125"},{"taxonomy":"product_cat","embeddable":true,"href":"https:\/\/footballthrift.shop\/en\/wp-json\/wp\/v2\/product_cat?post=59125"},{"taxonomy":"product_tag","embeddable":true,"href":"https:\/\/footballthrift.shop\/en\/wp-json\/wp\/v2\/product_tag?post=59125"}],"curies":[{"name":"wp","href":"https:\/\/api.w.org\/{rel}","templated":true}]}}