{"id":58694,"date":"2025-02-13T18:02:49","date_gmt":"2025-02-13T17:02:49","guid":{"rendered":"https:\/\/footballthrift.shop\/?post_type=product&#038;p=58694"},"modified":"2026-03-09T11:31:12","modified_gmt":"2026-03-09T10:31:12","slug":"czechy-2016-18-home-l","status":"publish","type":"product","link":"https:\/\/footballthrift.shop\/en\/czechy-2016-18-home-l\/","title":{"rendered":"Koszulka pi\u0142karska Czechy 2016\/18 Home [L]"},"content":{"rendered":"<p><strong>Team:<\/strong> Czech Republic<\/p>\n<p><strong>Season:<\/strong> 2016\/18 Home<\/p>\n<p><strong>Size: <\/strong>L<\/p>\n<p><strong>Condition:<\/strong> Very good - a few micro stitches on the front.<\/p>\n<p><strong>Dimensions (underarm width\/length) in cm: <\/strong>56\/75<\/p>","protected":false},"excerpt":{"rendered":"<p data-start=\"0\" data-end=\"90\"><strong data-start=\"0\" data-end=\"90\">Original 2016\/18 Czech Republic national football team home jersey by Puma.\u00a0<\/strong><\/p>\n<p data-start=\"92\" data-end=\"463\">Home model <strong data-start=\"105\" data-end=\"146\"><span class=\"hover:entity-accent entity-underline inline cursor-pointer align-baseline\"><span class=\"whitespace-normal\">the Czech national team<\/span><\/span><\/strong> over the years <strong data-start=\"153\" data-end=\"164\">2016\/18<\/strong>produced by <strong data-start=\"186\" data-end=\"194\">Puma<\/strong> in size <strong data-start=\"207\" data-end=\"212\">L<\/strong>, comes from a transitional period for the Czech national team, which saw a gradual generational change after years of major successes. It was a time of searching for a new sporting identity and rebuilding the representation's position on the international stage.<\/p>\n<p data-start=\"465\" data-end=\"938\">The T-shirt was manufactured on <strong data-start=\"499\" data-end=\"517\">burgundy base<\/strong>, which is the dominant colour of this project. Characteristic elements are <strong data-start=\"597\" data-end=\"627\">red panels on sleeves<\/strong>,<strong data-start=\"629\" data-end=\"663\">\u00a0collar finish<\/strong> and <strong data-start=\"669\" data-end=\"708\">two diagonal stripes on the front <\/strong>in the same colour, giving the whole thing a dynamic and modern look. The centre front of the T-shirt features <strong data-start=\"803\" data-end=\"816\">Puma logo<\/strong> and <strong data-start=\"822\" data-end=\"849\">the coat of arms of the czech federation<\/strong>, arranged one above the other, which creates a symmetrical and very clear visual layout.<\/p>\n<p data-start=\"940\" data-end=\"1369\">In years <strong data-start=\"949\" data-end=\"962\">2016-2018<\/strong> <strong data-start=\"963\" data-end=\"986\">Czech Republic national team<\/strong> competed in the World Cup qualifiers, undergoing a process of rebuilding the squad and gradually introducing new leaders. The national colours were then represented by, among others. <strong data-start=\"1161\" data-end=\"1174\">Petr \u010cech<\/strong>, <strong data-start=\"1176\" data-end=\"1193\">Tom\u00e1\u0161 Rosick\u00fd<\/strong>, <strong data-start=\"1195\" data-end=\"1214\">Vladim\u00edr Darida<\/strong>, <strong data-start=\"1216\" data-end=\"1232\">Tom\u00e1\u0161 Sou\u010dek<\/strong> or <strong data-start=\"1237\" data-end=\"1254\">Patrik Schick<\/strong>, and the team based its play on a combination of the experience of the older players and the growing role of the younger generation.<\/p>\n<p data-start=\"1371\" data-end=\"1584\">The T-shirt is made from a lightweight and breathable material and the cut in size <strong data-start=\"1453\" data-end=\"1458\">L<\/strong> remains compliant with standards <strong data-start=\"1491\" data-end=\"1499\">Pumas<\/strong>, used in representative projects of the second half of the second decade of the 21st century.<\/p>\n<p data-start=\"1586\" data-end=\"1838\" data-is-last-node=\"\" data-is-only-node=\"\">This is for collectors and fans looking for an original home football jersey <strong data-start=\"1686\" data-end=\"1709\">the Czech national team<\/strong> over the years <strong data-start=\"1716\" data-end=\"1727\">2016\/18<\/strong>, a clear record of a period of reconstruction and a search for a new direction in the history of this national team.<\/p>","protected":false},"featured_media":58735,"template":"","meta":{"_kad_blocks_custom_css":"","_kad_blocks_head_custom_js":"","_kad_blocks_body_custom_js":"","_kad_blocks_footer_custom_js":"","_kad_post_transparent":"default","_kad_post_title":"","_kad_post_layout":"default","_kad_post_sidebar_id":"","_kad_post_content_style":"default","_kad_post_vertical_padding":"default","_kad_post_feature":"","_kad_post_feature_position":"","_kad_post_header":false,"_kad_post_footer":false,"_kad_post_classname":""},"product_brand":[1287],"product_cat":[1489],"product_tag":[],"class_list":{"0":"post-58694","1":"product","2":"type-product","3":"status-publish","4":"has-post-thumbnail","6":"product_brand-puma","7":"product_cat-pozostale-reprezentacje-europa","8":"pa_homeawaythird-home","9":"pa_rozmiar-l","11":"first","12":"instock","13":"taxable","14":"shipping-taxable","15":"purchasable","16":"product-type-simple","17":"entry","18":"content-bg","19":"loop-entry"},"taxonomy_info":{"product_brand":[{"value":1287,"label":"Puma"}],"product_cat":[{"value":1489,"label":"Pozosta\u0142e"}],"pa_homeawaythird":[{"value":1597,"label":"Home"}],"pa_rozmiar":[{"value":1817,"label":"L"}]},"featured_image_src_large":["https:\/\/footballthrift.shop\/wp-content\/uploads\/2024\/11\/Photoroom_004_20241116_190618-1024x1024.png",1024,1024,true],"author_info":[],"comment_info":"","_links":{"self":[{"href":"https:\/\/footballthrift.shop\/en\/wp-json\/wp\/v2\/product\/58694","targetHints":{"allow":["GET"]}}],"collection":[{"href":"https:\/\/footballthrift.shop\/en\/wp-json\/wp\/v2\/product"}],"about":[{"href":"https:\/\/footballthrift.shop\/en\/wp-json\/wp\/v2\/types\/product"}],"wp:featuredmedia":[{"embeddable":true,"href":"https:\/\/footballthrift.shop\/en\/wp-json\/wp\/v2\/media\/58735"}],"wp:attachment":[{"href":"https:\/\/footballthrift.shop\/en\/wp-json\/wp\/v2\/media?parent=58694"}],"wp:term":[{"taxonomy":"product_brand","embeddable":true,"href":"https:\/\/footballthrift.shop\/en\/wp-json\/wp\/v2\/product_brand?post=58694"},{"taxonomy":"product_cat","embeddable":true,"href":"https:\/\/footballthrift.shop\/en\/wp-json\/wp\/v2\/product_cat?post=58694"},{"taxonomy":"product_tag","embeddable":true,"href":"https:\/\/footballthrift.shop\/en\/wp-json\/wp\/v2\/product_tag?post=58694"}],"curies":[{"name":"wp","href":"https:\/\/api.w.org\/{rel}","templated":true}]}}