{"id":57567,"date":"2025-02-13T18:02:17","date_gmt":"2025-02-13T17:02:17","guid":{"rendered":"https:\/\/footballthrift.shop\/?post_type=product&#038;p=57567"},"modified":"2026-05-01T10:26:27","modified_gmt":"2026-05-01T08:26:27","slug":"liverpool-fc-2020-21-third-6-thiago-m","status":"publish","type":"product","link":"https:\/\/footballthrift.shop\/en\/liverpool-fc-2020-21-third-6-thiago-m\/","title":{"rendered":"Koszulka pi\u0142karska Liverpool FC 2020\/21 Third 6 Thiago [M]"},"content":{"rendered":"<p><strong>Team:<\/strong> Liverpool FC<\/p>\n<p><strong>Season:<\/strong> 2020\/21 Third<\/p>\n<p><strong>Size: <\/strong>M<\/p>\n<p><strong>Condition:<\/strong> Very good - league emblems on both sleeves are unevenly placed.<\/p>\n<p><strong>Dimensions (underarm width\/length) in cm: <\/strong>51\/73<\/p>","protected":false},"excerpt":{"rendered":"<div class=\"flex flex-col text-sm pb-25\">\n<article class=\"text-token-text-primary w-full focus:outline-none [--shadow-height:45px] has-data-writing-block:pointer-events-none has-data-writing-block:-mt-(--shadow-height) has-data-writing-block:pt-(--shadow-height) [&amp;:has([data-writing-block])&gt;*]:pointer-events-auto scroll-mt-[calc(var(--header-height)+min(200px,max(70px,20svh)))]\" dir=\"auto\" tabindex=\"-1\" data-turn-id=\"request-69846e9f-d3cc-8389-9cfe-2684a6b1e83a-20\" data-testid=\"conversation-turn-158\" data-scroll-anchor=\"true\" data-turn=\"assistant\">\n<div class=\"text-base my-auto mx-auto pb-10 [--thread-content-margin:--spacing(4)] @w-sm\/main:[--thread-content-margin:--spacing(6)] @w-lg\/main:[--thread-content-margin:--spacing(16)] px-(--thread-content-margin)\">\n<div class=\"[--thread-content-max-width:40rem] @w-lg\/main:[--thread-content-max-width:48rem] mx-auto max-w-(--thread-content-max-width) flex-1 group\/turn-messages focus-visible:outline-hidden relative flex w-full min-w-0 flex-col agent-turn\" tabindex=\"-1\">\n<div class=\"flex max-w-full flex-col grow\">\n<div class=\"min-h-8 text-message relative flex w-full flex-col items-end gap-2 text-start break-words whitespace-normal [.text-message+&amp;]:mt-1\" dir=\"auto\" data-message-author-role=\"assistant\" data-message-id=\"26be7d4e-d071-4848-bbf0-5eaccb49876c\" data-message-model-slug=\"gpt-5-2\">\n<div class=\"flex w-full flex-col gap-1 empty:hidden first:pt-[1px]\">\n<div class=\"markdown prose dark:prose-invert w-full wrap-break-word light markdown-new-styling\">\n<p data-start=\"0\" data-end=\"107\"><strong data-start=\"0\" data-end=\"107\">Oryginalna trzecia koszulka pi\u0142karska Liverpoolu FC z sezonu 2020\/21 produkcji Nike z nadrukiem Thiago.\u00a0<\/strong><\/p>\n<p data-start=\"109\" data-end=\"504\">Trzeci komplet <strong data-start=\"124\" data-end=\"165\"><span class=\"hover:entity-accent entity-underline inline cursor-pointer align-baseline\"><span class=\"whitespace-normal\">Liverpoolu FC<\/span><\/span><\/strong> z <strong data-start=\"168\" data-end=\"186\">sezonu 2020\/21<\/strong>, wyprodukowany przez <strong data-start=\"208\" data-end=\"216\">Nike<\/strong> w rozmiarze <strong data-start=\"229\" data-end=\"234\">M<\/strong>, pochodzi z jednego z najbardziej dramatycznych i nieprzewidywalnych sezon\u00f3w w nowoczesnej historii klubu. By\u0142 to czas walki z licznymi kontuzjami i nier\u00f3wn\u0105 form\u0105, zako\u0144czony jednak spektakularnym finiszem, kt\u00f3ry zapewni\u0142 Liverpoolowi miejsce na podium Premier League.<\/p>\n<p data-start=\"506\" data-end=\"1032\">Koszulka zosta\u0142a wyprodukowana na <strong data-start=\"540\" data-end=\"557\">czarnej bazie<\/strong>, z wyra\u017anym <strong data-start=\"570\" data-end=\"593\">motywem szachownicy<\/strong> widocznym zar\u00f3wno na froncie, jak i na plecach koszulki. Projekt prze\u0142amano <strong data-start=\"670\" data-end=\"730\">kontrastuj\u0105cymi, jasnoczerwonymi wyko\u0144czeniami ko\u0142nierza<\/strong> oraz <strong data-start=\"736\" data-end=\"757\">panelami bocznymi<\/strong>, kt\u00f3re nadaj\u0105 ca\u0142o\u015bci dynamiczny, nowoczesny charakter. Na froncie centralnie umieszczono nadruk sponsora <strong data-start=\"864\" data-end=\"886\">Standard Chartered<\/strong>, natomiast na r\u0119kawkach znajduj\u0105 si\u0119 <strong data-start=\"922\" data-end=\"944\">z\u0142ote patche ligowy<\/strong>, upami\u0119tniaj\u0105ce zdobyte przez <strong data-start=\"975\" data-end=\"991\">Liverpool FC<\/strong> mistrzostwo Anglii w poprzednim sezonie.<\/p>\n<p data-start=\"1034\" data-end=\"1394\">Na plecach znajduje si\u0119 oryginalny nadruk <strong data-start=\"1076\" data-end=\"1117\"><span class=\"hover:entity-accent entity-underline inline cursor-pointer align-baseline\"><span class=\"whitespace-normal\">Thiago Alc\u00e2ntary<\/span><\/span><\/strong>, jednego z najwa\u017cniejszych transfer\u00f3w <strong data-start=\"1156\" data-end=\"1173\">Liverpoolu FC<\/strong> w tamtym okresie. <strong data-start=\"1192\" data-end=\"1202\">Thiago<\/strong> wni\u00f3s\u0142 do zespo\u0142u jako\u015b\u0107 w rozegraniu, kontrol\u0119 tempa gry oraz do\u015bwiadczenie zdobyte na najwy\u017cszym europejskim poziomie, staj\u0105c si\u0119 kluczowym elementem \u015brodka pola w decyduj\u0105cej fazie sezonu.<\/p>\n<p data-start=\"1396\" data-end=\"1767\"><strong data-start=\"1396\" data-end=\"1413\">Sezon 2020\/21<\/strong> zapisa\u0142 si\u0119 w historii <strong data-start=\"1437\" data-end=\"1454\">Liverpoolu FC<\/strong> przede wszystkim dzi\u0119ki niesamowitej ko\u0144c\u00f3wce rozgrywek ligowych. Dru\u017cyna zapewni\u0142a sobie <strong data-start=\"1545\" data-end=\"1576\">3. miejsce w Premier League<\/strong> i awans do Ligi Mistrz\u00f3w po <strong data-start=\"1605\" data-end=\"1632\">bramce Alissona Beckera<\/strong> zdobytej w doliczonym czasie gry meczu z <strong data-start=\"1674\" data-end=\"1698\">West Bromwich Albion<\/strong>, co by\u0142o jednym z najbardziej symbolicznych moment\u00f3w tamtego sezonu.<\/p>\n<p data-start=\"1769\" data-end=\"1989\">Koszulka zosta\u0142a wykonana z <strong data-start=\"1797\" data-end=\"1834\">lekkiego i przewiewnego materia\u0142u<\/strong>, a kr\u00f3j w rozmiarze <strong data-start=\"1855\" data-end=\"1860\">M<\/strong> pozostaje zgodny ze standardami <strong data-start=\"1893\" data-end=\"1901\">Nike<\/strong>, stosowanymi w ligowych i europejskich projektach z pocz\u0105tku trzeciej dekady XXI wieku.<\/p>\n<p data-start=\"1991\" data-end=\"2241\" data-is-last-node=\"\" data-is-only-node=\"\">To propozycja dla kolekcjoner\u00f3w oraz kibic\u00f3w poszukuj\u0105cych oryginalnej trzeciej koszulki pi\u0142karskiej <strong data-start=\"2092\" data-end=\"2109\">Liverpoolu FC<\/strong> z <strong data-start=\"2112\" data-end=\"2130\">sezonu 2020\/21<\/strong>, stanowi\u0105cej czytelny zapis jednego z najbardziej emocjonuj\u0105cych finisz\u00f3w ligowych w historii klubu z Anfield.<\/p>\n<\/div>\n<\/div>\n<\/div>\n<\/div>\n<\/div>\n<\/div>\n<\/article>\n<\/div>\n","protected":false},"featured_media":57699,"template":"","meta":{"_kad_blocks_custom_css":"","_kad_blocks_head_custom_js":"","_kad_blocks_body_custom_js":"","_kad_blocks_footer_custom_js":"","_kad_post_transparent":"default","_kad_post_title":"","_kad_post_layout":"default","_kad_post_sidebar_id":"","_kad_post_content_style":"default","_kad_post_vertical_padding":"default","_kad_post_feature":"","_kad_post_feature_position":"","_kad_post_header":false,"_kad_post_footer":false,"_kad_post_classname":""},"product_brand":[1284],"product_cat":[1464],"product_tag":[],"class_list":{"0":"post-57567","1":"product","2":"type-product","3":"status-publish","4":"has-post-thumbnail","6":"product_brand-nike","7":"product_cat-liverpool","8":"pa_homeawaythird-third","9":"pa_rozmiar-m","11":"first","12":"instock","13":"sale","14":"taxable","15":"shipping-taxable","16":"purchasable","17":"product-type-simple","18":"entry","19":"content-bg","20":"loop-entry"},"taxonomy_info":{"product_brand":[{"value":1284,"label":"Nike"}],"product_cat":[{"value":1464,"label":"Liverpool FC"}],"pa_homeawaythird":[{"value":1599,"label":"Third"}],"pa_rozmiar":[{"value":1816,"label":"M"}]},"featured_image_src_large":["https:\/\/footballthrift.shop\/wp-content\/uploads\/2024\/10\/Photoroom_027_20241024_185823-1024x1024.png",1024,1024,true],"author_info":[],"comment_info":"","_links":{"self":[{"href":"https:\/\/footballthrift.shop\/en\/wp-json\/wp\/v2\/product\/57567","targetHints":{"allow":["GET"]}}],"collection":[{"href":"https:\/\/footballthrift.shop\/en\/wp-json\/wp\/v2\/product"}],"about":[{"href":"https:\/\/footballthrift.shop\/en\/wp-json\/wp\/v2\/types\/product"}],"wp:featuredmedia":[{"embeddable":true,"href":"https:\/\/footballthrift.shop\/en\/wp-json\/wp\/v2\/media\/57699"}],"wp:attachment":[{"href":"https:\/\/footballthrift.shop\/en\/wp-json\/wp\/v2\/media?parent=57567"}],"wp:term":[{"taxonomy":"product_brand","embeddable":true,"href":"https:\/\/footballthrift.shop\/en\/wp-json\/wp\/v2\/product_brand?post=57567"},{"taxonomy":"product_cat","embeddable":true,"href":"https:\/\/footballthrift.shop\/en\/wp-json\/wp\/v2\/product_cat?post=57567"},{"taxonomy":"product_tag","embeddable":true,"href":"https:\/\/footballthrift.shop\/en\/wp-json\/wp\/v2\/product_tag?post=57567"}],"curies":[{"name":"wp","href":"https:\/\/api.w.org\/{rel}","templated":true}]}}