{"id":57559,"date":"2025-02-13T18:02:21","date_gmt":"2025-02-13T17:02:21","guid":{"rendered":"https:\/\/footballthrift.shop\/?post_type=product&#038;p=57559"},"modified":"2026-03-09T11:31:15","modified_gmt":"2026-03-09T10:31:15","slug":"match-issue-erzebirge-aue-2022-23-home-5-burger-l","status":"publish","type":"product","link":"https:\/\/footballthrift.shop\/en\/match-issue-erzebirge-aue-2022-23-home-5-burger-l\/","title":{"rendered":"Koszulka pi\u0142karska MATCH ISSUE FC Erzgebirge Aue 2022\/23 Home 5 Burger [L]"},"content":{"rendered":"<p><strong>Team:<\/strong> FC Erzgebirge Aue<\/p>\n<p><strong>Season:<\/strong> 2022\/23 Home<\/p>\n<p><strong>Size: <\/strong>L<\/p>\n<p><strong>Condition:<\/strong> Good - pull on sleeve and soiled collar<\/p>\n<p><strong>Dimensions (underarm width\/length) in cm: <\/strong>53\/71<\/p>","protected":false},"excerpt":{"rendered":"<div class=\"flex flex-col text-sm pb-25\">\n<article class=\"text-token-text-primary w-full focus:outline-none [--shadow-height:45px] has-data-writing-block:pointer-events-none has-data-writing-block:-mt-(--shadow-height) has-data-writing-block:pt-(--shadow-height) [&amp;:has([data-writing-block])&gt;*]:pointer-events-auto scroll-mt-[calc(var(--header-height)+min(200px,max(70px,20svh)))]\" dir=\"auto\" tabindex=\"-1\" data-turn-id=\"request-69846e9f-d3cc-8389-9cfe-2684a6b1e83a-16\" data-testid=\"conversation-turn-150\" data-scroll-anchor=\"true\" data-turn=\"assistant\">\n<div class=\"text-base my-auto mx-auto pb-10 [--thread-content-margin:--spacing(4)] @w-sm\/main:[--thread-content-margin:--spacing(6)] @w-lg\/main:[--thread-content-margin:--spacing(16)] px-(--thread-content-margin)\">\n<div class=\"[--thread-content-max-width:40rem] @w-lg\/main:[--thread-content-max-width:48rem] mx-auto max-w-(--thread-content-max-width) flex-1 group\/turn-messages focus-visible:outline-hidden relative flex w-full min-w-0 flex-col agent-turn\" tabindex=\"-1\">\n<div class=\"flex max-w-full flex-col grow\">\n<div class=\"min-h-8 text-message relative flex w-full flex-col items-end gap-2 text-start break-words whitespace-normal [.text-message+&amp;]:mt-1\" dir=\"auto\" data-message-author-role=\"assistant\" data-message-id=\"0a63c667-9081-46a2-9330-69b71e747192\" data-message-model-slug=\"gpt-5-2\">\n<div class=\"flex w-full flex-col gap-1 empty:hidden first:pt-[1px]\">\n<div class=\"markdown prose dark:prose-invert w-full wrap-break-word light markdown-new-styling\">\n<p data-start=\"0\" data-end=\"91\"><strong data-start=\"0\" data-end=\"91\">Oryginalna domowa koszulka pi\u0142karska FC Erzgebirge Aue z sezonu 2022\/23 produkcji Nike.\u00a0<\/strong><\/p>\n<p data-start=\"93\" data-end=\"448\">Domowy model <strong data-start=\"106\" data-end=\"147\"><span class=\"hover:entity-accent entity-underline inline cursor-pointer align-baseline\"><span class=\"whitespace-normal\">FC Erzgebirge Aue<\/span><\/span><\/strong> z <strong data-start=\"150\" data-end=\"168\">sezonu 2022\/23<\/strong>, wyprodukowany przez <strong data-start=\"190\" data-end=\"198\">Nike<\/strong> w rozmiarze <strong data-start=\"211\" data-end=\"216\">L<\/strong>, pochodzi z okresu rywalizacji klubu na krajowej scenie pucharowej i ligowej po niedawnym spadku z wy\u017cszej klasy rozgrywkowej. By\u0142 to czas budowania nowej struktury zespo\u0142u i szukania stabilizacji sportowej w wymagaj\u0105cym otoczeniu.<\/p>\n<p data-start=\"450\" data-end=\"898\">Koszulka zosta\u0142a wyprodukowana na <strong data-start=\"484\" data-end=\"504\">fioletowej bazie<\/strong>, jednoznacznie kojarzonej z to\u017csamo\u015bci\u0105 <strong data-start=\"545\" data-end=\"566\">FC Erzgebirge Aue<\/strong>. Projekt uzupe\u0142niaj\u0105 <strong data-start=\"588\" data-end=\"619\">bia\u0142e wyko\u0144czenie ko\u0142nierza<\/strong> oraz <strong data-start=\"625\" data-end=\"654\">bia\u0142e panele na r\u0119kawkach<\/strong>, kt\u00f3re nadaj\u0105 ca\u0142o\u015bci klasyczny, czytelny kontrast. Na froncie centralnie umieszczono nadruk sponsora <strong data-start=\"757\" data-end=\"766\">Watas<\/strong>, natomiast na r\u0119kawku znajduje si\u0119 <strong data-start=\"802\" data-end=\"837\">patch rozgrywek Pucharu Niemiec<\/strong>, podkre\u015blaj\u0105cy oficjalny, meczowy kontekst tego egzemplarza.<\/p>\n<p data-start=\"900\" data-end=\"1360\">Na plecach znajduje si\u0119 nadruk <strong data-start=\"931\" data-end=\"972\"><span class=\"hover:entity-accent entity-underline inline cursor-pointer align-baseline\"><span class=\"whitespace-normal\">Korbiniana Burgera<\/span><\/span><\/strong> wraz z <strong data-start=\"980\" data-end=\"1004\">autografem zawodnika<\/strong>. Koszulka jest egzemplarzem <strong data-start=\"1033\" data-end=\"1045\">meczowym<\/strong>, przygotowanym b\u0105d\u017a u\u017cytym w spotkaniu przez <strong data-start=\"1091\" data-end=\"1113\">Korbiniana Burgera<\/strong>, kt\u00f3ry reprezentowa\u0142 <strong data-start=\"1135\" data-end=\"1156\">FC Erzgebirge Aue<\/strong> w latach <strong data-start=\"1166\" data-end=\"1179\">2022\u20132024<\/strong>, b\u0119d\u0105c istotn\u0105 postaci\u0105 defensywy zespo\u0142u. Po tym okresie zawodnik przeni\u00f3s\u0142 si\u0119 do rezerw <strong data-start=\"1264\" data-end=\"1305\"><span class=\"hover:entity-accent entity-underline inline cursor-pointer align-baseline\"><span class=\"whitespace-normal\">1. FSV Mainz 05.<\/span><\/span><\/strong><\/p>\n<p data-start=\"1362\" data-end=\"1581\">Koszulka zosta\u0142a wykonana z <strong data-start=\"1390\" data-end=\"1427\">lekkiego i przewiewnego materia\u0142u<\/strong>, a kr\u00f3j w rozmiarze <strong data-start=\"1448\" data-end=\"1453\">L<\/strong> pozostaje zgodny ze standardami <strong data-start=\"1486\" data-end=\"1494\">Nike<\/strong>, stosowanymi w oficjalnych, meczowych projektach z pocz\u0105tku trzeciej dekady XXI wieku.<\/p>\n<p data-start=\"1583\" data-end=\"1825\" data-is-last-node=\"\" data-is-only-node=\"\">To propozycja dla kolekcjoner\u00f3w oraz kibic\u00f3w poszukuj\u0105cych oryginalnej domowej koszulki pi\u0142karskiej <strong data-start=\"1683\" data-end=\"1704\">FC Erzgebirge Aue<\/strong> z <strong data-start=\"1707\" data-end=\"1725\">sezonu 2022\/23<\/strong>, stanowi\u0105cej czytelny zapis konkretnego etapu w historii klubu oraz kariery <strong data-start=\"1802\" data-end=\"1824\">Korbiniana Burgera<\/strong>.<\/p>\n<\/div>\n<\/div>\n<\/div>\n<\/div>\n<\/div>\n<\/div>\n<\/article>\n<\/div>\n","protected":false},"featured_media":57631,"template":"","meta":{"_kad_blocks_custom_css":"","_kad_blocks_head_custom_js":"","_kad_blocks_body_custom_js":"","_kad_blocks_footer_custom_js":"","_kad_post_transparent":"default","_kad_post_title":"","_kad_post_layout":"default","_kad_post_sidebar_id":"","_kad_post_content_style":"default","_kad_post_vertical_padding":"default","_kad_post_feature":"","_kad_post_feature_position":"","_kad_post_header":false,"_kad_post_footer":false,"_kad_post_classname":""},"product_brand":[1284],"product_cat":[1490,1409],"product_tag":[],"class_list":{"0":"post-57559","1":"product","2":"type-product","3":"status-publish","4":"has-post-thumbnail","6":"product_brand-nike","7":"product_cat-pozostale-kluby-niemieckie","8":"product_cat-match-worn-issue","9":"pa_homeawaythird-home","10":"pa_rozmiar-l","12":"first","13":"instock","14":"taxable","15":"shipping-taxable","16":"purchasable","17":"product-type-simple","18":"entry","19":"content-bg","20":"loop-entry"},"taxonomy_info":{"product_brand":[{"value":1284,"label":"Nike"}],"product_cat":[{"value":1490,"label":"Pozosta\u0142e kluby niemieckie"},{"value":1409,"label":"MATCH WORN &amp; ISSUE"}],"pa_homeawaythird":[{"value":1597,"label":"Home"}],"pa_rozmiar":[{"value":1817,"label":"L"}]},"featured_image_src_large":["https:\/\/footballthrift.shop\/wp-content\/uploads\/2024\/10\/Photoroom_007_20241024_185823-1024x1024.png",1024,1024,true],"author_info":[],"comment_info":"","_links":{"self":[{"href":"https:\/\/footballthrift.shop\/en\/wp-json\/wp\/v2\/product\/57559","targetHints":{"allow":["GET"]}}],"collection":[{"href":"https:\/\/footballthrift.shop\/en\/wp-json\/wp\/v2\/product"}],"about":[{"href":"https:\/\/footballthrift.shop\/en\/wp-json\/wp\/v2\/types\/product"}],"wp:featuredmedia":[{"embeddable":true,"href":"https:\/\/footballthrift.shop\/en\/wp-json\/wp\/v2\/media\/57631"}],"wp:attachment":[{"href":"https:\/\/footballthrift.shop\/en\/wp-json\/wp\/v2\/media?parent=57559"}],"wp:term":[{"taxonomy":"product_brand","embeddable":true,"href":"https:\/\/footballthrift.shop\/en\/wp-json\/wp\/v2\/product_brand?post=57559"},{"taxonomy":"product_cat","embeddable":true,"href":"https:\/\/footballthrift.shop\/en\/wp-json\/wp\/v2\/product_cat?post=57559"},{"taxonomy":"product_tag","embeddable":true,"href":"https:\/\/footballthrift.shop\/en\/wp-json\/wp\/v2\/product_tag?post=57559"}],"curies":[{"name":"wp","href":"https:\/\/api.w.org\/{rel}","templated":true}]}}