{"id":57557,"date":"2025-02-13T18:02:22","date_gmt":"2025-02-13T17:02:22","guid":{"rendered":"https:\/\/footballthrift.shop\/?post_type=product&#038;p=57557"},"modified":"2026-03-09T11:31:15","modified_gmt":"2026-03-09T10:31:15","slug":"celtic-fc-1995-97-home-xl","status":"publish","type":"product","link":"https:\/\/footballthrift.shop\/en\/celtic-fc-1995-97-home-xl\/","title":{"rendered":"Koszulka pi\u0142karska Celtic FC 1995\/97 Home [XL]"},"content":{"rendered":"<p><strong>Team:<\/strong> Celtic FC<\/p>\n<p><strong>Season:<\/strong> 1995\/97 Home<\/p>\n<p><strong>Size: <\/strong>XL<\/p>\n<p><strong>Condition:<\/strong> Excellent<\/p>\n<p><strong>Dimensions (underarm width\/length) in cm: <\/strong>62\/76<\/p>","protected":false},"excerpt":{"rendered":"<div class=\"flex flex-col text-sm pb-25\">\n<article class=\"text-token-text-primary w-full focus:outline-none [--shadow-height:45px] has-data-writing-block:pointer-events-none has-data-writing-block:-mt-(--shadow-height) has-data-writing-block:pt-(--shadow-height) [&amp;:has([data-writing-block])&gt;*]:pointer-events-auto scroll-mt-[calc(var(--header-height)+min(200px,max(70px,20svh)))]\" dir=\"auto\" tabindex=\"-1\" data-turn-id=\"request-69846e9f-d3cc-8389-9cfe-2684a6b1e83a-15\" data-testid=\"conversation-turn-148\" data-scroll-anchor=\"true\" data-turn=\"assistant\">\n<div class=\"text-base my-auto mx-auto pb-10 [--thread-content-margin:--spacing(4)] @w-sm\/main:[--thread-content-margin:--spacing(6)] @w-lg\/main:[--thread-content-margin:--spacing(16)] px-(--thread-content-margin)\">\n<div class=\"[--thread-content-max-width:40rem] @w-lg\/main:[--thread-content-max-width:48rem] mx-auto max-w-(--thread-content-max-width) flex-1 group\/turn-messages focus-visible:outline-hidden relative flex w-full min-w-0 flex-col agent-turn\" tabindex=\"-1\">\n<div class=\"flex max-w-full flex-col grow\">\n<div class=\"min-h-8 text-message relative flex w-full flex-col items-end gap-2 text-start break-words whitespace-normal [.text-message+&amp;]:mt-1\" dir=\"auto\" data-message-author-role=\"assistant\" data-message-id=\"e3dafd6d-f855-434b-9752-343451ad3716\" data-message-model-slug=\"gpt-5-2\">\n<div class=\"flex w-full flex-col gap-1 empty:hidden first:pt-[1px]\">\n<div class=\"markdown prose dark:prose-invert w-full wrap-break-word light markdown-new-styling\">\n<p data-start=\"0\" data-end=\"82\"><strong data-start=\"0\" data-end=\"82\">Oryginalna domowa koszulka pi\u0142karska Celticu FC z lat 1995\/97 produkcji Umbro.\u00a0<\/strong><\/p>\n<p data-start=\"84\" data-end=\"494\">Domowy model <strong data-start=\"97\" data-end=\"138\"><span class=\"hover:entity-accent entity-underline inline cursor-pointer align-baseline\"><span class=\"whitespace-normal\">Celticu FC<\/span><\/span><\/strong> z lat <strong data-start=\"145\" data-end=\"156\">1995\/97<\/strong>, wyprodukowany przez <strong data-start=\"178\" data-end=\"187\">Umbro<\/strong> w rozmiarze <strong data-start=\"200\" data-end=\"206\">XL<\/strong>, pochodzi z wymagaj\u0105cego i jednocze\u015bnie bardzo istotnego okresu w historii klubu. By\u0142y to lata poprzedzaj\u0105ce prze\u0142om organizacyjny i sportowy, w kt\u00f3rych Celtic funkcjonowa\u0142 w cieniu lokalnego rywala, jednocze\u015bnie buduj\u0105c fundamenty pod przysz\u0142\u0105 odbudow\u0119 swojej pozycji w szkockiej pi\u0142ce.<\/p>\n<p data-start=\"496\" data-end=\"1058\">Koszulka zosta\u0142a wyprodukowana w <strong data-start=\"529\" data-end=\"584\">klasycznym uk\u0142adzie poziomych zielono-bia\u0142ych pas\u00f3w<\/strong>, stanowi\u0105cych jeden z najbardziej rozpoznawalnych motyw\u00f3w w historii <strong data-start=\"654\" data-end=\"668\">Celticu FC<\/strong>. Charakterystycznym detalem s\u0105 <strong data-start=\"700\" data-end=\"751\">subtelne wzorki umieszczone na zielonych pasach<\/strong>, kt\u00f3re dodaj\u0105 projektowi g\u0142\u0119bi i wyr\u00f3\u017cniaj\u0105 go na tle wcze\u015bniejszych, prostszych edycji. Ca\u0142o\u015b\u0107 uzupe\u0142nia <strong data-start=\"858\" data-end=\"882\">ko\u0142nierzyk typu polo<\/strong>, podkre\u015blaj\u0105cy tradycyjny, elegancki charakter koszulki. Na froncie centralne miejsce zajmuje nadruk sponsora <strong data-start=\"993\" data-end=\"1005\">CR Smith<\/strong>, jednoznacznie kojarzony z tym etapem dziej\u00f3w klubu.<\/p>\n<p data-start=\"1060\" data-end=\"1486\">W latach <strong data-start=\"1069\" data-end=\"1082\">1995\u20131997<\/strong> <strong data-start=\"1083\" data-end=\"1096\">Celtic FC<\/strong> rywalizowa\u0142 w szkockiej Premier Division, przechodz\u0105c okres sportowych trudno\u015bci i cz\u0119stych zmian, ale jednocze\u015bnie zachowuj\u0105c siln\u0105 to\u017csamo\u015b\u0107 i ogromne wsparcie kibic\u00f3w. Barwy klubu reprezentowali w\u00f3wczas m.in. <strong data-start=\"1309\" data-end=\"1327\">Paolo Di Canio<\/strong>, <strong data-start=\"1329\" data-end=\"1345\">John Collins<\/strong>, <strong data-start=\"1347\" data-end=\"1371\">Pierre van Hooijdonk<\/strong> czy <strong data-start=\"1376\" data-end=\"1391\">Andy Walker<\/strong>, a dru\u017cyna stara\u0142a si\u0119 \u0142\u0105czy\u0107 indywidualn\u0105 jako\u015b\u0107 z charakterystycznym, ofensywnym stylem gry.<\/p>\n<p data-start=\"1488\" data-end=\"1684\">Koszulka zosta\u0142a wykonana z <strong data-start=\"1516\" data-end=\"1553\">lekkiego i przewiewnego materia\u0142u<\/strong>, a kr\u00f3j w rozmiarze <strong data-start=\"1574\" data-end=\"1580\">XL<\/strong> pozostaje zgodny ze standardami <strong data-start=\"1613\" data-end=\"1622\">Umbro<\/strong>, charakterystycznymi dla meczowych projekt\u00f3w z po\u0142owy lat 90.<\/p>\n<p data-start=\"1686\" data-end=\"1954\" data-is-last-node=\"\" data-is-only-node=\"\">To propozycja dla kolekcjoner\u00f3w oraz kibic\u00f3w poszukuj\u0105cych oryginalnej domowej koszulki pi\u0142karskiej <strong data-start=\"1786\" data-end=\"1800\">Celticu FC<\/strong> z lat <strong data-start=\"1807\" data-end=\"1818\">1995\/97<\/strong>, stanowi\u0105cej czytelny zapis okresu przej\u015bciowego i jednocze\u015bnie jednego z najbardziej klasycznych projekt\u00f3w w historii klubu z Glasgow.<\/p>\n<\/div>\n<\/div>\n<\/div>\n<\/div>\n<\/div>\n<\/div>\n<\/article>\n<\/div>\n","protected":false},"featured_media":57613,"template":"","meta":{"_kad_blocks_custom_css":"","_kad_blocks_head_custom_js":"","_kad_blocks_body_custom_js":"","_kad_blocks_footer_custom_js":"","_kad_post_transparent":"default","_kad_post_title":"","_kad_post_layout":"default","_kad_post_sidebar_id":"","_kad_post_content_style":"default","_kad_post_vertical_padding":"default","_kad_post_feature":"","_kad_post_feature_position":"","_kad_post_header":false,"_kad_post_footer":false,"_kad_post_classname":""},"product_brand":[1285],"product_cat":[1491],"product_tag":[],"class_list":{"0":"post-57557","1":"product","2":"type-product","3":"status-publish","4":"has-post-thumbnail","6":"product_brand-umbro","7":"product_cat-kluby-szkockie","8":"pa_homeawaythird-home","9":"pa_rozmiar-xl","11":"first","12":"instock","13":"taxable","14":"shipping-taxable","15":"purchasable","16":"product-type-simple","17":"entry","18":"content-bg","19":"loop-entry"},"taxonomy_info":{"product_brand":[{"value":1285,"label":"Umbro"}],"product_cat":[{"value":1491,"label":"Szkocja"}],"pa_homeawaythird":[{"value":1597,"label":"Home"}],"pa_rozmiar":[{"value":1818,"label":"XL"}]},"featured_image_src_large":["https:\/\/footballthrift.shop\/wp-content\/uploads\/2024\/10\/Photoroom_008_20241024_185823-1024x1024.png",1024,1024,true],"author_info":[],"comment_info":"","_links":{"self":[{"href":"https:\/\/footballthrift.shop\/en\/wp-json\/wp\/v2\/product\/57557","targetHints":{"allow":["GET"]}}],"collection":[{"href":"https:\/\/footballthrift.shop\/en\/wp-json\/wp\/v2\/product"}],"about":[{"href":"https:\/\/footballthrift.shop\/en\/wp-json\/wp\/v2\/types\/product"}],"wp:featuredmedia":[{"embeddable":true,"href":"https:\/\/footballthrift.shop\/en\/wp-json\/wp\/v2\/media\/57613"}],"wp:attachment":[{"href":"https:\/\/footballthrift.shop\/en\/wp-json\/wp\/v2\/media?parent=57557"}],"wp:term":[{"taxonomy":"product_brand","embeddable":true,"href":"https:\/\/footballthrift.shop\/en\/wp-json\/wp\/v2\/product_brand?post=57557"},{"taxonomy":"product_cat","embeddable":true,"href":"https:\/\/footballthrift.shop\/en\/wp-json\/wp\/v2\/product_cat?post=57557"},{"taxonomy":"product_tag","embeddable":true,"href":"https:\/\/footballthrift.shop\/en\/wp-json\/wp\/v2\/product_tag?post=57557"}],"curies":[{"name":"wp","href":"https:\/\/api.w.org\/{rel}","templated":true}]}}