{"id":51532,"date":"2025-02-13T17:53:37","date_gmt":"2025-02-13T16:53:37","guid":{"rendered":"https:\/\/footballthrift.shop\/?post_type=product&#038;p=51532"},"modified":"2026-03-09T11:32:08","modified_gmt":"2026-03-09T10:32:08","slug":"player-issue-training-sweatshirt-france-l","status":"publish","type":"product","link":"https:\/\/footballthrift.shop\/en\/player-issue-bluza-treningowa-francja-l\/","title":{"rendered":"Bluza treningowa AUTHENTIC Francja 2020\/22 [L]"},"content":{"rendered":"<p><strong>Team:<\/strong> France<\/p>\n<p><strong>Season:<\/strong> 2020\/22<\/p>\n<p><strong>Size: <\/strong>L<\/p>\n<p><strong>Condition:<\/strong> Good - soiling on sleeves and back, visible under strong light.<\/p>\n<p><strong>Dimensions (underarm width\/length) in cm: <\/strong>54\/77<\/p>","protected":false},"excerpt":{"rendered":"<p><strong>Original training sweatshirt of the 2020\/22 French national team by Nike.\u00a0<\/strong><\/p>\n<p>Training model <strong>the French national team<\/strong> over the years <strong>2020\/22<\/strong>produced by <strong>Nike<\/strong> in size <strong>L<\/strong>, dates back to the period when the national team competed in international competitions including. <strong>European Championships 2020<\/strong> and preparations for the next tournaments. At the time, the team was among the world's best, basing its squad on the 2018 world champions.<\/p>\n<p>The sweatshirt has been produced on a white base, which gives it a clean and modern feel. The model features an incomplete zip at the neck and a red crest <strong>F\u00e9d\u00e9ration Fran\u00e7aise de Football<\/strong> placed on the chest. There are red logos on the sleeves <strong>Nike<\/strong>, which form a colour-coherent composition with the federation's coat of arms and emphasise the minimalist character of the design.<\/p>\n<p>In years <strong>2020\/22<\/strong> <strong>French national team<\/strong> had one of the strongest squads in the world. The team featured, among others. <strong>Kylian Mbapp\u00e9<\/strong>, being the offensive leader, <strong>Antoine Griezmann<\/strong>, crucial to the creation of the game, and <strong>N'Golo Kant\u00e9<\/strong>, responsible for the balance in midfield. The team led by <strong>Didier Deschamps<\/strong> remained one of the main favourites at major international tournaments.<\/p>\n<p>The sweatshirt is made of a lightweight and breathable fabric in a technology <strong>Nike Vaporknit<\/strong>, for high breathability and a snug fit. Cut in size <strong>L<\/strong> complies with standards <strong>Nike<\/strong>, offering the sporty fit characteristic of the brand's training collections.<\/p>\n<p>This is an offer for collectors and fans looking for <strong>an original France national team training sweatshirt from 2020\/22<\/strong>, a clear record of a period in which the team remained at the forefront of world football.<\/p>","protected":false},"featured_media":51594,"template":"","meta":{"_kad_blocks_custom_css":"","_kad_blocks_head_custom_js":"","_kad_blocks_body_custom_js":"","_kad_blocks_footer_custom_js":"","_kad_post_transparent":"default","_kad_post_title":"","_kad_post_layout":"default","_kad_post_sidebar_id":"","_kad_post_content_style":"default","_kad_post_vertical_padding":"default","_kad_post_feature":"","_kad_post_feature_position":"","_kad_post_header":false,"_kad_post_footer":false,"_kad_post_classname":""},"product_brand":[1284],"product_cat":[1454,1423],"product_tag":[],"class_list":{"0":"post-51532","1":"product","2":"type-product","3":"status-publish","4":"has-post-thumbnail","6":"product_brand-nike","7":"product_cat-reprezentacja-francji","8":"product_cat-kurtkibluzytrening","9":"pa_rozmiar-l","11":"first","12":"instock","13":"taxable","14":"shipping-taxable","15":"purchasable","16":"product-type-simple","17":"entry","18":"content-bg","19":"loop-entry"},"taxonomy_info":{"product_brand":[{"value":1284,"label":"Nike"}],"product_cat":[{"value":1454,"label":"Francja"},{"value":1423,"label":"Kurtki\/bluzy\/trening"}],"pa_rozmiar":[{"value":1817,"label":"L"}]},"featured_image_src_large":["https:\/\/footballthrift.shop\/wp-content\/uploads\/2024\/09\/Photoroom_028_20240916_154921-1024x1024.png",1024,1024,true],"author_info":[],"comment_info":"","_links":{"self":[{"href":"https:\/\/footballthrift.shop\/en\/wp-json\/wp\/v2\/product\/51532","targetHints":{"allow":["GET"]}}],"collection":[{"href":"https:\/\/footballthrift.shop\/en\/wp-json\/wp\/v2\/product"}],"about":[{"href":"https:\/\/footballthrift.shop\/en\/wp-json\/wp\/v2\/types\/product"}],"wp:featuredmedia":[{"embeddable":true,"href":"https:\/\/footballthrift.shop\/en\/wp-json\/wp\/v2\/media\/51594"}],"wp:attachment":[{"href":"https:\/\/footballthrift.shop\/en\/wp-json\/wp\/v2\/media?parent=51532"}],"wp:term":[{"taxonomy":"product_brand","embeddable":true,"href":"https:\/\/footballthrift.shop\/en\/wp-json\/wp\/v2\/product_brand?post=51532"},{"taxonomy":"product_cat","embeddable":true,"href":"https:\/\/footballthrift.shop\/en\/wp-json\/wp\/v2\/product_cat?post=51532"},{"taxonomy":"product_tag","embeddable":true,"href":"https:\/\/footballthrift.shop\/en\/wp-json\/wp\/v2\/product_tag?post=51532"}],"curies":[{"name":"wp","href":"https:\/\/api.w.org\/{rel}","templated":true}]}}