{"id":51307,"date":"2025-02-13T17:53:30","date_gmt":"2025-02-13T16:53:30","guid":{"rendered":"https:\/\/footballthrift.shop\/?post_type=product&#038;p=51307"},"modified":"2026-03-09T11:32:10","modified_gmt":"2026-03-09T10:32:10","slug":"turkey-2020-22-away-xxl","status":"publish","type":"product","link":"https:\/\/footballthrift.shop\/en\/turcja-2020-22-away-xxl\/","title":{"rendered":"Koszulka pi\u0142karska Turcja 2020\/22 Away [XXL]"},"content":{"rendered":"<p><strong>Team:<\/strong> Turkey<\/p>\n<p><strong>Season:<\/strong> 2020\/22 Away<\/p>\n<p><strong>Size: <\/strong>XXL<\/p>\n<p><strong>Condition:<\/strong> Excellent<\/p>\n<p><strong>Dimensions (underarm width\/length) in cm: <\/strong>66\/79<\/p>","protected":false},"excerpt":{"rendered":"<p><strong>The original 2020\/22 away football shirt of the Turkish national team by Nike.\u00a0<\/strong><\/p>\n<p>Away model <strong>of the 2020\/22 Turkish national team<\/strong>produced by <strong>Nike<\/strong> in XXL size, dates back to the team's preparation and performances in international competitions at the beginning of the new decade. At the time, the team led by \u015eenol G\u00fcne\u015f was based on a mix of experienced players and younger players performing in Europe's top leagues.<\/p>\n<p>The T-shirt was manufactured on <strong>white base<\/strong>, which forms the backdrop for the most distinctive element of the design. Through the centre of the chest runs <strong>thick red horizontal stripe<\/strong>, on which the national symbol of Turkey is displayed - the <strong>crescent with star<\/strong>. Above it, the central logo <strong>Nike<\/strong>, and the red trim on the sleeves and collar coherently complement the colour scheme of the <strong>the Turkish national team<\/strong>.<\/p>\n<p>During this period the colours <strong>the Turkish national team<\/strong> represented, among others, by. <strong>Burak Y\u0131lmaz<\/strong>, <strong>Hakan \u00c7alhano\u011flu<\/strong>, <strong>Cengiz \u00dcnder<\/strong> or <strong>\u00c7a\u011flar S\u00f6y\u00fcnc\u00fc<\/strong>, who formed the core of the team during qualifiers and international tournaments in the early 2000s.<\/p>\n<p>The T-shirt is made of a light and airy material and the XXL cut meets the standards of the <strong>Nike<\/strong>, offering a classic fit characteristic of production designs <strong>Nike<\/strong>.<\/p>\n<p>This is for collectors and fans looking for an original away football jersey <strong>the Turkish national team<\/strong> z <strong>2020\/22<\/strong>, which provides a clear record of the contemporary phase of the history of this representation.<\/p>","protected":false},"featured_media":51445,"template":"","meta":{"_kad_blocks_custom_css":"","_kad_blocks_head_custom_js":"","_kad_blocks_body_custom_js":"","_kad_blocks_footer_custom_js":"","_kad_post_transparent":"default","_kad_post_title":"","_kad_post_layout":"default","_kad_post_sidebar_id":"","_kad_post_content_style":"default","_kad_post_vertical_padding":"default","_kad_post_feature":"","_kad_post_feature_position":"","_kad_post_header":false,"_kad_post_footer":false,"_kad_post_classname":""},"product_brand":[1284],"product_cat":[1489],"product_tag":[],"class_list":{"0":"post-51307","1":"product","2":"type-product","3":"status-publish","4":"has-post-thumbnail","6":"product_brand-nike","7":"product_cat-pozostale-reprezentacje-europa","8":"pa_homeawaythird-away","9":"pa_rozmiar-xxl","11":"first","12":"instock","13":"taxable","14":"shipping-taxable","15":"purchasable","16":"product-type-simple","17":"entry","18":"content-bg","19":"loop-entry"},"taxonomy_info":{"product_brand":[{"value":1284,"label":"Nike"}],"product_cat":[{"value":1489,"label":"Pozosta\u0142e"}],"pa_homeawaythird":[{"value":1598,"label":"Away"}],"pa_rozmiar":[{"value":1819,"label":"XXL"}]},"featured_image_src_large":["https:\/\/footballthrift.shop\/wp-content\/uploads\/2024\/09\/Photoroom_012_20240913_150520-1024x1024.png",1024,1024,true],"author_info":[],"comment_info":"","_links":{"self":[{"href":"https:\/\/footballthrift.shop\/en\/wp-json\/wp\/v2\/product\/51307","targetHints":{"allow":["GET"]}}],"collection":[{"href":"https:\/\/footballthrift.shop\/en\/wp-json\/wp\/v2\/product"}],"about":[{"href":"https:\/\/footballthrift.shop\/en\/wp-json\/wp\/v2\/types\/product"}],"wp:featuredmedia":[{"embeddable":true,"href":"https:\/\/footballthrift.shop\/en\/wp-json\/wp\/v2\/media\/51445"}],"wp:attachment":[{"href":"https:\/\/footballthrift.shop\/en\/wp-json\/wp\/v2\/media?parent=51307"}],"wp:term":[{"taxonomy":"product_brand","embeddable":true,"href":"https:\/\/footballthrift.shop\/en\/wp-json\/wp\/v2\/product_brand?post=51307"},{"taxonomy":"product_cat","embeddable":true,"href":"https:\/\/footballthrift.shop\/en\/wp-json\/wp\/v2\/product_cat?post=51307"},{"taxonomy":"product_tag","embeddable":true,"href":"https:\/\/footballthrift.shop\/en\/wp-json\/wp\/v2\/product_tag?post=51307"}],"curies":[{"name":"wp","href":"https:\/\/api.w.org\/{rel}","templated":true}]}}