{"id":50300,"date":"2025-02-13T17:53:24","date_gmt":"2025-02-13T16:53:24","guid":{"rendered":"https:\/\/footballthrift.shop\/?post_type=product&#038;p=50300"},"modified":"2026-03-09T11:32:11","modified_gmt":"2026-03-09T10:32:11","slug":"czech-2004-06-home-xl","status":"publish","type":"product","link":"https:\/\/footballthrift.shop\/en\/czechy-2004-06-home-xl\/","title":{"rendered":"Koszulka pi\u0142karska Czechy 2004\/06 Home [XL]"},"content":{"rendered":"<p><strong>Team:<\/strong> Czech Republic<\/p>\n<p><strong>Season:<\/strong> 2004\/06 Home<\/p>\n<p><strong>Size: <\/strong>XL<\/p>\n<p><strong>Condition:<\/strong> Very good - damaged flags on sleeves.<\/p>\n<p><strong>Dimensions (underarm width\/length) in cm: <\/strong>56\/80<\/p>","protected":false},"excerpt":{"rendered":"<p><strong>Original 2004\/06 Czech national football team home jersey by Puma.\u00a0<\/strong><\/p>\n<p>Home model <strong>of the Czech national team in 2004\/06<\/strong>produced by <strong>Puma<\/strong> in XL size, comes from one of the most memorable periods in the history of the Czech national team. It was a time when <strong>Czech Republic national team<\/strong> was one of Europe's top performers, culminating in the team's outstanding performance at the <strong>European Championship 2004<\/strong> in Portugal.<\/p>\n<p>The T-shirt was manufactured on <strong>red base<\/strong>, which is the basis for the colours <strong>the Czech national team<\/strong>. The project is supplemented by <strong>white and blue trim<\/strong>, which refer to the national colours. The sleeves feature <strong>Czech flags<\/strong>, which is a characteristic detail of the design prepared by the <strong>Puma<\/strong>, and the federation crest and logo <strong>Pumas<\/strong> arranged classically on the front, maintaining a balanced and symmetrical composition.<\/p>\n<p>During this period <strong>Czech Republic national team<\/strong> had one of the strongest generations in its history. The team featured, among others. <strong>Pavel Nedv\u011bd<\/strong>, <strong>Tom\u00e1\u0161 Rosick\u00fd<\/strong>, <strong>Jan Koller<\/strong>, <strong>Milan Baro\u0161<\/strong> and <strong>Petr \u010cech<\/strong>, and their dynamic and offensive play has taken the team all the way to the semi-finals <strong>Euro 2004<\/strong>, leaving a very good impression.<\/p>\n<p>The T-shirt was made from <strong>slippery and hard material<\/strong>, and the cut in size XL corresponds to the standard <strong>Pumas<\/strong> from the first half of the 2000s, offering a classic fit.<\/p>\n<p>This is for collectors and fans looking for an original home football jersey <strong>the Czech national team<\/strong> z <strong>2004\/06<\/strong>, a clear record of the team's golden period on the international stage.<\/p>","protected":false},"featured_media":50449,"template":"","meta":{"_kad_blocks_custom_css":"","_kad_blocks_head_custom_js":"","_kad_blocks_body_custom_js":"","_kad_blocks_footer_custom_js":"","_kad_post_transparent":"default","_kad_post_title":"","_kad_post_layout":"default","_kad_post_sidebar_id":"","_kad_post_content_style":"default","_kad_post_vertical_padding":"default","_kad_post_feature":"","_kad_post_feature_position":"","_kad_post_header":false,"_kad_post_footer":false,"_kad_post_classname":""},"product_brand":[1287],"product_cat":[1489],"product_tag":[],"class_list":{"0":"post-50300","1":"product","2":"type-product","3":"status-publish","4":"has-post-thumbnail","6":"product_brand-puma","7":"product_cat-pozostale-reprezentacje-europa","8":"pa_homeawaythird-home","9":"pa_rozmiar-xl","11":"first","12":"instock","13":"taxable","14":"shipping-taxable","15":"purchasable","16":"product-type-simple","17":"entry","18":"content-bg","19":"loop-entry"},"taxonomy_info":{"product_brand":[{"value":1287,"label":"Puma"}],"product_cat":[{"value":1489,"label":"Pozosta\u0142e"}],"pa_homeawaythird":[{"value":1597,"label":"Home"}],"pa_rozmiar":[{"value":1818,"label":"XL"}]},"featured_image_src_large":["https:\/\/footballthrift.shop\/wp-content\/uploads\/2024\/09\/Photoroom_002_20240907_120244-1024x1024.png",1024,1024,true],"author_info":[],"comment_info":"","_links":{"self":[{"href":"https:\/\/footballthrift.shop\/en\/wp-json\/wp\/v2\/product\/50300","targetHints":{"allow":["GET"]}}],"collection":[{"href":"https:\/\/footballthrift.shop\/en\/wp-json\/wp\/v2\/product"}],"about":[{"href":"https:\/\/footballthrift.shop\/en\/wp-json\/wp\/v2\/types\/product"}],"wp:featuredmedia":[{"embeddable":true,"href":"https:\/\/footballthrift.shop\/en\/wp-json\/wp\/v2\/media\/50449"}],"wp:attachment":[{"href":"https:\/\/footballthrift.shop\/en\/wp-json\/wp\/v2\/media?parent=50300"}],"wp:term":[{"taxonomy":"product_brand","embeddable":true,"href":"https:\/\/footballthrift.shop\/en\/wp-json\/wp\/v2\/product_brand?post=50300"},{"taxonomy":"product_cat","embeddable":true,"href":"https:\/\/footballthrift.shop\/en\/wp-json\/wp\/v2\/product_cat?post=50300"},{"taxonomy":"product_tag","embeddable":true,"href":"https:\/\/footballthrift.shop\/en\/wp-json\/wp\/v2\/product_tag?post=50300"}],"curies":[{"name":"wp","href":"https:\/\/api.w.org\/{rel}","templated":true}]}}