{"id":48625,"date":"2025-02-13T17:52:46","date_gmt":"2025-02-13T16:52:46","guid":{"rendered":"https:\/\/footballthrift.shop\/?post_type=product&#038;p=48625"},"modified":"2026-03-14T13:50:11","modified_gmt":"2026-03-14T12:50:11","slug":"match-issue-novara-calcio-2016-17-away-20-buy-l","status":"publish","type":"product","link":"https:\/\/footballthrift.shop\/en\/match-issue-novara-calcio-2016-17-away-20-kupisz-l\/","title":{"rendered":"Koszulka pi\u0142karska MATCH ISSUE Novara Calcio 2016\/17 Away 20 Kupisz [L]"},"content":{"rendered":"<p><strong>Team:<\/strong> Novara Calcio<\/p>\n<p><strong>Season:<\/strong> 2016\/17 Away<\/p>\n<p><strong>Size: <\/strong>L<\/p>\n<p><strong>Condition:<\/strong> Very good - soiling on back.<\/p>\n<p><strong>Dimensions (underarm width\/length) in cm: <\/strong>52\/71(front), 76(rear)<\/p>","protected":false},"excerpt":{"rendered":"<p><strong>Original Novara Calcio away football shirt from the 2016\/17 season by Joma, printed by Tomasz Kupisz.\u00a0<\/strong><\/p>\n<p>Away model <strong>Novary Calcio<\/strong> from the season <strong>2016\/17<\/strong>produced by <strong>Joma<\/strong> size L, dating back to the club's playing days in the competition <strong>Series B<\/strong>, the second division level in Italy. The team from the Piedmont region is one of the clubs with a long tradition, having interspersed performances in the lower leagues with episodes in the higher levels of Italian football over the years.<\/p>\n<p>The T-shirt has been produced on a white base and features two sponsor prints on the front as the centrepiece of the composition. There is a patch on the sleeve <strong>Series B<\/strong>, confirming participation <strong>Novary Calcio<\/strong> in the Italian second division. The overall design is kept in the classic away-from-home style characteristic of the designs <strong>Jomy<\/strong> prepared for Italian clubs at the time.<\/p>\n<p>There is an original print on the back. <strong>Tomasz Kupisz<\/strong>, a Polish winger who has spent much of his career in Italy. After his transfer from <strong>Jagiellonia Bia\u0142ystok<\/strong> At the age of 23 he found himself in <strong>Chievo Verona<\/strong>, and subsequently represented the colours of a number of clubs at various levels of the competition, including. <strong>Bari<\/strong>, <strong>Novary<\/strong>whether <strong>Livorno Calcio<\/strong>. His career path is one of the more interesting examples of a Polish footballer's career developing almost exclusively within the structures of Italian football.<\/p>\n<p>The T-shirt is made of a light and airy material and the cut in size L meets the standards of the <strong>Jomy<\/strong> and is in line with the match version in which it appeared <strong>Tomasz Kupisz<\/strong>.<\/p>\n<p>This is an offer for collectors and fans looking for <strong>Novara Calcio's original away football jersey from the 2016\/17 season by Joma<\/strong>, which is a clear record of the club's period of appearances in <strong>Series B<\/strong> and the Italian stage of his career <strong>Tomasz Kupisz<\/strong>.<\/p>","protected":false},"featured_media":48711,"template":"","meta":{"_kad_blocks_custom_css":"","_kad_blocks_head_custom_js":"","_kad_blocks_body_custom_js":"","_kad_blocks_footer_custom_js":"","_kad_post_transparent":"default","_kad_post_title":"","_kad_post_layout":"default","_kad_post_sidebar_id":"","_kad_post_content_style":"default","_kad_post_vertical_padding":"default","_kad_post_feature":"","_kad_post_feature_position":"","_kad_post_header":false,"_kad_post_footer":false,"_kad_post_classname":""},"product_brand":[1304],"product_cat":[1480,1409,1411],"product_tag":[],"class_list":{"0":"post-48625","1":"product","2":"type-product","3":"status-publish","4":"has-post-thumbnail","6":"product_brand-joma","7":"product_cat-pozostale-kluby-wloskie","8":"product_cat-match-worn-issue","9":"product_cat-polscy-pilkarze","10":"pa_homeawaythird-away","11":"pa_rozmiar-l","13":"first","14":"instock","15":"taxable","16":"shipping-taxable","17":"purchasable","18":"product-type-simple","19":"entry","20":"content-bg","21":"loop-entry"},"taxonomy_info":{"product_brand":[{"value":1304,"label":"Joma"}],"product_cat":[{"value":1480,"label":"Pozosta\u0142e kluby w\u0142oskie"},{"value":1409,"label":"MATCH WORN &amp; ISSUE"},{"value":1411,"label":"POLSCY PI\u0141KARZE"}],"pa_homeawaythird":[{"value":1598,"label":"Away"}],"pa_rozmiar":[{"value":1817,"label":"L"}]},"featured_image_src_large":["https:\/\/footballthrift.shop\/wp-content\/uploads\/2024\/08\/Photoroom_015_20240815_110205-1024x1024.png",1024,1024,true],"author_info":[],"comment_info":"","_links":{"self":[{"href":"https:\/\/footballthrift.shop\/en\/wp-json\/wp\/v2\/product\/48625","targetHints":{"allow":["GET"]}}],"collection":[{"href":"https:\/\/footballthrift.shop\/en\/wp-json\/wp\/v2\/product"}],"about":[{"href":"https:\/\/footballthrift.shop\/en\/wp-json\/wp\/v2\/types\/product"}],"wp:featuredmedia":[{"embeddable":true,"href":"https:\/\/footballthrift.shop\/en\/wp-json\/wp\/v2\/media\/48711"}],"wp:attachment":[{"href":"https:\/\/footballthrift.shop\/en\/wp-json\/wp\/v2\/media?parent=48625"}],"wp:term":[{"taxonomy":"product_brand","embeddable":true,"href":"https:\/\/footballthrift.shop\/en\/wp-json\/wp\/v2\/product_brand?post=48625"},{"taxonomy":"product_cat","embeddable":true,"href":"https:\/\/footballthrift.shop\/en\/wp-json\/wp\/v2\/product_cat?post=48625"},{"taxonomy":"product_tag","embeddable":true,"href":"https:\/\/footballthrift.shop\/en\/wp-json\/wp\/v2\/product_tag?post=48625"}],"curies":[{"name":"wp","href":"https:\/\/api.w.org\/{rel}","templated":true}]}}