{"id":45961,"date":"2024-07-14T15:28:25","date_gmt":"2024-07-14T13:28:25","guid":{"rendered":"https:\/\/footballthrift.shop\/?post_type=product&#038;p=45961"},"modified":"2026-03-29T12:55:54","modified_gmt":"2026-03-29T10:55:54","slug":"atlanta-united-fc-2021-23-third-xl","status":"publish","type":"product","link":"https:\/\/footballthrift.shop\/en\/atlanta-united-fc-2021-23-third-xl\/","title":{"rendered":"Koszulka pi\u0142karska Atlanta United FC 2021\/23 Third [XL]"},"content":{"rendered":"<p><strong>Team:<\/strong> Atlanta United FC<\/p>\n<p><strong>Season:<\/strong> 2021\/23 Third<\/p>\n<p><strong>Size: <\/strong>XL<\/p>\n<p><strong>Condition:<\/strong> Excellent<\/p>\n<p><strong>Dimensions (underarm width\/length) in cm: <\/strong>58\/81<\/p>","protected":false},"excerpt":{"rendered":"<p><strong>Original Atlanta United FC home football shirt from 2021\/23 by Adidas.\u00a0<\/strong><\/p>\n<p>Home model <strong>Atlanta United FC<\/strong> over the years <strong>2021\/23<\/strong>produced by <strong>Adidas<\/strong> in size XL, comes from the club's time in MLS, where the team remained one of the league's most recognisable teams. The copy is new and preserved with tags, highlighting its collectible nature.<\/p>\n<p>The T-shirt was produced on a maroon base, referring to the identity of the <strong>Atlanta United FC<\/strong>, complemented by orange inserts that give the design a dynamic look. The front features the club crest and logo <strong>Adidas<\/strong>, The chest is classically positioned, and the overall design is modern and characteristic of the brand's designs.<\/p>\n<p>The T-shirt is made of a light and airy material and the cut in size XL meets the standards of the <strong>Adidas<\/strong>, ensuring a fit in line with the brand's designs.<\/p>\n<p>This is for collectors and fans looking for an original home football jersey <strong>Atlanta United FC<\/strong> over the years <strong>2021\/23<\/strong>, which is a legible record of the club's presence in MLS competitions.<\/p>","protected":false},"featured_media":46235,"template":"","meta":{"_kad_blocks_custom_css":"","_kad_blocks_head_custom_js":"","_kad_blocks_body_custom_js":"","_kad_blocks_footer_custom_js":"","_kad_post_transparent":"default","_kad_post_title":"","_kad_post_layout":"default","_kad_post_sidebar_id":"","_kad_post_content_style":"default","_kad_post_vertical_padding":"default","_kad_post_feature":"","_kad_post_feature_position":"","_kad_post_header":false,"_kad_post_footer":false,"_kad_post_classname":""},"product_brand":[1283],"product_cat":[1415],"product_tag":[],"class_list":{"0":"post-45961","1":"product","2":"type-product","3":"status-publish","4":"has-post-thumbnail","6":"product_brand-adidas","7":"product_cat-ameryka-srodkowa-i-polnocna","8":"pa_homeawaythird-third","9":"pa_rozmiar-xl","11":"first","12":"instock","13":"taxable","14":"shipping-taxable","15":"purchasable","16":"product-type-simple","17":"entry","18":"content-bg","19":"loop-entry"},"taxonomy_info":{"product_brand":[{"value":1283,"label":"Adidas"}],"product_cat":[{"value":1415,"label":"Ameryka \u015arodkowa i P\u00f3\u0142nocna"}],"pa_homeawaythird":[{"value":1599,"label":"Third"}],"pa_rozmiar":[{"value":1818,"label":"XL"}]},"featured_image_src_large":["https:\/\/footballthrift.shop\/wp-content\/uploads\/2024\/07\/Photoroom_030_20240711_175755-1024x1024.png",1024,1024,true],"author_info":[],"comment_info":"","_links":{"self":[{"href":"https:\/\/footballthrift.shop\/en\/wp-json\/wp\/v2\/product\/45961","targetHints":{"allow":["GET"]}}],"collection":[{"href":"https:\/\/footballthrift.shop\/en\/wp-json\/wp\/v2\/product"}],"about":[{"href":"https:\/\/footballthrift.shop\/en\/wp-json\/wp\/v2\/types\/product"}],"wp:featuredmedia":[{"embeddable":true,"href":"https:\/\/footballthrift.shop\/en\/wp-json\/wp\/v2\/media\/46235"}],"wp:attachment":[{"href":"https:\/\/footballthrift.shop\/en\/wp-json\/wp\/v2\/media?parent=45961"}],"wp:term":[{"taxonomy":"product_brand","embeddable":true,"href":"https:\/\/footballthrift.shop\/en\/wp-json\/wp\/v2\/product_brand?post=45961"},{"taxonomy":"product_cat","embeddable":true,"href":"https:\/\/footballthrift.shop\/en\/wp-json\/wp\/v2\/product_cat?post=45961"},{"taxonomy":"product_tag","embeddable":true,"href":"https:\/\/footballthrift.shop\/en\/wp-json\/wp\/v2\/product_tag?post=45961"}],"curies":[{"name":"wp","href":"https:\/\/api.w.org\/{rel}","templated":true}]}}