{"id":45343,"date":"2024-07-07T15:47:49","date_gmt":"2024-07-07T13:47:49","guid":{"rendered":"https:\/\/footballthrift.shop\/?post_type=product&#038;p=45343"},"modified":"2026-04-08T17:02:10","modified_gmt":"2026-04-08T15:02:10","slug":"sweatshirt-uruguay-l","status":"publish","type":"product","link":"https:\/\/footballthrift.shop\/en\/bluza-urugwaj-l\/","title":{"rendered":"Bluza treningowa Urugwaj 2016\/18 [L]"},"content":{"rendered":"<p><strong>Team:<\/strong> Uruguay<\/p>\n<p><strong>Season:\u00a0<\/strong>2016\/18<\/p>\n<p><strong>Size: <\/strong>L<\/p>\n<p><strong>Condition:<\/strong> Excellent<\/p>\n<p><strong>Dimensions (underarm width\/length) in cm: <\/strong>57\/71<\/p>","protected":false},"excerpt":{"rendered":"<p><strong>Oryginalna treningowa bluza pi\u0142karska reprezentacji Urugwaju z lat 2014\/16 produkcji Pumy.\u00a0<\/strong><\/p>\n<p>Training model <strong>reprezentacji Urugwaju<\/strong> over the years <strong>2014\/16<\/strong>produced by <strong>Puma<\/strong> w rozmiarze L, pochodzi z okresu, w kt\u00f3rym kadra utrzymywa\u0142a status jednej z najmocniejszych dru\u017cyn Ameryki Po\u0142udniowej. Zesp\u00f3\u0142 rywalizowa\u0142 m.in. na mistrzostwach \u015bwiata 2014 oraz w Copa Am\u00e9rica, opieraj\u0105c swoj\u0105 gr\u0119 na do\u015bwiadczeniu i charakterystycznej waleczno\u015bci.<\/p>\n<p>Bluza zosta\u0142a wyprodukowana na b\u0142\u0119kitnej bazie, z bia\u0142ymi panelami biegn\u0105cymi wzd\u0142u\u017c r\u0119kaw\u00f3w oraz na ramionach, co tworzy kontrastowy i dynamiczny uk\u0142ad kolorystyczny. Ca\u0142o\u015b\u0107 uzupe\u0142nia zamek b\u0142yskawiczny, a projekt zachowuje sportowy, funkcjonalny charakter typowy dla treningowych modeli <strong>Pumas<\/strong>.<\/p>\n<p>During this period <strong>reprezentacja Urugwaju<\/strong> opiera\u0142a si\u0119 na takich zawodnikach jak <strong>Luis Su\u00e1rez<\/strong>, b\u0119d\u0105cy liderem ofensywy, a tak\u017ce <strong>Edinson Cavani<\/strong>, <strong>Diego God\u00edn<\/strong>, <strong>\u00d3scar Tab\u00e1rez<\/strong>\u00a0or <strong>Fernando Muslera<\/strong>, tworz\u0105c zesp\u00f3\u0142 rozpoznawalny dzi\u0119ki swojej intensywno\u015bci i skuteczno\u015bci.<\/p>\n<p>Bluza zosta\u0142a wykonana z lekkiego i przewiewnego materia\u0142u, a kr\u00f3j w rozmiarze L odpowiada standardom stosowanym przez <strong>Puma<\/strong>.<\/p>\n<p>To propozycja dla kolekcjoner\u00f3w oraz kibic\u00f3w poszukuj\u0105cych oryginalnej treningowej bluzy pi\u0142karskiej <strong>reprezentacji Urugwaju<\/strong> over the years <strong>2014\/16<\/strong>, stanowi\u0105cej czytelny zapis jej rywalizacji na mi\u0119dzynarodowej scenie.<\/p>","protected":false},"featured_media":45482,"template":"","meta":{"_kad_blocks_custom_css":"","_kad_blocks_head_custom_js":"","_kad_blocks_body_custom_js":"","_kad_blocks_footer_custom_js":"","_kad_post_transparent":"default","_kad_post_title":"","_kad_post_layout":"default","_kad_post_sidebar_id":"","_kad_post_content_style":"default","_kad_post_vertical_padding":"default","_kad_post_feature":"","_kad_post_feature_position":"","_kad_post_header":false,"_kad_post_footer":false,"_kad_post_classname":""},"product_brand":[1287],"product_cat":[1457,1423],"product_tag":[],"class_list":{"0":"post-45343","1":"product","2":"type-product","3":"status-publish","4":"has-post-thumbnail","6":"product_brand-puma","7":"product_cat-pozostale","8":"product_cat-kurtkibluzytrening","9":"pa_rozmiar-l","11":"first","12":"instock","13":"taxable","14":"shipping-taxable","15":"purchasable","16":"product-type-simple","17":"entry","18":"content-bg","19":"loop-entry"},"taxonomy_info":{"product_brand":[{"value":1287,"label":"Puma"}],"product_cat":[{"value":1457,"label":"Pozosta\u0142e"},{"value":1423,"label":"Kurtki\/bluzy\/trening"}],"pa_rozmiar":[{"value":1817,"label":"L"}]},"featured_image_src_large":["https:\/\/footballthrift.shop\/wp-content\/uploads\/2024\/07\/Photoroom_002_20240702_155531-1024x1024.png",1024,1024,true],"author_info":[],"comment_info":"","_links":{"self":[{"href":"https:\/\/footballthrift.shop\/en\/wp-json\/wp\/v2\/product\/45343","targetHints":{"allow":["GET"]}}],"collection":[{"href":"https:\/\/footballthrift.shop\/en\/wp-json\/wp\/v2\/product"}],"about":[{"href":"https:\/\/footballthrift.shop\/en\/wp-json\/wp\/v2\/types\/product"}],"wp:featuredmedia":[{"embeddable":true,"href":"https:\/\/footballthrift.shop\/en\/wp-json\/wp\/v2\/media\/45482"}],"wp:attachment":[{"href":"https:\/\/footballthrift.shop\/en\/wp-json\/wp\/v2\/media?parent=45343"}],"wp:term":[{"taxonomy":"product_brand","embeddable":true,"href":"https:\/\/footballthrift.shop\/en\/wp-json\/wp\/v2\/product_brand?post=45343"},{"taxonomy":"product_cat","embeddable":true,"href":"https:\/\/footballthrift.shop\/en\/wp-json\/wp\/v2\/product_cat?post=45343"},{"taxonomy":"product_tag","embeddable":true,"href":"https:\/\/footballthrift.shop\/en\/wp-json\/wp\/v2\/product_tag?post=45343"}],"curies":[{"name":"wp","href":"https:\/\/api.w.org\/{rel}","templated":true}]}}