{"id":45321,"date":"2024-07-07T15:47:41","date_gmt":"2024-07-07T13:47:41","guid":{"rendered":"https:\/\/footballthrift.shop\/?post_type=product&#038;p=45321"},"modified":"2026-04-10T12:11:05","modified_gmt":"2026-04-10T10:11:05","slug":"czechy-2000-01-home-l","status":"publish","type":"product","link":"https:\/\/footballthrift.shop\/en\/czechy-2000-01-home-l\/","title":{"rendered":"Koszulka pi\u0142karska Czechy 2000\/02 Home [L]"},"content":{"rendered":"<p><strong>Team:<\/strong> Czech Republic<\/p>\n<p><strong>Season:<\/strong> 2000\/02 Home<\/p>\n<p><strong>Size: <\/strong>L<\/p>\n<p><strong>Condition:<\/strong> Good - cracked Puma logo on front and a couple of minor pulls.<\/p>\n<p><strong>Dimensions (underarm width\/length) in cm: <\/strong>62\/70(front), 76(rear)<\/p>","protected":false},"excerpt":{"rendered":"<p><strong>Oryginalna domowa koszulka pi\u0142karska reprezentacji Czech z lat 2000\/02 produkcji Pumy.\u00a0<\/strong><\/p>\n<p>Home model <strong>the Czech national team<\/strong> over the years <strong>2000\/02<\/strong>produced by <strong>Puma<\/strong> w rozmiarze L, pochodzi z okresu po udanym Euro 2000, kiedy kadra utrzymywa\u0142a status jednej z najmocniejszych dru\u017cyn w Europie \u015arodkowej. Zesp\u00f3\u0142 opiera\u0142 si\u0119 na do\u015bwiadczonych zawodnikach i kontynuowa\u0142 rywalizacj\u0119 w eliminacjach do kolejnych turniej\u00f3w mi\u0119dzynarodowych.<\/p>\n<p>Koszulka zosta\u0142a wyprodukowana na czerwonej bazie, z bia\u0142ymi i niebieskimi wstawkami, kt\u00f3re nawi\u0105zuj\u0105 do narodowych barw <strong>the Czech national team<\/strong>. Projekt zachowuje klasyczny i czytelny uk\u0142ad, typowy dla koszulek <strong>Pumas<\/strong> from the early 2000s.<\/p>\n<p>During this period <strong>Czech Republic national team<\/strong> mog\u0142a liczy\u0107 na takich zawodnik\u00f3w jak <strong>Pavel Nedv\u011bd<\/strong>, b\u0119d\u0105cy liderem dru\u017cyny i jednym z najlepszych pomocnik\u00f3w swojej epoki, a tak\u017ce <strong>Jan Koller<\/strong>, <strong>Karel Poborsk\u00fd<\/strong>, <strong>Tom\u00e1\u0161 Rosick\u00fd<\/strong> or <strong>Petr \u010cech<\/strong>, kt\u00f3rzy tworzyli fundament zespo\u0142u i zapowiadali kolejne sukcesy tej generacji.<\/p>\n<p>Koszulka zosta\u0142a wykonana z lekkiego i przewiewnego materia\u0142u, a kr\u00f3j w rozmiarze L odpowiada standardom stosowanym przez <strong>Puma<\/strong>.<\/p>\n<p>This is for collectors and fans looking for an original home football jersey <strong>the Czech national team<\/strong> over the years <strong>2000\/02<\/strong>, stanowi\u0105cej czytelny zapis jednego z solidnych okres\u00f3w w historii kadry.<\/p>","protected":false},"featured_media":45617,"template":"","meta":{"_kad_blocks_custom_css":"","_kad_blocks_head_custom_js":"","_kad_blocks_body_custom_js":"","_kad_blocks_footer_custom_js":"","_kad_post_transparent":"default","_kad_post_title":"","_kad_post_layout":"default","_kad_post_sidebar_id":"","_kad_post_content_style":"default","_kad_post_vertical_padding":"default","_kad_post_feature":"","_kad_post_feature_position":"","_kad_post_header":false,"_kad_post_footer":false,"_kad_post_classname":""},"product_brand":[1287],"product_cat":[1489],"product_tag":[],"class_list":{"0":"post-45321","1":"product","2":"type-product","3":"status-publish","4":"has-post-thumbnail","6":"product_brand-puma","7":"product_cat-pozostale-reprezentacje-europa","8":"pa_homeawaythird-home","9":"pa_rozmiar-l","11":"first","12":"instock","13":"taxable","14":"shipping-taxable","15":"purchasable","16":"product-type-simple","17":"entry","18":"content-bg","19":"loop-entry"},"taxonomy_info":{"product_brand":[{"value":1287,"label":"Puma"}],"product_cat":[{"value":1489,"label":"Pozosta\u0142e"}],"pa_homeawaythird":[{"value":1597,"label":"Home"}],"pa_rozmiar":[{"value":1817,"label":"L"}]},"featured_image_src_large":["https:\/\/footballthrift.shop\/wp-content\/uploads\/2024\/07\/Photoroom_042_20240702_155531-1024x1024.png",1024,1024,true],"author_info":[],"comment_info":"","_links":{"self":[{"href":"https:\/\/footballthrift.shop\/en\/wp-json\/wp\/v2\/product\/45321","targetHints":{"allow":["GET"]}}],"collection":[{"href":"https:\/\/footballthrift.shop\/en\/wp-json\/wp\/v2\/product"}],"about":[{"href":"https:\/\/footballthrift.shop\/en\/wp-json\/wp\/v2\/types\/product"}],"wp:featuredmedia":[{"embeddable":true,"href":"https:\/\/footballthrift.shop\/en\/wp-json\/wp\/v2\/media\/45617"}],"wp:attachment":[{"href":"https:\/\/footballthrift.shop\/en\/wp-json\/wp\/v2\/media?parent=45321"}],"wp:term":[{"taxonomy":"product_brand","embeddable":true,"href":"https:\/\/footballthrift.shop\/en\/wp-json\/wp\/v2\/product_brand?post=45321"},{"taxonomy":"product_cat","embeddable":true,"href":"https:\/\/footballthrift.shop\/en\/wp-json\/wp\/v2\/product_cat?post=45321"},{"taxonomy":"product_tag","embeddable":true,"href":"https:\/\/footballthrift.shop\/en\/wp-json\/wp\/v2\/product_tag?post=45321"}],"curies":[{"name":"wp","href":"https:\/\/api.w.org\/{rel}","templated":true}]}}