{"id":44872,"date":"2024-06-30T16:56:45","date_gmt":"2024-06-30T14:56:45","guid":{"rendered":"https:\/\/footballthrift.shop\/?post_type=product&#038;p=44872"},"modified":"2026-04-10T16:05:10","modified_gmt":"2026-04-10T14:05:10","slug":"szwajcaria-2006-08-home-l","status":"publish","type":"product","link":"https:\/\/footballthrift.shop\/en\/szwajcaria-2006-08-home-l\/","title":{"rendered":"Koszulka pi\u0142karska Szwajcaria 2006\/08 Home [L]"},"content":{"rendered":"<p><strong>Team:<\/strong> Switzerland<\/p>\n<p><strong>Season:<\/strong> 2006\/08 Home<\/p>\n<p><strong>Size: <\/strong>L<\/p>\n<p><strong>Condition:<\/strong> Excellent<\/p>\n<p><strong>Dimensions (underarm width\/length) in cm: <\/strong>58\/73<\/p>","protected":false},"excerpt":{"rendered":"<p><strong>Oryginalna domowa koszulka pi\u0142karska reprezentacji Szwajcarii z lat 2006\/08 produkcji Pumy.\u00a0<\/strong><\/p>\n<p>Home model <strong>the Swiss national team<\/strong> over the years <strong>2006\/08<\/strong>produced by <strong>Puma<\/strong> w rozmiarze L, pochodzi z okresu wyst\u0119pu kadry na mistrzostwach \u015bwiata 2006 w Niemczech, gdzie zesp\u00f3\u0142 zaprezentowa\u0142 si\u0119 bardzo solidnie, docieraj\u0105c do fazy pucharowej i wyr\u00f3\u017cniaj\u0105c si\u0119 jedn\u0105 z najlepszych defensyw turnieju.<\/p>\n<p>Koszulka zosta\u0142a wyprodukowana na czerwonej bazie, z bia\u0142ymi kontrastuj\u0105cymi elementami, kt\u00f3re podkre\u015blaj\u0105 narodowe barwy <strong>the Swiss national team<\/strong>. Na froncie widoczny jest subtelny rysunek flagi z krzy\u017cem helwet\u00f3w, nadaj\u0105cy projektowi charakterystyczny i symboliczny wygl\u0105d. Ca\u0142o\u015b\u0107 utrzymana jest w stylistyce typowej dla projekt\u00f3w <strong>Pumas<\/strong> from that period.<\/p>\n<p>During this period <strong>Swiss national team<\/strong> opiera\u0142a swoj\u0105 gr\u0119 na takich zawodnikach jak <strong>Alexander Frei<\/strong>, b\u0119d\u0105cy liderem ofensywy, a tak\u017ce <strong>St\u00e9phane Chapuisat<\/strong>, <strong>Johan Djourou<\/strong>, <strong>Philipp Degen<\/strong> or <strong>Pascal Zuberb\u00fchler<\/strong>, tworz\u0105c zesp\u00f3\u0142 zdyscyplinowany i trudny do pokonania.<\/p>\n<p>Koszulka zosta\u0142a wykonana z lekkiego i przewiewnego materia\u0142u, a kr\u00f3j w rozmiarze L odpowiada standardom stosowanym przez <strong>Puma<\/strong>.<\/p>\n<p>This is for collectors and fans looking for an original home football jersey <strong>the Swiss national team<\/strong> over the years <strong>2006\/08<\/strong>, stanowi\u0105cej czytelny zapis jej udanego wyst\u0119pu na mundialu 2006.<\/p>","protected":false},"featured_media":45047,"template":"","meta":{"_kad_blocks_custom_css":"","_kad_blocks_head_custom_js":"","_kad_blocks_body_custom_js":"","_kad_blocks_footer_custom_js":"","_kad_post_transparent":"default","_kad_post_title":"","_kad_post_layout":"default","_kad_post_sidebar_id":"","_kad_post_content_style":"default","_kad_post_vertical_padding":"default","_kad_post_feature":"","_kad_post_feature_position":"","_kad_post_header":false,"_kad_post_footer":false,"_kad_post_classname":""},"product_brand":[1287],"product_cat":[1489],"product_tag":[],"class_list":{"0":"post-44872","1":"product","2":"type-product","3":"status-publish","4":"has-post-thumbnail","6":"product_brand-puma","7":"product_cat-pozostale-reprezentacje-europa","8":"pa_homeawaythird-home","9":"pa_rozmiar-l","11":"first","12":"instock","13":"taxable","14":"shipping-taxable","15":"purchasable","16":"product-type-simple","17":"entry","18":"content-bg","19":"loop-entry"},"taxonomy_info":{"product_brand":[{"value":1287,"label":"Puma"}],"product_cat":[{"value":1489,"label":"Pozosta\u0142e"}],"pa_homeawaythird":[{"value":1597,"label":"Home"}],"pa_rozmiar":[{"value":1817,"label":"L"}]},"featured_image_src_large":["https:\/\/footballthrift.shop\/wp-content\/uploads\/2024\/06\/Photoroom_028_20240625_182121-1024x1024.png",1024,1024,true],"author_info":[],"comment_info":"","_links":{"self":[{"href":"https:\/\/footballthrift.shop\/en\/wp-json\/wp\/v2\/product\/44872","targetHints":{"allow":["GET"]}}],"collection":[{"href":"https:\/\/footballthrift.shop\/en\/wp-json\/wp\/v2\/product"}],"about":[{"href":"https:\/\/footballthrift.shop\/en\/wp-json\/wp\/v2\/types\/product"}],"wp:featuredmedia":[{"embeddable":true,"href":"https:\/\/footballthrift.shop\/en\/wp-json\/wp\/v2\/media\/45047"}],"wp:attachment":[{"href":"https:\/\/footballthrift.shop\/en\/wp-json\/wp\/v2\/media?parent=44872"}],"wp:term":[{"taxonomy":"product_brand","embeddable":true,"href":"https:\/\/footballthrift.shop\/en\/wp-json\/wp\/v2\/product_brand?post=44872"},{"taxonomy":"product_cat","embeddable":true,"href":"https:\/\/footballthrift.shop\/en\/wp-json\/wp\/v2\/product_cat?post=44872"},{"taxonomy":"product_tag","embeddable":true,"href":"https:\/\/footballthrift.shop\/en\/wp-json\/wp\/v2\/product_tag?post=44872"}],"curies":[{"name":"wp","href":"https:\/\/api.w.org\/{rel}","templated":true}]}}