{"id":39910,"date":"2024-04-01T12:37:34","date_gmt":"2024-04-01T10:37:34","guid":{"rendered":"https:\/\/footballthrift.shop\/?post_type=product&#038;p=39910"},"modified":"2026-03-28T17:01:52","modified_gmt":"2026-03-28T16:01:52","slug":"fc-bayern-monachium-2005-06-home-xl","status":"publish","type":"product","link":"https:\/\/footballthrift.shop\/en\/fc-bayern-monachium-2005-06-home-xl\/","title":{"rendered":"Koszulka pi\u0142karska FC Bayern Monachium 2005\/06 Home [XL]"},"content":{"rendered":"<p><strong>Team:<\/strong> FC Bayern Munich<\/p>\n<p><strong>Season:<\/strong> 2005\/06 Home<\/p>\n<p><strong>Size: <\/strong>XL<\/p>\n<p><strong>Condition:\u00a0<\/strong>Very good<\/p>\n<p><strong>Dimensions (underarm width\/length) in cm: <\/strong>63\/71(front),80(rear)<\/p>","protected":false},"excerpt":{"rendered":"<p><strong>Original Bayern Munich home football shirt from the 2005\/06 season by Adidas.\u00a0<\/strong><\/p>\n<p>Home model <strong>Bayern Munich<\/strong> from the season <strong>2005\/06<\/strong>produced by <strong>Adidas<\/strong> w rozmiarze XL, pochodzi z okresu pe\u0142nej dominacji klubu na krajowym podw\u00f3rku. Dru\u017cyna prowadzona przez Felixa Magatha si\u0119gn\u0119\u0142a w tym sezonie po mistrzostwo Niemiec oraz Puchar Niemiec, kompletuj\u0105c kolejny dublet w swojej historii.<\/p>\n<p>Koszulka zosta\u0142a wyprodukowana w jednolitej czerwonej kolorystyce, b\u0119d\u0105cej znakiem rozpoznawczym <strong>Bayern Munich<\/strong>, a ca\u0142o\u015b\u0107 uzupe\u0142nia bia\u0142y ko\u0142nierzyk, nadaj\u0105cy projektowi elegancki i minimalistyczny charakter. Na froncie centralnie umieszczony zosta\u0142 nadruk sponsora <strong>T-Com<\/strong>, a obok znajduj\u0105 si\u0119 herb klubu z trzema gwiazdkami oraz logo <strong>Adidas<\/strong>, tworz\u0105c klasyczn\u0105 i przejrzyst\u0105 kompozycj\u0119.<\/p>\n<p>W sezonie 2005\/06 barwy <strong>Bayern Munich<\/strong> represented, among others, by. <strong>Michael Ballack<\/strong>, b\u0119d\u0105cy liderem \u015brodka pola, <strong>Roy Makaay<\/strong>, responsible for efficiency in attack, and <strong>Bastian Schweinsteiger<\/strong>, <strong>Oliver Kahn<\/strong>, <strong>Claudio Pizarro<\/strong> i <strong>Philipp Lahm<\/strong>, kt\u00f3rzy stanowili trzon jednej z najmocniejszych dru\u017cyn w Niemczech.<\/p>\n<p>The T-shirt is made of a light and airy material and the cut in size XL meets the standards of the <strong>Adidas<\/strong>, providing the classic fit characteristic of the brand's designs.<\/p>\n<p>This is for collectors and fans looking for an original home football jersey <strong>Bayern Munich<\/strong> from the season <strong>2005\/06<\/strong>, stanowi\u0105cej czytelny zapis jednego z dominuj\u0105cych okres\u00f3w w historii klubu.<\/p>","protected":false},"featured_media":40151,"template":"","meta":{"_kad_blocks_custom_css":"","_kad_blocks_head_custom_js":"","_kad_blocks_body_custom_js":"","_kad_blocks_footer_custom_js":"","_kad_post_transparent":"default","_kad_post_title":"","_kad_post_layout":"default","_kad_post_sidebar_id":"","_kad_post_content_style":"default","_kad_post_vertical_padding":"default","_kad_post_feature":"","_kad_post_feature_position":"","_kad_post_header":false,"_kad_post_footer":false,"_kad_post_classname":""},"product_brand":[1283],"product_cat":[1455],"product_tag":[],"class_list":{"0":"post-39910","1":"product","2":"type-product","3":"status-publish","4":"has-post-thumbnail","6":"product_brand-adidas","7":"product_cat-kluby-niemieckie-fcbayernmonachium","8":"pa_homeawaythird-home","9":"pa_rozmiar-xl","11":"first","12":"instock","13":"taxable","14":"shipping-taxable","15":"purchasable","16":"product-type-simple","17":"entry","18":"content-bg","19":"loop-entry"},"taxonomy_info":{"product_brand":[{"value":1283,"label":"Adidas"}],"product_cat":[{"value":1455,"label":"FC Bayern Monachium"}],"pa_homeawaythird":[{"value":1597,"label":"Home"}],"pa_rozmiar":[{"value":1818,"label":"XL"}]},"featured_image_src_large":["https:\/\/footballthrift.shop\/wp-content\/uploads\/2024\/04\/Photoroom_048_20240405_141209-1024x1024.png",1024,1024,true],"author_info":[],"comment_info":"","_links":{"self":[{"href":"https:\/\/footballthrift.shop\/en\/wp-json\/wp\/v2\/product\/39910","targetHints":{"allow":["GET"]}}],"collection":[{"href":"https:\/\/footballthrift.shop\/en\/wp-json\/wp\/v2\/product"}],"about":[{"href":"https:\/\/footballthrift.shop\/en\/wp-json\/wp\/v2\/types\/product"}],"wp:featuredmedia":[{"embeddable":true,"href":"https:\/\/footballthrift.shop\/en\/wp-json\/wp\/v2\/media\/40151"}],"wp:attachment":[{"href":"https:\/\/footballthrift.shop\/en\/wp-json\/wp\/v2\/media?parent=39910"}],"wp:term":[{"taxonomy":"product_brand","embeddable":true,"href":"https:\/\/footballthrift.shop\/en\/wp-json\/wp\/v2\/product_brand?post=39910"},{"taxonomy":"product_cat","embeddable":true,"href":"https:\/\/footballthrift.shop\/en\/wp-json\/wp\/v2\/product_cat?post=39910"},{"taxonomy":"product_tag","embeddable":true,"href":"https:\/\/footballthrift.shop\/en\/wp-json\/wp\/v2\/product_tag?post=39910"}],"curies":[{"name":"wp","href":"https:\/\/api.w.org\/{rel}","templated":true}]}}