{"id":36792,"date":"2024-02-04T19:22:40","date_gmt":"2024-02-04T18:22:40","guid":{"rendered":"https:\/\/footballthrift.shop\/?post_type=product&#038;p=36792"},"modified":"2026-03-09T11:33:53","modified_gmt":"2026-03-09T10:33:53","slug":"fc-bayern-monachium-2004-05-away-xxl","status":"publish","type":"product","link":"https:\/\/footballthrift.shop\/en\/fc-bayern-monachium-2004-05-away-xxl\/","title":{"rendered":"Koszulka pi\u0142karska FC Bayern Monachium 2004\/05 Away [XXL]"},"content":{"rendered":"<p><strong>Team:<\/strong> FC Bayern Munich<\/p>\n<p><strong>Season:<\/strong> 2004\/05 Away<\/p>\n<p><strong>Size: <\/strong>XXL<\/p>\n<p><strong>Condition:<\/strong> Very good - three micro spots.<\/p>\n<p><strong>Dimensions (underarm width\/length) in cm: <\/strong>64\/71(front), 80(rear)<\/p>","protected":false},"excerpt":{"rendered":"<article class=\"text-token-text-primary w-full focus:outline-none [--shadow-height:45px] has-data-writing-block:pointer-events-none has-data-writing-block:-mt-(--shadow-height) has-data-writing-block:pt-(--shadow-height) [&amp;:has([data-writing-block])&gt;*]:pointer-events-auto [content-visibility:auto] supports-[content-visibility:auto]:[contain-intrinsic-size:auto_100lvh] scroll-mt-[calc(var(--header-height)+min(200px,max(70px,20svh)))]\" dir=\"auto\" tabindex=\"-1\" data-turn-id=\"request-68e7ba2f-f020-832b-8c95-839062483b95-2\" data-testid=\"conversation-turn-140\" data-scroll-anchor=\"true\" data-turn=\"assistant\">\n<div class=\"text-base my-auto mx-auto pb-10 [--thread-content-margin:--spacing(4)] thread-sm:[--thread-content-margin:--spacing(6)] thread-lg:[--thread-content-margin:--spacing(16)] px-(--thread-content-margin)\">\n<div class=\"[--thread-content-max-width:40rem] thread-lg:[--thread-content-max-width:48rem] mx-auto max-w-(--thread-content-max-width) flex-1 group\/turn-messages focus-visible:outline-hidden relative flex w-full min-w-0 flex-col agent-turn\" tabindex=\"-1\">\n<div class=\"flex max-w-full flex-col grow\">\n<div class=\"min-h-8 text-message relative flex w-full flex-col items-end gap-2 text-start break-words whitespace-normal [.text-message+&amp;]:mt-1\" dir=\"auto\" data-message-author-role=\"assistant\" data-message-id=\"b040f5c9-2dfc-435c-8359-ba81d6968033\" data-message-model-slug=\"gpt-5\">\n<div class=\"flex w-full flex-col gap-1 empty:hidden first:pt-[1px]\">\n<div class=\"markdown prose dark:prose-invert w-full break-words light markdown-new-styling\">\n<p data-start=\"0\" data-end=\"101\"><strong data-start=\"0\" data-end=\"99\">Oryginalna wyjazdowa koszulka pi\u0142karska Bayernu Monachium z sezonu 2004\/05 \u2013 produkcji Adidasa.\u00a0<\/strong><\/p>\n<p data-start=\"103\" data-end=\"443\">Projekt przygotowany przez <strong data-start=\"130\" data-end=\"141\">Adidasa<\/strong> na sezon 2004\/05 to elegancka i minimalistyczna ods\u0142ona wyjazdowego stroju <strong data-start=\"217\" data-end=\"238\">Bayernu Monachium<\/strong>, kt\u00f3ra doskonale \u0142\u0105czy klasyk\u0119 z nowoczesnym, luksusowym charakterem. Kolorystyka i detale tej koszulki sprawiaj\u0105, \u017ce do dzi\u015b uznawana jest za jedn\u0105 z najbardziej stylowych w historii bawarskiego klubu.<\/p>\n<p data-start=\"445\" data-end=\"838\">Koszulka utrzymana jest w <strong data-start=\"471\" data-end=\"489\">z\u0142otym kolorze<\/strong>, kt\u00f3ry symbolizuje presti\u017c i sukcesy, z jakich s\u0142ynie Bayern. Ca\u0142o\u015b\u0107 dope\u0142niaj\u0105 <strong data-start=\"570\" data-end=\"588\">czarne akcenty<\/strong> \u2013 trzy paski <strong data-start=\"602\" data-end=\"613\">Adidasa<\/strong> biegn\u0105ce po r\u0119kawkach, <strong data-start=\"637\" data-end=\"662\">wyko\u0144czenie ko\u0142nierza<\/strong>, a tak\u017ce <strong data-start=\"672\" data-end=\"686\">herb klubu<\/strong> oraz <strong data-start=\"692\" data-end=\"711\">logo producenta<\/strong>. Na froncie centralnie umieszczono <strong data-start=\"747\" data-end=\"775\">nadruk sponsora T-Mobile<\/strong>, kt\u00f3rego kontrastuj\u0105cy kolor nadaje projektowi wyrazisto\u015bci.<\/p>\n<p data-start=\"840\" data-end=\"1138\">Materia\u0142 ma <strong data-start=\"852\" data-end=\"870\">g\u0142adk\u0105 faktur\u0119<\/strong>, charakterystyczn\u0105 dla koszulek z pierwszej po\u0142owy lat 2000, a jego lekko po\u0142yskuj\u0105ca powierzchnia podkre\u015bla elegancki charakter projektu. Kr\u00f3j jest prosty i dobrze skrojony, co w po\u0142\u0105czeniu z subteln\u0105 kolorystyk\u0105 daje efekt ponadczasowej sportowej klasy.<\/p>\n<p data-start=\"1140\" data-end=\"1401\" data-is-last-node=\"\" data-is-only-node=\"\">To doskona\u0142y wyb\u00f3r dla <strong data-start=\"1163\" data-end=\"1222\">kolekcjoner\u00f3w oryginalnych koszulek pi\u0142karskich Adidasa<\/strong>, <strong data-start=\"1224\" data-end=\"1251\">fan\u00f3w Bayernu Monachium<\/strong> oraz mi\u0142o\u015bnik\u00f3w <strong data-start=\"1268\" data-end=\"1308\">retro projekt\u00f3w z pocz\u0105tku XXI wieku<\/strong>, w kt\u00f3rych prostota i elegancja idealnie oddaj\u0105 ducha pi\u0142karskiego minimalizmu tamtej epoki.<\/p>\n<\/div>\n<\/div>\n<\/div>\n<\/div>\n<\/div>\n<\/div>\n<\/article>\n","protected":false},"featured_media":36914,"template":"","meta":{"_kad_blocks_custom_css":"","_kad_blocks_head_custom_js":"","_kad_blocks_body_custom_js":"","_kad_blocks_footer_custom_js":"","_kad_post_transparent":"default","_kad_post_title":"","_kad_post_layout":"default","_kad_post_sidebar_id":"","_kad_post_content_style":"default","_kad_post_vertical_padding":"default","_kad_post_feature":"","_kad_post_feature_position":"","_kad_post_header":false,"_kad_post_footer":false,"_kad_post_classname":""},"product_brand":[1283],"product_cat":[1455],"product_tag":[],"class_list":{"0":"post-36792","1":"product","2":"type-product","3":"status-publish","4":"has-post-thumbnail","6":"product_brand-adidas","7":"product_cat-kluby-niemieckie-fcbayernmonachium","8":"pa_homeawaythird-away","9":"pa_rozmiar-xxl","11":"first","12":"instock","13":"taxable","14":"shipping-taxable","15":"purchasable","16":"product-type-simple","17":"entry","18":"content-bg","19":"loop-entry"},"taxonomy_info":{"product_brand":[{"value":1283,"label":"Adidas"}],"product_cat":[{"value":1455,"label":"FC Bayern Monachium"}],"pa_homeawaythird":[{"value":1598,"label":"Away"}],"pa_rozmiar":[{"value":1819,"label":"XXL"}]},"featured_image_src_large":["https:\/\/footballthrift.shop\/wp-content\/uploads\/2024\/02\/PhotoRoom_026_20240204_124223-1024x1024.png",1024,1024,true],"author_info":[],"comment_info":"","_links":{"self":[{"href":"https:\/\/footballthrift.shop\/en\/wp-json\/wp\/v2\/product\/36792","targetHints":{"allow":["GET"]}}],"collection":[{"href":"https:\/\/footballthrift.shop\/en\/wp-json\/wp\/v2\/product"}],"about":[{"href":"https:\/\/footballthrift.shop\/en\/wp-json\/wp\/v2\/types\/product"}],"wp:featuredmedia":[{"embeddable":true,"href":"https:\/\/footballthrift.shop\/en\/wp-json\/wp\/v2\/media\/36914"}],"wp:attachment":[{"href":"https:\/\/footballthrift.shop\/en\/wp-json\/wp\/v2\/media?parent=36792"}],"wp:term":[{"taxonomy":"product_brand","embeddable":true,"href":"https:\/\/footballthrift.shop\/en\/wp-json\/wp\/v2\/product_brand?post=36792"},{"taxonomy":"product_cat","embeddable":true,"href":"https:\/\/footballthrift.shop\/en\/wp-json\/wp\/v2\/product_cat?post=36792"},{"taxonomy":"product_tag","embeddable":true,"href":"https:\/\/footballthrift.shop\/en\/wp-json\/wp\/v2\/product_tag?post=36792"}],"curies":[{"name":"wp","href":"https:\/\/api.w.org\/{rel}","templated":true}]}}