{"id":36264,"date":"2024-01-28T16:31:17","date_gmt":"2024-01-28T15:31:17","guid":{"rendered":"https:\/\/footballthrift.shop\/?post_type=product&#038;p=36264"},"modified":"2026-03-09T11:33:54","modified_gmt":"2026-03-09T10:33:54","slug":"match-issue-udinese-1992-94-home-14-kozminski-xl","status":"publish","type":"product","link":"https:\/\/footballthrift.shop\/en\/match-issue-udinese-1992-94-home-14-kozminski-xl\/","title":{"rendered":"MATCH ISSUE Udinese 1992\/94 Home 14 Ko\u017ami\u0144ski [XL]"},"content":{"rendered":"<p><strong>Team:<\/strong> Udinese<\/p>\n<p><strong>Season:<\/strong> 1992\/94 Home<\/p>\n<p><strong>Size: <\/strong>XL<\/p>\n<p><strong>Condition:<\/strong> Very good - a few micro stitches.<\/p>\n<p><strong>Dimensions (underarm width\/length) in cm: <\/strong>57\/75<\/p>\n<p><strong>Additional information:<\/strong> A match shirt belonging to Marek Kozminski. In those days, numbers were not yet assigned to individual footballers, but this was the one that Kozminski, among others, played with. We acquired it from a collector of Brescia shirts, who got it as a gift from Mr Marek when he was already playing for that club.<\/p>","protected":false},"excerpt":{"rendered":"<p>MATCH ISSUE Udinese 1992\/94 Home 14 Ko\u017ami\u0144ski [XL]<\/p>\n","protected":false},"featured_media":36448,"template":"","meta":{"_kad_blocks_custom_css":"","_kad_blocks_head_custom_js":"","_kad_blocks_body_custom_js":"","_kad_blocks_footer_custom_js":"","_kad_post_transparent":"default","_kad_post_title":"","_kad_post_layout":"default","_kad_post_sidebar_id":"","_kad_post_content_style":"default","_kad_post_vertical_padding":"default","_kad_post_feature":"","_kad_post_feature_position":"","_kad_post_header":false,"_kad_post_footer":false,"_kad_post_classname":""},"product_brand":[1297],"product_cat":[1480,1409,1411],"product_tag":[],"class_list":{"0":"post-36264","1":"product","2":"type-product","3":"status-publish","4":"has-post-thumbnail","6":"product_brand-lotto","7":"product_cat-pozostale-kluby-wloskie","8":"product_cat-match-worn-issue","9":"product_cat-polscy-pilkarze","10":"pa_homeawaythird-home","11":"pa_rozmiar-xl","13":"first","14":"instock","15":"taxable","16":"shipping-taxable","17":"purchasable","18":"product-type-simple","19":"entry","20":"content-bg","21":"loop-entry"},"taxonomy_info":{"product_brand":[{"value":1297,"label":"Lotto"}],"product_cat":[{"value":1480,"label":"Pozosta\u0142e kluby w\u0142oskie"},{"value":1409,"label":"MATCH WORN &amp; ISSUE"},{"value":1411,"label":"POLSCY PI\u0141KARZE"}],"pa_homeawaythird":[{"value":1597,"label":"Home"}],"pa_rozmiar":[{"value":1818,"label":"XL"}]},"featured_image_src_large":["https:\/\/footballthrift.shop\/wp-content\/uploads\/2024\/01\/PhotoRoom_020_20240128_133246-1024x1024.png",1024,1024,true],"author_info":[],"comment_info":"","_links":{"self":[{"href":"https:\/\/footballthrift.shop\/en\/wp-json\/wp\/v2\/product\/36264","targetHints":{"allow":["GET"]}}],"collection":[{"href":"https:\/\/footballthrift.shop\/en\/wp-json\/wp\/v2\/product"}],"about":[{"href":"https:\/\/footballthrift.shop\/en\/wp-json\/wp\/v2\/types\/product"}],"wp:featuredmedia":[{"embeddable":true,"href":"https:\/\/footballthrift.shop\/en\/wp-json\/wp\/v2\/media\/36448"}],"wp:attachment":[{"href":"https:\/\/footballthrift.shop\/en\/wp-json\/wp\/v2\/media?parent=36264"}],"wp:term":[{"taxonomy":"product_brand","embeddable":true,"href":"https:\/\/footballthrift.shop\/en\/wp-json\/wp\/v2\/product_brand?post=36264"},{"taxonomy":"product_cat","embeddable":true,"href":"https:\/\/footballthrift.shop\/en\/wp-json\/wp\/v2\/product_cat?post=36264"},{"taxonomy":"product_tag","embeddable":true,"href":"https:\/\/footballthrift.shop\/en\/wp-json\/wp\/v2\/product_tag?post=36264"}],"curies":[{"name":"wp","href":"https:\/\/api.w.org\/{rel}","templated":true}]}}