{"id":29973,"date":"2023-09-24T18:37:08","date_gmt":"2023-09-24T16:37:08","guid":{"rendered":"https:\/\/footballthrift.shop\/?post_type=product&#038;p=29973"},"modified":"2026-03-09T11:34:50","modified_gmt":"2026-03-09T10:34:50","slug":"bnwt-player-issue-portland-timbers-2019-20-home-7-b-fernandez-l","status":"publish","type":"product","link":"https:\/\/footballthrift.shop\/en\/bnwt-player-issue-portland-timbers-2019-20-home-7-b-fernandez-l\/","title":{"rendered":"BNWT AUTHENTIC Portland Timbers 2019\/20 Home 7 B.Fernandez [L]"},"content":{"rendered":"<p><strong>Team:<\/strong> Portland Timbers<\/p>\n<p><strong>Season:<\/strong> 2019\/20 Home<\/p>\n<p><strong>Size: <\/strong>L<\/p>\n<p><strong>Condition:<\/strong> BNWT - Brand new with tags.<\/p>\n<p><strong>Dimensions (underarm width\/length) in cm: <\/strong>56\/79<\/p>","protected":false},"excerpt":{"rendered":"<p>BNWT PLAYER ISSUE Portland Timbers 2019\/20 Home 7 B.Fernandez [L]<\/p>\n","protected":false},"featured_media":30119,"template":"","meta":{"_kad_blocks_custom_css":"","_kad_blocks_head_custom_js":"","_kad_blocks_body_custom_js":"","_kad_blocks_footer_custom_js":"","_kad_post_transparent":"default","_kad_post_title":"","_kad_post_layout":"default","_kad_post_sidebar_id":"","_kad_post_content_style":"default","_kad_post_vertical_padding":"default","_kad_post_feature":"","_kad_post_feature_position":"","_kad_post_header":false,"_kad_post_footer":false,"_kad_post_classname":""},"product_brand":[1283],"product_cat":[1415,2033],"product_tag":[],"class_list":{"0":"post-29973","1":"product","2":"type-product","3":"status-publish","4":"has-post-thumbnail","6":"product_brand-adidas","7":"product_cat-ameryka-srodkowa-i-polnocna","8":"product_cat-bnwt","9":"pa_homeawaythird-home","10":"pa_rozmiar-l","12":"first","13":"instock","14":"taxable","15":"shipping-taxable","16":"purchasable","17":"product-type-simple","18":"entry","19":"content-bg","20":"loop-entry"},"taxonomy_info":{"product_brand":[{"value":1283,"label":"Adidas"}],"product_cat":[{"value":1415,"label":"Ameryka \u015arodkowa i P\u00f3\u0142nocna"},{"value":2033,"label":"BNWT"}],"pa_homeawaythird":[{"value":1597,"label":"Home"}],"pa_rozmiar":[{"value":1817,"label":"L"}]},"featured_image_src_large":["https:\/\/footballthrift.shop\/wp-content\/uploads\/2023\/09\/PhotoRoom_033_20230924_143525-1024x1024.png",1024,1024,true],"author_info":[],"comment_info":"","_links":{"self":[{"href":"https:\/\/footballthrift.shop\/en\/wp-json\/wp\/v2\/product\/29973","targetHints":{"allow":["GET"]}}],"collection":[{"href":"https:\/\/footballthrift.shop\/en\/wp-json\/wp\/v2\/product"}],"about":[{"href":"https:\/\/footballthrift.shop\/en\/wp-json\/wp\/v2\/types\/product"}],"wp:featuredmedia":[{"embeddable":true,"href":"https:\/\/footballthrift.shop\/en\/wp-json\/wp\/v2\/media\/30119"}],"wp:attachment":[{"href":"https:\/\/footballthrift.shop\/en\/wp-json\/wp\/v2\/media?parent=29973"}],"wp:term":[{"taxonomy":"product_brand","embeddable":true,"href":"https:\/\/footballthrift.shop\/en\/wp-json\/wp\/v2\/product_brand?post=29973"},{"taxonomy":"product_cat","embeddable":true,"href":"https:\/\/footballthrift.shop\/en\/wp-json\/wp\/v2\/product_cat?post=29973"},{"taxonomy":"product_tag","embeddable":true,"href":"https:\/\/footballthrift.shop\/en\/wp-json\/wp\/v2\/product_tag?post=29973"}],"curies":[{"name":"wp","href":"https:\/\/api.w.org\/{rel}","templated":true}]}}