{"id":29961,"date":"2023-09-24T18:37:08","date_gmt":"2023-09-24T16:37:08","guid":{"rendered":"https:\/\/footballthrift.shop\/?post_type=product&#038;p=29961"},"modified":"2026-03-09T11:34:49","modified_gmt":"2026-03-09T10:34:49","slug":"bnwt-atlanta-united-fc-2018-19-away-yxl","status":"publish","type":"product","link":"https:\/\/footballthrift.shop\/en\/bnwt-atlanta-united-fc-2018-19-away-yxl\/","title":{"rendered":"Koszulka pi\u0142karska BNWT Atlanta United FC 2018\/19 Away [176 cm]"},"content":{"rendered":"<p><strong>Team:<\/strong> Atlanta United FC<\/p>\n<p><strong>Season:<\/strong> 2018\/19 Away<\/p>\n<p><strong>Size: <\/strong>176 cm<\/p>\n<p><strong>Condition:<\/strong> BNWT - T-shirt new with tag, but has local discolouration of material.<\/p>\n<p><strong>Dimensions (underarm width\/length) in cm: <\/strong>49\/68<\/p>","protected":false},"excerpt":{"rendered":"<p><strong data-start=\"0\" data-end=\"85\" data-is-only-node=\"\">The original Atlanta United away jersey from the 2018\/19 season - manufactured by Adidas.<\/strong><\/p>\n<p><br data-start=\"85\" data-end=\"88\" \/>This <strong data-start=\"91\" data-end=\"139\">original Atlanta United football shirt<\/strong> from the season <strong data-start=\"149\" data-end=\"160\">2018\/19<\/strong> is the official away model produced by <strong data-start=\"210\" data-end=\"221\">Adidas<\/strong>. Maintained in the dominant <strong data-start=\"247\" data-end=\"265\">white in colour<\/strong> with subtle <strong data-start=\"279\" data-end=\"307\">orange inserts<\/strong>the jersey combines modern style with lightweight construction and technology <strong data-start=\"374\" data-end=\"387\">Climalite<\/strong>. The front features the logo of the MLS club, Adidas and sponsor <strong data-start=\"445\" data-end=\"474\">American Family Insurance<\/strong>. Ideal for fans of American football and collectors of unique club shirts.<\/p>","protected":false},"featured_media":29992,"template":"","meta":{"_kad_blocks_custom_css":"","_kad_blocks_head_custom_js":"","_kad_blocks_body_custom_js":"","_kad_blocks_footer_custom_js":"","_kad_post_transparent":"default","_kad_post_title":"","_kad_post_layout":"default","_kad_post_sidebar_id":"","_kad_post_content_style":"default","_kad_post_vertical_padding":"default","_kad_post_feature":"","_kad_post_feature_position":"","_kad_post_header":false,"_kad_post_footer":false,"_kad_post_classname":""},"product_brand":[1283],"product_cat":[1415,2033,2017],"product_tag":[],"class_list":{"0":"post-29961","1":"product","2":"type-product","3":"status-publish","4":"has-post-thumbnail","6":"product_brand-adidas","7":"product_cat-ameryka-srodkowa-i-polnocna","8":"product_cat-bnwt","9":"product_cat-koszulki-mlodziezowe","10":"pa_homeawaythird-away","11":"pa_rozmiar-176-cm","13":"first","14":"instock","15":"taxable","16":"shipping-taxable","17":"purchasable","18":"product-type-simple","19":"entry","20":"content-bg","21":"loop-entry"},"taxonomy_info":{"product_brand":[{"value":1283,"label":"Adidas"}],"product_cat":[{"value":1415,"label":"Ameryka \u015arodkowa i P\u00f3\u0142nocna"},{"value":2033,"label":"BNWT"},{"value":2017,"label":"KOSZULKI M\u0141ODZIE\u017bOWE"}],"pa_homeawaythird":[{"value":1598,"label":"Away"}],"pa_rozmiar":[{"value":2020,"label":"176 cm"}]},"featured_image_src_large":["https:\/\/footballthrift.shop\/wp-content\/uploads\/2023\/09\/PhotoRoom_008_20230924_143525-1024x1024.png",1024,1024,true],"author_info":[],"comment_info":"","_links":{"self":[{"href":"https:\/\/footballthrift.shop\/en\/wp-json\/wp\/v2\/product\/29961","targetHints":{"allow":["GET"]}}],"collection":[{"href":"https:\/\/footballthrift.shop\/en\/wp-json\/wp\/v2\/product"}],"about":[{"href":"https:\/\/footballthrift.shop\/en\/wp-json\/wp\/v2\/types\/product"}],"wp:featuredmedia":[{"embeddable":true,"href":"https:\/\/footballthrift.shop\/en\/wp-json\/wp\/v2\/media\/29992"}],"wp:attachment":[{"href":"https:\/\/footballthrift.shop\/en\/wp-json\/wp\/v2\/media?parent=29961"}],"wp:term":[{"taxonomy":"product_brand","embeddable":true,"href":"https:\/\/footballthrift.shop\/en\/wp-json\/wp\/v2\/product_brand?post=29961"},{"taxonomy":"product_cat","embeddable":true,"href":"https:\/\/footballthrift.shop\/en\/wp-json\/wp\/v2\/product_cat?post=29961"},{"taxonomy":"product_tag","embeddable":true,"href":"https:\/\/footballthrift.shop\/en\/wp-json\/wp\/v2\/product_tag?post=29961"}],"curies":[{"name":"wp","href":"https:\/\/api.w.org\/{rel}","templated":true}]}}