{"id":21515,"date":"2023-05-05T16:14:09","date_gmt":"2023-05-05T14:14:09","guid":{"rendered":"https:\/\/footballthrift.shop\/match-issue-u21-atalanta-1995-96-home-11\/"},"modified":"2026-03-09T11:36:25","modified_gmt":"2026-03-09T10:36:25","slug":"match-issue-u21-atalanta-1995-96-home-11","status":"publish","type":"product","link":"https:\/\/footballthrift.shop\/en\/match-issue-u21-atalanta-1995-96-home-11\/","title":{"rendered":"MATCH ISSUE U21 Atalanta BC 1995\/96 Home 11 [L]"},"content":{"rendered":"<p><strong>Team: <\/strong>Atalanta BC<\/p>\n<p><strong>Season: <\/strong>1995\/96 Home<\/p>\n<p><strong>Size:\u00a0<\/strong>L<\/p>\n<p><strong>Condition: <\/strong>Satisfactory - slightly damaged number on back and sewn tear in fabric under collar.<\/p>\n<p><strong>Dimensions (underarm width\/length) in cm: <\/strong>57\/71<\/p>\n<p><strong>Additional information:<\/strong> It is most likely a match jersey of Atalanta's first team from 93\/94 converted into a youth jersey. This may be indicated by a new crest (used since 1996) sewn on in place of the old one, and a new sponsor print. The number matches the one used by the first team and has not been converted.<\/p>","protected":false},"excerpt":{"rendered":"<p>MATCH ISSUE U21 Atalanta BC 1995\/96 Home 11 [L]<\/p>\n","protected":false},"featured_media":21505,"template":"","meta":{"_kad_blocks_custom_css":"","_kad_blocks_head_custom_js":"","_kad_blocks_body_custom_js":"","_kad_blocks_footer_custom_js":"","_kad_post_transparent":"","_kad_post_title":"","_kad_post_layout":"","_kad_post_sidebar_id":"","_kad_post_content_style":"","_kad_post_vertical_padding":"","_kad_post_feature":"","_kad_post_feature_position":"","_kad_post_header":false,"_kad_post_footer":false,"_kad_post_classname":""},"product_brand":[1297],"product_cat":[1431,1480],"product_tag":[],"class_list":{"0":"post-21515","1":"product","2":"type-product","3":"status-publish","4":"has-post-thumbnail","6":"product_brand-lotto","7":"product_cat-wlochy","8":"product_cat-pozostale-kluby-wloskie","9":"pa_dodatkoweinformacje-matchissueu21","10":"pa_homeawaythird-home","11":"pa_numer-1889","12":"pa_rozmiar-l","13":"pa_sezon-1549","15":"first","16":"instock","17":"taxable","18":"shipping-taxable","19":"purchasable","20":"product-type-simple","21":"entry","22":"content-bg","23":"loop-entry"},"taxonomy_info":{"product_brand":[{"value":1297,"label":"Lotto"}],"product_cat":[{"value":1431,"label":"Kluby W\u0142oskie"},{"value":1480,"label":"Pozosta\u0142e kluby w\u0142oskie"}],"pa_dodatkoweinformacje":[{"value":1870,"label":"MATCH ISSUE U21"}],"pa_homeawaythird":[{"value":1597,"label":"Home"}],"pa_numer":[{"value":1889,"label":"11"}],"pa_rozmiar":[{"value":1817,"label":"L"}],"pa_sezon":[{"value":1549,"label":"1995\/96"}]},"featured_image_src_large":["https:\/\/footballthrift.shop\/wp-content\/uploads\/2023\/05\/24187-MATCH-ISSUE-U21-Atalanta-BC-199596-Home-11-L-1024x1024.jpg",1024,1024,true],"author_info":[],"comment_info":"","_links":{"self":[{"href":"https:\/\/footballthrift.shop\/en\/wp-json\/wp\/v2\/product\/21515","targetHints":{"allow":["GET"]}}],"collection":[{"href":"https:\/\/footballthrift.shop\/en\/wp-json\/wp\/v2\/product"}],"about":[{"href":"https:\/\/footballthrift.shop\/en\/wp-json\/wp\/v2\/types\/product"}],"wp:featuredmedia":[{"embeddable":true,"href":"https:\/\/footballthrift.shop\/en\/wp-json\/wp\/v2\/media\/21505"}],"wp:attachment":[{"href":"https:\/\/footballthrift.shop\/en\/wp-json\/wp\/v2\/media?parent=21515"}],"wp:term":[{"taxonomy":"product_brand","embeddable":true,"href":"https:\/\/footballthrift.shop\/en\/wp-json\/wp\/v2\/product_brand?post=21515"},{"taxonomy":"product_cat","embeddable":true,"href":"https:\/\/footballthrift.shop\/en\/wp-json\/wp\/v2\/product_cat?post=21515"},{"taxonomy":"product_tag","embeddable":true,"href":"https:\/\/footballthrift.shop\/en\/wp-json\/wp\/v2\/product_tag?post=21515"}],"curies":[{"name":"wp","href":"https:\/\/api.w.org\/{rel}","templated":true}]}}