{"id":21441,"date":"2023-05-05T16:14:04","date_gmt":"2023-05-05T14:14:04","guid":{"rendered":"https:\/\/footballthrift.shop\/lazio-2008-09-home-l\/"},"modified":"2026-03-09T11:36:26","modified_gmt":"2026-03-09T10:36:26","slug":"lazio-2008-09-home-l","status":"publish","type":"product","link":"https:\/\/footballthrift.shop\/en\/lazio-2008-09-home-l\/","title":{"rendered":"SS Lazio 2008\/09 Home [L]"},"content":{"rendered":"<p><strong>Team: <\/strong>Lazio<\/p>\n<p><strong>Season: <\/strong>2008\/09 Home<\/p>\n<p><strong>Size: <\/strong>L<\/p>\n<p><strong>Condition: <\/strong>Good - size patch rubbed off, material faded in several places.<\/p>\n<p><strong>Dimensions (underarm width\/length) in cm: <\/strong>56\/72<\/p>","protected":false},"excerpt":{"rendered":"<p>SS Lazio 2008\/09 Home [L]<\/p>\n","protected":false},"featured_media":21434,"template":"","meta":{"_kad_blocks_custom_css":"","_kad_blocks_head_custom_js":"","_kad_blocks_body_custom_js":"","_kad_blocks_footer_custom_js":"","_kad_post_transparent":"default","_kad_post_title":"","_kad_post_layout":"default","_kad_post_sidebar_id":"","_kad_post_content_style":"default","_kad_post_vertical_padding":"default","_kad_post_feature":"","_kad_post_feature_position":"","_kad_post_header":false,"_kad_post_footer":false,"_kad_post_classname":""},"product_brand":[1287],"product_cat":[1431,1480],"product_tag":[],"class_list":{"0":"post-21441","1":"product","2":"type-product","3":"status-publish","4":"has-post-thumbnail","6":"product_brand-puma","7":"product_cat-wlochy","8":"product_cat-pozostale-kluby-wloskie","9":"pa_homeawaythird-home","10":"pa_rozmiar-l","11":"pa_sezon-1539","13":"first","14":"instock","15":"taxable","16":"shipping-taxable","17":"purchasable","18":"product-type-simple","19":"entry","20":"content-bg","21":"loop-entry"},"taxonomy_info":{"product_brand":[{"value":1287,"label":"Puma"}],"product_cat":[{"value":1431,"label":"Kluby W\u0142oskie"},{"value":1480,"label":"Pozosta\u0142e kluby w\u0142oskie"}],"pa_homeawaythird":[{"value":1597,"label":"Home"}],"pa_rozmiar":[{"value":1817,"label":"L"}],"pa_sezon":[{"value":1539,"label":"2008\/09"}]},"featured_image_src_large":["https:\/\/footballthrift.shop\/wp-content\/uploads\/2023\/05\/24208-Lazio-200809-Home-L-1024x1024.jpg",1024,1024,true],"author_info":[],"comment_info":"","_links":{"self":[{"href":"https:\/\/footballthrift.shop\/en\/wp-json\/wp\/v2\/product\/21441","targetHints":{"allow":["GET"]}}],"collection":[{"href":"https:\/\/footballthrift.shop\/en\/wp-json\/wp\/v2\/product"}],"about":[{"href":"https:\/\/footballthrift.shop\/en\/wp-json\/wp\/v2\/types\/product"}],"wp:featuredmedia":[{"embeddable":true,"href":"https:\/\/footballthrift.shop\/en\/wp-json\/wp\/v2\/media\/21434"}],"wp:attachment":[{"href":"https:\/\/footballthrift.shop\/en\/wp-json\/wp\/v2\/media?parent=21441"}],"wp:term":[{"taxonomy":"product_brand","embeddable":true,"href":"https:\/\/footballthrift.shop\/en\/wp-json\/wp\/v2\/product_brand?post=21441"},{"taxonomy":"product_cat","embeddable":true,"href":"https:\/\/footballthrift.shop\/en\/wp-json\/wp\/v2\/product_cat?post=21441"},{"taxonomy":"product_tag","embeddable":true,"href":"https:\/\/footballthrift.shop\/en\/wp-json\/wp\/v2\/product_tag?post=21441"}],"curies":[{"name":"wp","href":"https:\/\/api.w.org\/{rel}","templated":true}]}}