{"id":21433,"date":"2023-05-05T16:14:03","date_gmt":"2023-05-05T14:14:03","guid":{"rendered":"https:\/\/footballthrift.shop\/udinese-1995-96-home-20-bierhoff-s\/"},"modified":"2026-03-09T11:36:26","modified_gmt":"2026-03-09T10:36:26","slug":"udinese-1995-96-home-20-bierhoff-s","status":"publish","type":"product","link":"https:\/\/footballthrift.shop\/en\/udinese-1995-96-home-20-bierhoff-s\/","title":{"rendered":"Udinese 1995\/96 Home 20 Bierhoff [S]"},"content":{"rendered":"<p><strong>Team: <\/strong>Udinese<\/p>\n<p><strong>Player: <\/strong>20 Bierhoff<\/p>\n<p><strong>Season: <\/strong>1995\/96 Home<\/p>\n<p><strong>Size: <\/strong>S<\/p>\n<p><strong>Condition: <\/strong>Satisfactory - quite a few minor pulls, a peeling 'T' in the sponsor print and a damaged number on the back.<\/p>\n<p><strong>Dimensions (underarm width\/length) in cm: <\/strong>51\/66<\/p>","protected":false},"excerpt":{"rendered":"<p>Udinese 1995\/96 Home 20 Bierhoff [S]<\/p>\n","protected":false},"featured_media":21420,"template":"","meta":{"_kad_blocks_custom_css":"","_kad_blocks_head_custom_js":"","_kad_blocks_body_custom_js":"","_kad_blocks_footer_custom_js":"","_kad_post_transparent":"","_kad_post_title":"","_kad_post_layout":"","_kad_post_sidebar_id":"","_kad_post_content_style":"","_kad_post_vertical_padding":"","_kad_post_feature":"","_kad_post_feature_position":"","_kad_post_header":false,"_kad_post_footer":false,"_kad_post_classname":""},"product_brand":[1288],"product_cat":[1431,1480],"product_tag":[],"class_list":{"0":"post-21433","1":"product","2":"type-product","3":"status-publish","4":"has-post-thumbnail","6":"product_brand-hummel","7":"product_cat-wlochy","8":"product_cat-pozostale-kluby-wloskie","9":"pa_homeawaythird-home","10":"pa_napis-bierhoff","11":"pa_numer-1886","12":"pa_rozmiar-s","13":"pa_sezon-1549","15":"first","16":"instock","17":"taxable","18":"shipping-taxable","19":"purchasable","20":"product-type-simple","21":"entry","22":"content-bg","23":"loop-entry"},"taxonomy_info":{"product_brand":[{"value":1288,"label":"Hummel"}],"product_cat":[{"value":1431,"label":"Kluby W\u0142oskie"},{"value":1480,"label":"Pozosta\u0142e kluby w\u0142oskie"}],"pa_homeawaythird":[{"value":1597,"label":"Home"}],"pa_napis":[{"value":1759,"label":"Bierhoff"}],"pa_numer":[{"value":1886,"label":"20"}],"pa_rozmiar":[{"value":1815,"label":"S"}],"pa_sezon":[{"value":1549,"label":"1995\/96"}]},"featured_image_src_large":["https:\/\/footballthrift.shop\/wp-content\/uploads\/2023\/05\/24210-Udinese-199596-Home-20-Bierhoff-S-1024x1024.jpg",1024,1024,true],"author_info":[],"comment_info":"","_links":{"self":[{"href":"https:\/\/footballthrift.shop\/en\/wp-json\/wp\/v2\/product\/21433","targetHints":{"allow":["GET"]}}],"collection":[{"href":"https:\/\/footballthrift.shop\/en\/wp-json\/wp\/v2\/product"}],"about":[{"href":"https:\/\/footballthrift.shop\/en\/wp-json\/wp\/v2\/types\/product"}],"wp:featuredmedia":[{"embeddable":true,"href":"https:\/\/footballthrift.shop\/en\/wp-json\/wp\/v2\/media\/21420"}],"wp:attachment":[{"href":"https:\/\/footballthrift.shop\/en\/wp-json\/wp\/v2\/media?parent=21433"}],"wp:term":[{"taxonomy":"product_brand","embeddable":true,"href":"https:\/\/footballthrift.shop\/en\/wp-json\/wp\/v2\/product_brand?post=21433"},{"taxonomy":"product_cat","embeddable":true,"href":"https:\/\/footballthrift.shop\/en\/wp-json\/wp\/v2\/product_cat?post=21433"},{"taxonomy":"product_tag","embeddable":true,"href":"https:\/\/footballthrift.shop\/en\/wp-json\/wp\/v2\/product_tag?post=21433"}],"curies":[{"name":"wp","href":"https:\/\/api.w.org\/{rel}","templated":true}]}}