{"id":19074,"date":"2022-12-30T14:39:11","date_gmt":"2022-12-30T13:39:11","guid":{"rendered":"https:\/\/footballthrift.shop\/sample-bluza-chicago-fire-m\/"},"modified":"2026-03-09T11:37:11","modified_gmt":"2026-03-09T10:37:11","slug":"sample-sweatshirt-chicago-fire-m","status":"publish","type":"product","link":"https:\/\/footballthrift.shop\/en\/sample-bluza-chicago-fire-m\/","title":{"rendered":"SAMPLE bluza Chicago Fire [M]"},"content":{"rendered":"<p><strong>Team: <\/strong>Chicago Fire<\/p>\n<p><strong>Size: <\/strong>M<\/p>\n<p><strong>Condition: <\/strong>Very good - minor curling on sleeve and micro pulls at zipper.<\/p>\n<p><strong>Dimensions (underarm width\/length) in cm: <\/strong>55\/73<\/p>","protected":false},"excerpt":{"rendered":"<p>SAMPLE bluza Chicago Fire [M]<\/p>\n","protected":false},"featured_media":19065,"template":"","meta":{"_kad_blocks_custom_css":"","_kad_blocks_head_custom_js":"","_kad_blocks_body_custom_js":"","_kad_blocks_footer_custom_js":"","_kad_post_transparent":"","_kad_post_title":"","_kad_post_layout":"","_kad_post_sidebar_id":"","_kad_post_content_style":"","_kad_post_vertical_padding":"","_kad_post_feature":"","_kad_post_feature_position":"","_kad_post_header":false,"_kad_post_footer":false,"_kad_post_classname":""},"product_brand":[1283],"product_cat":[1415,1408,1423],"product_tag":[],"class_list":{"0":"post-19074","1":"product","2":"type-product","3":"status-publish","4":"has-post-thumbnail","6":"product_brand-adidas","7":"product_cat-ameryka-srodkowa-i-polnocna","8":"product_cat-inne","9":"product_cat-kurtkibluzytrening","10":"pa_dodatkoweinformacje-samplebluza","11":"pa_location-filip","12":"pa_rozmiar-m","14":"first","15":"instock","16":"taxable","17":"shipping-taxable","18":"purchasable","19":"product-type-simple","20":"entry","21":"content-bg","22":"loop-entry"},"taxonomy_info":{"product_brand":[{"value":1283,"label":"Adidas"}],"product_cat":[{"value":1415,"label":"Ameryka \u015arodkowa i P\u00f3\u0142nocna"},{"value":1408,"label":"INNE"},{"value":1423,"label":"Kurtki\/bluzy\/trening"}],"pa_dodatkoweinformacje":[{"value":1838,"label":"SAMPLE bluza"}],"pa_location":[{"value":1494,"label":"FILIP"}],"pa_rozmiar":[{"value":1816,"label":"M"}]},"featured_image_src_large":["https:\/\/footballthrift.shop\/wp-content\/uploads\/2022\/12\/19292-SAMPLE-bluza-Chicago-Fire-M-1024x1024.jpg",1024,1024,true],"author_info":[],"comment_info":"","_links":{"self":[{"href":"https:\/\/footballthrift.shop\/en\/wp-json\/wp\/v2\/product\/19074","targetHints":{"allow":["GET"]}}],"collection":[{"href":"https:\/\/footballthrift.shop\/en\/wp-json\/wp\/v2\/product"}],"about":[{"href":"https:\/\/footballthrift.shop\/en\/wp-json\/wp\/v2\/types\/product"}],"wp:featuredmedia":[{"embeddable":true,"href":"https:\/\/footballthrift.shop\/en\/wp-json\/wp\/v2\/media\/19065"}],"wp:attachment":[{"href":"https:\/\/footballthrift.shop\/en\/wp-json\/wp\/v2\/media?parent=19074"}],"wp:term":[{"taxonomy":"product_brand","embeddable":true,"href":"https:\/\/footballthrift.shop\/en\/wp-json\/wp\/v2\/product_brand?post=19074"},{"taxonomy":"product_cat","embeddable":true,"href":"https:\/\/footballthrift.shop\/en\/wp-json\/wp\/v2\/product_cat?post=19074"},{"taxonomy":"product_tag","embeddable":true,"href":"https:\/\/footballthrift.shop\/en\/wp-json\/wp\/v2\/product_tag?post=19074"}],"curies":[{"name":"wp","href":"https:\/\/api.w.org\/{rel}","templated":true}]}}