{"id":19028,"date":"2022-12-30T14:39:08","date_gmt":"2022-12-30T13:39:08","guid":{"rendered":"https:\/\/footballthrift.shop\/kansas-city-wizards-1997-98-away-xxl\/"},"modified":"2026-03-09T11:37:12","modified_gmt":"2026-03-09T10:37:12","slug":"kansas-city-wizards-1997-98-away-xxl","status":"publish","type":"product","link":"https:\/\/footballthrift.shop\/en\/kansas-city-wizards-1997-98-away-xxl\/","title":{"rendered":"Kansas City Wizards 1997\/98 Away [XXL]"},"content":{"rendered":"<p><strong>Team: <\/strong>Kansas City Wizards<\/p>\n<p><strong>Season: <\/strong>1997\/98 Away<\/p>\n<p><strong>Size: <\/strong>XXL<\/p>\n<p><strong>Condition: <\/strong>Very good - T-shirt has a negligible amount of minor stitching.<\/p>\n<p><strong>Dimensions (underarm width\/length) in cm: <\/strong>68\/84<\/p>","protected":false},"excerpt":{"rendered":"<p>Kansas City Wizards 1997\/98 Away [XXL]<\/p>\n","protected":false},"featured_media":19021,"template":"","meta":{"_kad_blocks_custom_css":"","_kad_blocks_head_custom_js":"","_kad_blocks_body_custom_js":"","_kad_blocks_footer_custom_js":"","_kad_post_transparent":"default","_kad_post_title":"","_kad_post_layout":"default","_kad_post_sidebar_id":"","_kad_post_content_style":"default","_kad_post_vertical_padding":"default","_kad_post_feature":"","_kad_post_feature_position":"","_kad_post_header":false,"_kad_post_footer":false,"_kad_post_classname":""},"product_brand":[1283],"product_cat":[1415],"product_tag":[],"class_list":{"0":"post-19028","1":"product","2":"type-product","3":"status-publish","4":"has-post-thumbnail","6":"product_brand-adidas","7":"product_cat-ameryka-srodkowa-i-polnocna","8":"pa_homeawaythird-away","9":"pa_location-filip","10":"pa_rozmiar-xxl","11":"pa_sezon-1499","13":"first","14":"instock","15":"taxable","16":"shipping-taxable","17":"purchasable","18":"product-type-simple","19":"entry","20":"content-bg","21":"loop-entry"},"taxonomy_info":{"product_brand":[{"value":1283,"label":"Adidas"}],"product_cat":[{"value":1415,"label":"Ameryka \u015arodkowa i P\u00f3\u0142nocna"}],"pa_homeawaythird":[{"value":1598,"label":"Away"}],"pa_location":[{"value":1494,"label":"FILIP"}],"pa_rozmiar":[{"value":1819,"label":"XXL"}],"pa_sezon":[{"value":1499,"label":"1997\/98"}]},"featured_image_src_large":["https:\/\/footballthrift.shop\/wp-content\/uploads\/2022\/12\/19332-Kansas-City-Wizards-199798-Away-XXL-1024x1024.jpg",1024,1024,true],"author_info":[],"comment_info":"","_links":{"self":[{"href":"https:\/\/footballthrift.shop\/en\/wp-json\/wp\/v2\/product\/19028","targetHints":{"allow":["GET"]}}],"collection":[{"href":"https:\/\/footballthrift.shop\/en\/wp-json\/wp\/v2\/product"}],"about":[{"href":"https:\/\/footballthrift.shop\/en\/wp-json\/wp\/v2\/types\/product"}],"wp:featuredmedia":[{"embeddable":true,"href":"https:\/\/footballthrift.shop\/en\/wp-json\/wp\/v2\/media\/19021"}],"wp:attachment":[{"href":"https:\/\/footballthrift.shop\/en\/wp-json\/wp\/v2\/media?parent=19028"}],"wp:term":[{"taxonomy":"product_brand","embeddable":true,"href":"https:\/\/footballthrift.shop\/en\/wp-json\/wp\/v2\/product_brand?post=19028"},{"taxonomy":"product_cat","embeddable":true,"href":"https:\/\/footballthrift.shop\/en\/wp-json\/wp\/v2\/product_cat?post=19028"},{"taxonomy":"product_tag","embeddable":true,"href":"https:\/\/footballthrift.shop\/en\/wp-json\/wp\/v2\/product_tag?post=19028"}],"curies":[{"name":"wp","href":"https:\/\/api.w.org\/{rel}","templated":true}]}}