{"id":17291,"date":"2022-03-28T13:48:55","date_gmt":"2022-03-28T11:48:55","guid":{"rendered":"https:\/\/footballthrift.shop\/vancouver-whitecaps-2010-11-home-xl\/"},"modified":"2026-03-09T11:37:25","modified_gmt":"2026-03-09T10:37:25","slug":"vancouver-whitecaps-2010-11-home-xl","status":"publish","type":"product","link":"https:\/\/footballthrift.shop\/en\/vancouver-whitecaps-2010-11-home-xl\/","title":{"rendered":"AUTHENTIC Vancouver Whitecaps 2010\/11 Home [XL]"},"content":{"rendered":"<p><strong>Team: <\/strong>Vancouver Whitecaps<\/p>\n<p><strong>Season: <\/strong>2010\/11 Home<\/p>\n<p><strong>Size: <\/strong>XL<\/p>\n<p><strong>Dimensions (underarm width\/length) in cm:\u00a0<\/strong>56\/78<\/p>\n<p><strong>Condition:<\/strong> Good - soiling on front, slightly cracked sponsor print.<\/p>","protected":false},"excerpt":{"rendered":"<p>Vancouver Whitecaps 2010\/11 Home [XL]<\/p>\n","protected":false},"featured_media":17283,"template":"","meta":{"_kad_blocks_custom_css":"","_kad_blocks_head_custom_js":"","_kad_blocks_body_custom_js":"","_kad_blocks_footer_custom_js":"","_kad_post_transparent":"","_kad_post_title":"","_kad_post_layout":"","_kad_post_sidebar_id":"","_kad_post_content_style":"","_kad_post_vertical_padding":"","_kad_post_feature":"","_kad_post_feature_position":"","_kad_post_header":false,"_kad_post_footer":false,"_kad_post_classname":""},"product_brand":[1283],"product_cat":[1415],"product_tag":[],"class_list":{"0":"post-17291","1":"product","2":"type-product","3":"status-publish","4":"has-post-thumbnail","6":"product_brand-adidas","7":"product_cat-ameryka-srodkowa-i-polnocna","8":"pa_homeawaythird-home","9":"pa_location-filip","10":"pa_rozmiar-xl","11":"pa_sezon-1505","13":"first","14":"instock","15":"taxable","16":"shipping-taxable","17":"purchasable","18":"product-type-simple","19":"entry","20":"content-bg","21":"loop-entry"},"taxonomy_info":{"product_brand":[{"value":1283,"label":"Adidas"}],"product_cat":[{"value":1415,"label":"Ameryka \u015arodkowa i P\u00f3\u0142nocna"}],"pa_homeawaythird":[{"value":1597,"label":"Home"}],"pa_location":[{"value":1494,"label":"FILIP"}],"pa_rozmiar":[{"value":1818,"label":"XL"}],"pa_sezon":[{"value":1505,"label":"2010\/11"}]},"featured_image_src_large":["https:\/\/footballthrift.shop\/wp-content\/uploads\/2022\/03\/11007-PLAYER-ISSUE-Vancouver-Whitecaps-201011-Home-XL-1024x1024.jpg",1024,1024,true],"author_info":[],"comment_info":"","_links":{"self":[{"href":"https:\/\/footballthrift.shop\/en\/wp-json\/wp\/v2\/product\/17291","targetHints":{"allow":["GET"]}}],"collection":[{"href":"https:\/\/footballthrift.shop\/en\/wp-json\/wp\/v2\/product"}],"about":[{"href":"https:\/\/footballthrift.shop\/en\/wp-json\/wp\/v2\/types\/product"}],"wp:featuredmedia":[{"embeddable":true,"href":"https:\/\/footballthrift.shop\/en\/wp-json\/wp\/v2\/media\/17283"}],"wp:attachment":[{"href":"https:\/\/footballthrift.shop\/en\/wp-json\/wp\/v2\/media?parent=17291"}],"wp:term":[{"taxonomy":"product_brand","embeddable":true,"href":"https:\/\/footballthrift.shop\/en\/wp-json\/wp\/v2\/product_brand?post=17291"},{"taxonomy":"product_cat","embeddable":true,"href":"https:\/\/footballthrift.shop\/en\/wp-json\/wp\/v2\/product_cat?post=17291"},{"taxonomy":"product_tag","embeddable":true,"href":"https:\/\/footballthrift.shop\/en\/wp-json\/wp\/v2\/product_tag?post=17291"}],"curies":[{"name":"wp","href":"https:\/\/api.w.org\/{rel}","templated":true}]}}