{"id":17117,"date":"2022-03-08T12:45:22","date_gmt":"2022-03-08T11:45:22","guid":{"rendered":"https:\/\/footballthrift.shop\/cd-tenerife-2016-17-third-xl\/"},"modified":"2026-03-09T11:37:27","modified_gmt":"2026-03-09T10:37:27","slug":"cd-tenerife-2016-17-third-xl","status":"publish","type":"product","link":"https:\/\/footballthrift.shop\/en\/cd-tenerife-2016-17-third-xl\/","title":{"rendered":"CD Tenerife 2016\/17 Third [XL]"},"content":{"rendered":"<p><strong>Team: <\/strong>CD Tenerife<\/p>\n<p><strong>Season: <\/strong>2016\/17 Third<\/p>\n<p><strong>Size: <\/strong>XL<\/p>\n<p><strong>Dimensions (underarm width\/length) in cm:\u00a0<\/strong>55\/73<\/p>\n<p><strong>Condition: <\/strong>Good - a few minor soiling around the crest and a very small stitching on the front of the shirt.<\/p>","protected":false},"excerpt":{"rendered":"<p>CD Tenerife 2016\/17 Third [XL]<\/p>\n","protected":false},"featured_media":17109,"template":"","meta":{"_kad_blocks_custom_css":"","_kad_blocks_head_custom_js":"","_kad_blocks_body_custom_js":"","_kad_blocks_footer_custom_js":"","_kad_post_transparent":"","_kad_post_title":"","_kad_post_layout":"","_kad_post_sidebar_id":"","_kad_post_content_style":"","_kad_post_vertical_padding":"","_kad_post_feature":"","_kad_post_feature_position":"","_kad_post_header":false,"_kad_post_footer":false,"_kad_post_classname":""},"product_brand":[1288],"product_cat":[1432,1472],"product_tag":[],"class_list":{"0":"post-17117","1":"product","2":"type-product","3":"status-publish","4":"has-post-thumbnail","6":"product_brand-hummel","7":"product_cat-hiszpania","8":"product_cat-pozostale-kluby-hiszpanskie","9":"pa_homeawaythird-third","10":"pa_location-filip","11":"pa_rozmiar-xl","12":"pa_sezon-1522","14":"first","15":"instock","16":"taxable","17":"shipping-taxable","18":"purchasable","19":"product-type-simple","20":"entry","21":"content-bg","22":"loop-entry"},"taxonomy_info":{"product_brand":[{"value":1288,"label":"Hummel"}],"product_cat":[{"value":1432,"label":"Kluby Hiszpa\u0144skie"},{"value":1472,"label":"Pozosta\u0142e kluby hiszpa\u0144skie"}],"pa_homeawaythird":[{"value":1599,"label":"Third"}],"pa_location":[{"value":1494,"label":"FILIP"}],"pa_rozmiar":[{"value":1818,"label":"XL"}],"pa_sezon":[{"value":1522,"label":"2016\/17"}]},"featured_image_src_large":["https:\/\/footballthrift.shop\/wp-content\/uploads\/2022\/03\/10358-CD-Tenerife-201617-Third-XL-1024x1024.jpg",1024,1024,true],"author_info":[],"comment_info":"","_links":{"self":[{"href":"https:\/\/footballthrift.shop\/en\/wp-json\/wp\/v2\/product\/17117","targetHints":{"allow":["GET"]}}],"collection":[{"href":"https:\/\/footballthrift.shop\/en\/wp-json\/wp\/v2\/product"}],"about":[{"href":"https:\/\/footballthrift.shop\/en\/wp-json\/wp\/v2\/types\/product"}],"wp:featuredmedia":[{"embeddable":true,"href":"https:\/\/footballthrift.shop\/en\/wp-json\/wp\/v2\/media\/17109"}],"wp:attachment":[{"href":"https:\/\/footballthrift.shop\/en\/wp-json\/wp\/v2\/media?parent=17117"}],"wp:term":[{"taxonomy":"product_brand","embeddable":true,"href":"https:\/\/footballthrift.shop\/en\/wp-json\/wp\/v2\/product_brand?post=17117"},{"taxonomy":"product_cat","embeddable":true,"href":"https:\/\/footballthrift.shop\/en\/wp-json\/wp\/v2\/product_cat?post=17117"},{"taxonomy":"product_tag","embeddable":true,"href":"https:\/\/footballthrift.shop\/en\/wp-json\/wp\/v2\/product_tag?post=17117"}],"curies":[{"name":"wp","href":"https:\/\/api.w.org\/{rel}","templated":true}]}}