{"id":16686,"date":"2021-10-08T18:11:43","date_gmt":"2021-10-08T16:11:43","guid":{"rendered":"https:\/\/footballthrift.shop\/valerenga-2009-10-away-m\/"},"modified":"2026-03-09T11:37:49","modified_gmt":"2026-03-09T10:37:49","slug":"valerenga-2009-10-away-m","status":"publish","type":"product","link":"https:\/\/footballthrift.shop\/en\/valerenga-2009-10-away-m\/","title":{"rendered":"Koszulka pi\u0142karska Valerenga 2009\/10 Away [L]"},"content":{"rendered":"<p><strong>Team: <\/strong>Valerenga<\/p>\n<p><strong>Season: <\/strong>2009\/10 Away<\/p>\n<p><strong>Size: <\/strong>L<\/p>\n<p><strong>Condition:<\/strong> Good - stains on sleeve.<\/p>\n<p><strong>Dimensions (underarm width\/length) in cm:\u00a0<\/strong>53\/72(front), 76(rear)<\/p>","protected":false},"excerpt":{"rendered":"<p data-start=\"60\" data-end=\"153\">The original away<strong data-start=\"60\" data-end=\"151\"> V\u00e5lerenga IF football shirt <\/strong>from the 2009\/10 season <strong data-start=\"60\" data-end=\"151\">- by Kappa<\/strong><\/p>\n<p data-start=\"155\" data-end=\"468\">This authentic T-shirt <strong>V\u00e5lerenga<\/strong> <strong>IF<\/strong> from the 2009\/10 season is the official away model, produced by Italian brand Kappa. Made in blue with a smart dark blue collar, it exemplifies Kappa's signature style, combining sporty minimalism with high quality workmanship.<\/p>\n<p data-start=\"470\" data-end=\"862\">The front features the sponsor's logo <strong data-start=\"507\" data-end=\"519\">Hafslund<\/strong>which contrasts perfectly with the light-coloured background of the T-shirt, and the sponsor's name on the back. <strong data-start=\"610\" data-end=\"619\">Entra<\/strong>, which emphasises the full authenticity of the piece. With its lightweight, breathable materials, the jersey provided players with playing comfort and freedom of movement, and its fitted cut is in keeping with Kappa's design line from the late first decade of the 21st century.<\/p>\n<p data-start=\"864\" data-end=\"1233\">Norway's V\u00e5lerenga IF is best known to Polish fans for their memorable clash in the European cups, when they eliminated Wis\u0142a Krak\u00f3w, making history in Polish-Norwegian football confrontations. This model from the 2009\/10 season therefore takes on added significance, combining not only sporty design but also a unique historical context.<\/p>\n<p data-start=\"1235\" data-end=\"1458\">An excellent choice for collectors of original football shirts, fans of Scandinavian football and supporters of the Norwegian team <strong>V\u00e5lerenga IF<\/strong>who appreciate unique away-from-home outfits with rich sports backgrounds.<\/p>","protected":false},"featured_media":16680,"template":"","meta":{"_kad_blocks_custom_css":"","_kad_blocks_head_custom_js":"","_kad_blocks_body_custom_js":"","_kad_blocks_footer_custom_js":"","_kad_post_transparent":"default","_kad_post_title":"","_kad_post_layout":"default","_kad_post_sidebar_id":"","_kad_post_content_style":"default","_kad_post_vertical_padding":"default","_kad_post_feature":"","_kad_post_feature_position":"","_kad_post_header":false,"_kad_post_footer":false,"_kad_post_classname":""},"product_brand":[1290],"product_cat":[1434,1488],"product_tag":[],"class_list":{"0":"post-16686","1":"product","2":"type-product","3":"status-publish","4":"has-post-thumbnail","6":"product_brand-kappa","7":"product_cat-europa","8":"product_cat-kluby-skandynawskie","9":"pa_homeawaythird-away","10":"pa_location-filip","11":"pa_rozmiar-l","12":"pa_sezon-1518","14":"first","15":"instock","16":"taxable","17":"shipping-taxable","18":"purchasable","19":"product-type-simple","20":"entry","21":"content-bg","22":"loop-entry"},"taxonomy_info":{"product_brand":[{"value":1290,"label":"Kappa"}],"product_cat":[{"value":1434,"label":"Kluby Europejskie"},{"value":1488,"label":"Skandynawia"}],"pa_homeawaythird":[{"value":1598,"label":"Away"}],"pa_location":[{"value":1494,"label":"FILIP"}],"pa_rozmiar":[{"value":1817,"label":"L"}],"pa_sezon":[{"value":1518,"label":"2009\/10"}]},"featured_image_src_large":["https:\/\/footballthrift.shop\/wp-content\/uploads\/2021\/10\/13251-Valerenga-200910-Away-L-1024x1024.jpg",1024,1024,true],"author_info":[],"comment_info":"","_links":{"self":[{"href":"https:\/\/footballthrift.shop\/en\/wp-json\/wp\/v2\/product\/16686","targetHints":{"allow":["GET"]}}],"collection":[{"href":"https:\/\/footballthrift.shop\/en\/wp-json\/wp\/v2\/product"}],"about":[{"href":"https:\/\/footballthrift.shop\/en\/wp-json\/wp\/v2\/types\/product"}],"wp:featuredmedia":[{"embeddable":true,"href":"https:\/\/footballthrift.shop\/en\/wp-json\/wp\/v2\/media\/16680"}],"wp:attachment":[{"href":"https:\/\/footballthrift.shop\/en\/wp-json\/wp\/v2\/media?parent=16686"}],"wp:term":[{"taxonomy":"product_brand","embeddable":true,"href":"https:\/\/footballthrift.shop\/en\/wp-json\/wp\/v2\/product_brand?post=16686"},{"taxonomy":"product_cat","embeddable":true,"href":"https:\/\/footballthrift.shop\/en\/wp-json\/wp\/v2\/product_cat?post=16686"},{"taxonomy":"product_tag","embeddable":true,"href":"https:\/\/footballthrift.shop\/en\/wp-json\/wp\/v2\/product_tag?post=16686"}],"curies":[{"name":"wp","href":"https:\/\/api.w.org\/{rel}","templated":true}]}}