{"id":16234,"date":"2021-10-08T18:10:25","date_gmt":"2021-10-08T16:10:25","guid":{"rendered":"https:\/\/footballthrift.shop\/parma-ac-1995-96-third-l\/"},"modified":"2026-04-21T12:34:24","modified_gmt":"2026-04-21T10:34:24","slug":"parma-ac-1995-96-third-l","status":"publish","type":"product","link":"https:\/\/footballthrift.shop\/en\/parma-ac-1995-96-third-l\/","title":{"rendered":"Koszulka pi\u0142karska Parma Calcio 1995\/96 Third [L]"},"content":{"rendered":"<p><b>Team:<\/b>Parma Calcio<b><\/b><\/p>\n<p><b>Season: <\/b>1995\/96 Third<b><\/b><\/p>\n<p><b>Sizes: <\/b>L<b><\/b><\/p>\n<p><b>Dimensions (underarm width\/length) in cm:<\/b> 60\/77<b><\/b><\/p>\n<p><b>Condition:\u00a0<\/b>Good - single micro stitching, faded Puma logo and damaged size tag at neck.<\/p>","protected":false},"excerpt":{"rendered":"<p data-start=\"0\" data-end=\"79\">Original <strong>trzecia koszulka pi\u0142karska Parma Calcio z sezonu 1995\/96 \u2013 produkcji Pumy.\u00a0<\/strong><\/p>\n<p data-start=\"81\" data-end=\"506\">The 1995\/96 season was Parma's time to play in Serie A and the European cups, and the team's outfits from the Ennio Tardini from that period are still regarded as some of the most iconic in the history of Italian calcio. <strong data-start=\"296\" data-end=\"322\">Parma's third jersey<\/strong> the long-sleeved version is distinguished by <strong data-start=\"362\" data-end=\"376\">yellow base<\/strong>, elegant <strong data-start=\"389\" data-end=\"417\">blue collar<\/strong> and a unique detail - <strong data-start=\"443\" data-end=\"503\">blue and yellow stripes running all along the sleeves<\/strong>.<\/p>\n<p data-start=\"508\" data-end=\"796\">The front features a distinctive <strong data-start=\"549\" data-end=\"577\">Parmalat sponsor imprint<\/strong>and next to <strong data-start=\"586\" data-end=\"600\">club crest<\/strong> i <strong data-start=\"603\" data-end=\"616\">Puma logo<\/strong>which underlines the authenticity of this model. The material combines comfort and robustness, typical of Puma's mid-1990s production.<\/p>\n<p data-start=\"798\" data-end=\"1084\">Models from this period are today <strong data-start=\"827\" data-end=\"858\">highly regarded by collectors<\/strong> not only for its design, but also for its context - a time when Parma was one of Europe's top players, boasting performances from stars such as Gianfranco Zola, Fabio Cannavaro and Hristo Stoichkov.<\/p>\n<p data-start=\"1086\" data-end=\"1271\">This is a great option for <strong data-start=\"1112\" data-end=\"1147\">fans of Italian football in the 1990s.<\/strong>Parma supporters and collectors who are looking for <strong data-start=\"1203\" data-end=\"1268\">oryginalnych, rzadkich koszulek pi\u0142karskich.<\/strong><\/p>","protected":false},"featured_media":16225,"template":"","meta":{"_kad_blocks_custom_css":"","_kad_blocks_head_custom_js":"","_kad_blocks_body_custom_js":"","_kad_blocks_footer_custom_js":"","_kad_post_transparent":"default","_kad_post_title":"","_kad_post_layout":"default","_kad_post_sidebar_id":"","_kad_post_content_style":"default","_kad_post_vertical_padding":"default","_kad_post_feature":"","_kad_post_feature_position":"","_kad_post_header":false,"_kad_post_footer":false,"_kad_post_classname":""},"product_brand":[1287],"product_cat":[1431,1480],"product_tag":[],"class_list":{"0":"post-16234","1":"product","2":"type-product","3":"status-publish","4":"has-post-thumbnail","6":"product_brand-puma","7":"product_cat-wlochy","8":"product_cat-pozostale-kluby-wloskie","9":"pa_homeawaythird-third","10":"pa_location-filip","11":"pa_rozmiar-l","12":"pa_sezon-1549","14":"first","15":"instock","16":"taxable","17":"shipping-taxable","18":"purchasable","19":"product-type-simple","20":"entry","21":"content-bg","22":"loop-entry"},"taxonomy_info":{"product_brand":[{"value":1287,"label":"Puma"}],"product_cat":[{"value":1431,"label":"Kluby W\u0142oskie"},{"value":1480,"label":"Pozosta\u0142e kluby w\u0142oskie"}],"pa_homeawaythird":[{"value":1599,"label":"Third"}],"pa_location":[{"value":1494,"label":"FILIP"}],"pa_rozmiar":[{"value":1817,"label":"L"}],"pa_sezon":[{"value":1549,"label":"1995\/96"}]},"featured_image_src_large":["https:\/\/footballthrift.shop\/wp-content\/uploads\/2021\/10\/9928-Parma-AC-199596-Third-L-1024x1024.jpg",1024,1024,true],"author_info":[],"comment_info":"","_links":{"self":[{"href":"https:\/\/footballthrift.shop\/en\/wp-json\/wp\/v2\/product\/16234","targetHints":{"allow":["GET"]}}],"collection":[{"href":"https:\/\/footballthrift.shop\/en\/wp-json\/wp\/v2\/product"}],"about":[{"href":"https:\/\/footballthrift.shop\/en\/wp-json\/wp\/v2\/types\/product"}],"wp:featuredmedia":[{"embeddable":true,"href":"https:\/\/footballthrift.shop\/en\/wp-json\/wp\/v2\/media\/16225"}],"wp:attachment":[{"href":"https:\/\/footballthrift.shop\/en\/wp-json\/wp\/v2\/media?parent=16234"}],"wp:term":[{"taxonomy":"product_brand","embeddable":true,"href":"https:\/\/footballthrift.shop\/en\/wp-json\/wp\/v2\/product_brand?post=16234"},{"taxonomy":"product_cat","embeddable":true,"href":"https:\/\/footballthrift.shop\/en\/wp-json\/wp\/v2\/product_cat?post=16234"},{"taxonomy":"product_tag","embeddable":true,"href":"https:\/\/footballthrift.shop\/en\/wp-json\/wp\/v2\/product_tag?post=16234"}],"curies":[{"name":"wp","href":"https:\/\/api.w.org\/{rel}","templated":true}]}}