{"id":16098,"date":"2021-10-08T18:09:51","date_gmt":"2021-10-08T16:09:51","guid":{"rendered":"https:\/\/footballthrift.shop\/koszulka-okolicznosciowa-mundial-1998-xl\/"},"modified":"2026-03-09T11:37:55","modified_gmt":"2026-03-09T10:37:55","slug":"mundial-commemorative-shirt-1998-xl","status":"publish","type":"product","link":"https:\/\/footballthrift.shop\/en\/koszulka-okolicznosciowa-mundial-1998-xl\/","title":{"rendered":"Koszulka okoliczno\u015bciowa Mundial 1998 [XL]"},"content":{"rendered":"<p><strong>Season: <\/strong>1998<\/p>\n<p><strong>Size: <\/strong>XL<\/p>\n<p><strong>Dimensions (underarm width\/length) in cm:\u00a0<\/strong>57\/76<\/p>\n<p><strong>Condition:<\/strong> Very good - one white soiling on the back of the shirt.<\/p>","protected":false},"excerpt":{"rendered":"<p data-start=\"0\" data-end=\"160\">Original <strong data-start=\"11\" data-end=\"73\">commemorative France football shirt from the 1998 World Cup<\/strong> - production <strong data-start=\"86\" data-end=\"96\">Adidas<\/strong>, w <strong data-start=\"100\" data-end=\"118\">white in colour<\/strong> with large inscription <strong data-start=\"135\" data-end=\"147\">\"FRANCE\"<\/strong> in the middle.<\/p>\n<p data-start=\"162\" data-end=\"559\">The T-shirt has been released to celebrate <strong data-start=\"195\" data-end=\"221\">World Championship 1998<\/strong>which took place in France and ended in a historic victory for the hosts. Made of light, breathable material <strong data-start=\"349\" data-end=\"360\">Adidas<\/strong>It is comfortable to wear and works well as part of a football memorabilia collection. The simplicity of the design and the clear inscription make it a distinctive model for French football fans.<\/p>\n<p data-start=\"561\" data-end=\"824\"><strong data-start=\"561\" data-end=\"576\">Curiosity<\/strong>: The 1998 World Cup was the first tournament that France won on home soil. The team featured players such as. <strong data-start=\"700\" data-end=\"753\">Zinedine Zidane, Didier Deschamps and Thierry Henry<\/strong>and the white, blue and red colours have become a symbol of national pride.<\/p>\n<p data-start=\"826\" data-end=\"987\" data-is-last-node=\"\" data-is-only-node=\"\">This is an excellent offer for fans of <strong data-start=\"860\" data-end=\"885\">the French national team<\/strong>, collectors <strong data-start=\"901\" data-end=\"931\">commemorative T-shirts<\/strong> and those who appreciate historic moments in football.<\/p>","protected":false},"featured_media":16091,"template":"","meta":{"_kad_blocks_custom_css":"","_kad_blocks_head_custom_js":"","_kad_blocks_body_custom_js":"","_kad_blocks_footer_custom_js":"","_kad_post_transparent":"default","_kad_post_title":"","_kad_post_layout":"default","_kad_post_sidebar_id":"","_kad_post_content_style":"default","_kad_post_vertical_padding":"default","_kad_post_feature":"","_kad_post_feature_position":"","_kad_post_header":false,"_kad_post_footer":false,"_kad_post_classname":""},"product_brand":[1283],"product_cat":[1414,1421,1418,1425,1428,1433,1410],"product_tag":[],"class_list":{"0":"post-16098","1":"product","2":"type-product","3":"status-publish","4":"has-post-thumbnail","6":"product_brand-adidas","7":"product_cat-reprezentacje-afryka","8":"product_cat-ameryka-poludniowa-reprezentacje","9":"product_cat-ameryka-srodkowa-i-polnocna-reprezentacje","10":"product_cat-reprezentacje-australia-i-oceania","11":"product_cat-reprezentacje-azja","12":"product_cat-reprezentacje-europa","13":"product_cat-reprezentacje","14":"pa_dodatkoweinformacje-koszulkaokolicznosciowa","15":"pa_location-filip","16":"pa_rozmiar-xl","17":"pa_sezon-1534","19":"first","20":"instock","21":"taxable","22":"shipping-taxable","23":"purchasable","24":"product-type-simple","25":"entry","26":"content-bg","27":"loop-entry"},"taxonomy_info":{"product_brand":[{"value":1283,"label":"Adidas"}],"product_cat":[{"value":1414,"label":"Afryka"},{"value":1421,"label":"Ameryka Po\u0142udniowa"},{"value":1418,"label":"Ameryka \u015arodkowa i P\u00f3\u0142nocna"},{"value":1425,"label":"Australia i Oceania"},{"value":1428,"label":"Azja"},{"value":1433,"label":"Europa"},{"value":1410,"label":"REPREZENTACJE"}],"pa_dodatkoweinformacje":[{"value":1849,"label":"Koszulka okoliczno\u015bciowa"}],"pa_location":[{"value":1494,"label":"FILIP"}],"pa_rozmiar":[{"value":1818,"label":"XL"}],"pa_sezon":[{"value":1534,"label":"1998"}]},"featured_image_src_large":["https:\/\/footballthrift.shop\/wp-content\/uploads\/2021\/10\/16695-Koszulka-okolicznosciowa-Mundial-1998-XL-1024x1024.jpg",1024,1024,true],"author_info":[],"comment_info":"","_links":{"self":[{"href":"https:\/\/footballthrift.shop\/en\/wp-json\/wp\/v2\/product\/16098","targetHints":{"allow":["GET"]}}],"collection":[{"href":"https:\/\/footballthrift.shop\/en\/wp-json\/wp\/v2\/product"}],"about":[{"href":"https:\/\/footballthrift.shop\/en\/wp-json\/wp\/v2\/types\/product"}],"wp:featuredmedia":[{"embeddable":true,"href":"https:\/\/footballthrift.shop\/en\/wp-json\/wp\/v2\/media\/16091"}],"wp:attachment":[{"href":"https:\/\/footballthrift.shop\/en\/wp-json\/wp\/v2\/media?parent=16098"}],"wp:term":[{"taxonomy":"product_brand","embeddable":true,"href":"https:\/\/footballthrift.shop\/en\/wp-json\/wp\/v2\/product_brand?post=16098"},{"taxonomy":"product_cat","embeddable":true,"href":"https:\/\/footballthrift.shop\/en\/wp-json\/wp\/v2\/product_cat?post=16098"},{"taxonomy":"product_tag","embeddable":true,"href":"https:\/\/footballthrift.shop\/en\/wp-json\/wp\/v2\/product_tag?post=16098"}],"curies":[{"name":"wp","href":"https:\/\/api.w.org\/{rel}","templated":true}]}}