{"id":15992,"date":"2021-10-08T18:09:25","date_gmt":"2021-10-08T16:09:25","guid":{"rendered":"https:\/\/footballthrift.shop\/kurtka-los-angeles-galaxy-l\/"},"modified":"2026-03-09T11:37:56","modified_gmt":"2026-03-09T10:37:56","slug":"los-angeles-galaxy-jacket-l","status":"publish","type":"product","link":"https:\/\/footballthrift.shop\/en\/kurtka-los-angeles-galaxy-l\/","title":{"rendered":"Kurtka Los Angeles Galaxy [L]"},"content":{"rendered":"<p><strong>Team: <\/strong>Los Angeles Galaxy<\/p>\n<p><strong>Size: <\/strong>L<\/p>\n<p><strong>Dimensions (underarm width\/length) in cm:\u00a0<\/strong>58\/70<\/p>\n<p><strong>Condition:<\/strong> Excellent<\/p>","protected":false},"excerpt":{"rendered":"<p data-start=\"0\" data-end=\"144\">Original <strong data-start=\"11\" data-end=\"50\">Los Angeles Galaxy football jacket<\/strong> - production <strong data-start=\"63\" data-end=\"73\">Adidas<\/strong>, in classic <strong data-start=\"99\" data-end=\"141\">club colours: navy blue and yellow<\/strong>.<\/p>\n<p data-start=\"146\" data-end=\"695\">The main colour of the jacket is <strong data-start=\"174\" data-end=\"184\">grenade<\/strong>, which dominates the front, back and sleeves, while the details at the collar and piping are made in <strong data-start=\"281\" data-end=\"299\">yellow in colour<\/strong>, highlighting the club's distinctive palette. <strong data-start=\"346\" data-end=\"370\">The lock is navy blue<\/strong>which harmonises with the main colour of the jacket. On the left side of the chest is the coat of arms <strong data-start=\"455\" data-end=\"477\">Los Angeles Galaxy<\/strong>with a small sponsor logo just below it <strong data-start=\"512\" data-end=\"525\">Herbalife<\/strong>, subtly accentuating the authenticity of the model. The jacket is made of high-quality materials <strong data-start=\"622\" data-end=\"633\">Adidas<\/strong>, providing warmth, durability and comfortable wear.<\/p>\n<p data-start=\"697\" data-end=\"994\"><strong data-start=\"697\" data-end=\"712\">Curiosity<\/strong>: Los Angeles Galaxy is one of the most recognisable clubs in MLS, having attracted world-class stars such as. <strong data-start=\"839\" data-end=\"856\">David Beckham<\/strong> or <strong data-start=\"861\" data-end=\"883\">Zlatan Ibrahimovi\u0107<\/strong>, and the navy blue and yellow colour scheme has become a symbol of American football on the west coast.<\/p>\n<p data-start=\"996\" data-end=\"1144\" data-is-last-node=\"\" data-is-only-node=\"\">This is an excellent offer for fans of <strong data-start=\"1030\" data-end=\"1043\">LA Galaxy<\/strong>, collectors of club gadgets and people who appreciate <strong data-start=\"1098\" data-end=\"1143\">sporty style and formal club wear<\/strong>.<\/p>","protected":false},"featured_media":15986,"template":"","meta":{"_kad_blocks_custom_css":"","_kad_blocks_head_custom_js":"","_kad_blocks_body_custom_js":"","_kad_blocks_footer_custom_js":"","_kad_post_transparent":"default","_kad_post_title":"","_kad_post_layout":"default","_kad_post_sidebar_id":"","_kad_post_content_style":"default","_kad_post_vertical_padding":"default","_kad_post_feature":"","_kad_post_feature_position":"","_kad_post_header":false,"_kad_post_footer":false,"_kad_post_classname":""},"product_brand":[1283],"product_cat":[1415,1408,1423],"product_tag":[],"class_list":{"0":"post-15992","1":"product","2":"type-product","3":"status-publish","4":"has-post-thumbnail","6":"product_brand-adidas","7":"product_cat-ameryka-srodkowa-i-polnocna","8":"product_cat-inne","9":"product_cat-kurtkibluzytrening","10":"pa_dodatkoweinformacje-kurtka","11":"pa_location-filip","12":"pa_rozmiar-l","14":"first","15":"instock","16":"taxable","17":"shipping-taxable","18":"purchasable","19":"product-type-simple","20":"entry","21":"content-bg","22":"loop-entry"},"taxonomy_info":{"product_brand":[{"value":1283,"label":"Adidas"}],"product_cat":[{"value":1415,"label":"Ameryka \u015arodkowa i P\u00f3\u0142nocna"},{"value":1408,"label":"INNE"},{"value":1423,"label":"Kurtki\/bluzy\/trening"}],"pa_dodatkoweinformacje":[{"value":1845,"label":"Kurtka"}],"pa_location":[{"value":1494,"label":"FILIP"}],"pa_rozmiar":[{"value":1817,"label":"L"}]},"featured_image_src_large":["https:\/\/footballthrift.shop\/wp-content\/uploads\/2021\/10\/16707-Kurtka-Los-Angeles-Galaxy-L-1024x1024.jpg",1024,1024,true],"author_info":[],"comment_info":"","_links":{"self":[{"href":"https:\/\/footballthrift.shop\/en\/wp-json\/wp\/v2\/product\/15992","targetHints":{"allow":["GET"]}}],"collection":[{"href":"https:\/\/footballthrift.shop\/en\/wp-json\/wp\/v2\/product"}],"about":[{"href":"https:\/\/footballthrift.shop\/en\/wp-json\/wp\/v2\/types\/product"}],"wp:featuredmedia":[{"embeddable":true,"href":"https:\/\/footballthrift.shop\/en\/wp-json\/wp\/v2\/media\/15986"}],"wp:attachment":[{"href":"https:\/\/footballthrift.shop\/en\/wp-json\/wp\/v2\/media?parent=15992"}],"wp:term":[{"taxonomy":"product_brand","embeddable":true,"href":"https:\/\/footballthrift.shop\/en\/wp-json\/wp\/v2\/product_brand?post=15992"},{"taxonomy":"product_cat","embeddable":true,"href":"https:\/\/footballthrift.shop\/en\/wp-json\/wp\/v2\/product_cat?post=15992"},{"taxonomy":"product_tag","embeddable":true,"href":"https:\/\/footballthrift.shop\/en\/wp-json\/wp\/v2\/product_tag?post=15992"}],"curies":[{"name":"wp","href":"https:\/\/api.w.org\/{rel}","templated":true}]}}