{"id":15599,"date":"2021-10-08T18:07:33","date_gmt":"2021-10-08T16:07:33","guid":{"rendered":"https:\/\/footballthrift.shop\/espanyol-1997-98-home-xl\/"},"modified":"2026-03-09T11:37:59","modified_gmt":"2026-03-09T10:37:59","slug":"espanyol-1997-98-home-xl","status":"publish","type":"product","link":"https:\/\/footballthrift.shop\/en\/espanyol-1997-98-home-xl\/","title":{"rendered":"Koszulka pi\u0142karska RCD Espanyol 1997\/98 Home [XL]"},"content":{"rendered":"<p><strong>Team: <\/strong>RCD Espanyol<\/p>\n<p><strong>Season: <\/strong>1997\/98 Home<\/p>\n<p><strong>Size: <\/strong>XL<\/p>\n<p><strong>Dimensions (underarm width\/length) in cm:\u00a0<\/strong>59\/71<\/p>\n<p><strong>Condition:<\/strong> Good - a few minor or major stains, blue spot on front, slight loss of letter 'R' in lettering on neck.<\/p>","protected":false},"excerpt":{"rendered":"<p data-start=\"0\" data-end=\"94\">Original <strong data-start=\"11\" data-end=\"70\">RCD Espanyol home football shirt from the 1997\/98 season<\/strong> - production <strong data-start=\"83\" data-end=\"91\">Puma<\/strong>.<\/p>\n<p data-start=\"96\" data-end=\"556\">This classic <strong data-start=\"109\" data-end=\"146\">Espanyol home jersey 1997\/98<\/strong> is maintained in the traditional <strong data-start=\"177\" data-end=\"216\">blue and white club colours<\/strong>which have been associated with the Barcelona team for years. In the centre of the jersey is the sponsor's logo <strong data-start=\"312\" data-end=\"320\">DANI<\/strong>and the coat of arms on the left side of the chest <strong data-start=\"365\" data-end=\"381\">RCD Espanyol<\/strong>, highlighting the authenticity of the model. The T-shirt is made of high-quality material that provides comfort and freedom of movement, typical of the designs of the <strong data-start=\"536\" data-end=\"544\">Pumas<\/strong> from the 1990s.<\/p>\n<p data-start=\"558\" data-end=\"853\">Espanyol plays its matches on the <strong data-start=\"591\" data-end=\"607\">RCDE Stadium<\/strong> (then known as Estadi Ol\u00edmpic Llu\u00eds Companys in the run-up to the construction of the new stadium), one of the most iconic venues in Barcelona, which hosted both La Liga league matches and international competitions.<\/p>\n<p data-start=\"855\" data-end=\"1038\">This is an excellent offer for fans of <strong data-start=\"889\" data-end=\"905\">RCD Espanyol<\/strong>, collectors <strong data-start=\"921\" data-end=\"964\">original retro football shirts<\/strong> and those who value <strong data-start=\"985\" data-end=\"1035\">classic design and history of Spanish football<\/strong>.<\/p>","protected":false},"featured_media":15589,"template":"","meta":{"_kad_blocks_custom_css":"","_kad_blocks_head_custom_js":"","_kad_blocks_body_custom_js":"","_kad_blocks_footer_custom_js":"","_kad_post_transparent":"default","_kad_post_title":"","_kad_post_layout":"default","_kad_post_sidebar_id":"","_kad_post_content_style":"default","_kad_post_vertical_padding":"default","_kad_post_feature":"","_kad_post_feature_position":"","_kad_post_header":false,"_kad_post_footer":false,"_kad_post_classname":""},"product_brand":[1287],"product_cat":[1432,1472],"product_tag":[],"class_list":{"0":"post-15599","1":"product","2":"type-product","3":"status-publish","4":"has-post-thumbnail","6":"product_brand-puma","7":"product_cat-hiszpania","8":"product_cat-pozostale-kluby-hiszpanskie","9":"pa_homeawaythird-home","10":"pa_location-filip","11":"pa_rozmiar-xl","12":"pa_sezon-1499","14":"first","15":"instock","16":"taxable","17":"shipping-taxable","18":"purchasable","19":"product-type-simple","20":"entry","21":"content-bg","22":"loop-entry"},"taxonomy_info":{"product_brand":[{"value":1287,"label":"Puma"}],"product_cat":[{"value":1432,"label":"Kluby Hiszpa\u0144skie"},{"value":1472,"label":"Pozosta\u0142e kluby hiszpa\u0144skie"}],"pa_homeawaythird":[{"value":1597,"label":"Home"}],"pa_location":[{"value":1494,"label":"FILIP"}],"pa_rozmiar":[{"value":1818,"label":"XL"}],"pa_sezon":[{"value":1499,"label":"1997\/98"}]},"featured_image_src_large":["https:\/\/footballthrift.shop\/wp-content\/uploads\/2021\/10\/13821-RCD-Espanyol-199798-Home-XL-1024x1024.jpg",1024,1024,true],"author_info":[],"comment_info":"","_links":{"self":[{"href":"https:\/\/footballthrift.shop\/en\/wp-json\/wp\/v2\/product\/15599","targetHints":{"allow":["GET"]}}],"collection":[{"href":"https:\/\/footballthrift.shop\/en\/wp-json\/wp\/v2\/product"}],"about":[{"href":"https:\/\/footballthrift.shop\/en\/wp-json\/wp\/v2\/types\/product"}],"wp:featuredmedia":[{"embeddable":true,"href":"https:\/\/footballthrift.shop\/en\/wp-json\/wp\/v2\/media\/15589"}],"wp:attachment":[{"href":"https:\/\/footballthrift.shop\/en\/wp-json\/wp\/v2\/media?parent=15599"}],"wp:term":[{"taxonomy":"product_brand","embeddable":true,"href":"https:\/\/footballthrift.shop\/en\/wp-json\/wp\/v2\/product_brand?post=15599"},{"taxonomy":"product_cat","embeddable":true,"href":"https:\/\/footballthrift.shop\/en\/wp-json\/wp\/v2\/product_cat?post=15599"},{"taxonomy":"product_tag","embeddable":true,"href":"https:\/\/footballthrift.shop\/en\/wp-json\/wp\/v2\/product_tag?post=15599"}],"curies":[{"name":"wp","href":"https:\/\/api.w.org\/{rel}","templated":true}]}}