{"id":15489,"date":"2021-10-08T18:07:18","date_gmt":"2021-10-08T16:07:18","guid":{"rendered":"https:\/\/footballthrift.shop\/chivas-usa-2005-home-m\/"},"modified":"2026-03-09T11:37:59","modified_gmt":"2026-03-09T10:37:59","slug":"chivas-usa-2005-home-m","status":"publish","type":"product","link":"https:\/\/footballthrift.shop\/en\/chivas-usa-2005-home-m\/","title":{"rendered":"Koszulka pi\u0142karska Chivas USA 2005 Home [M]"},"content":{"rendered":"<p><strong>Team: <\/strong>Chivas USA<\/p>\n<p><strong>Season: <\/strong>2005 Home<\/p>\n<p><strong>Size: <\/strong>M<\/p>\n<p><strong>Dimensions (underarm width\/length):\u00a0<\/strong>59\/75<\/p>\n<p><strong>Condition:<\/strong> Excellent<\/p>","protected":false},"excerpt":{"rendered":"<p data-start=\"0\" data-end=\"93\">Original <strong data-start=\"11\" data-end=\"67\">Chivas USA football jersey from the 2005 season - home<\/strong> - production <strong data-start=\"80\" data-end=\"90\">Adidas<\/strong>.<\/p>\n<p data-start=\"95\" data-end=\"590\">This classic <strong data-start=\"108\" data-end=\"143\">home jersey Chivas USA 2005<\/strong> is maintained in the characteristic <strong data-start=\"180\" data-end=\"207\">red and white striped<\/strong>, referring to the traditional colours of the parent club CD Guadalajara. On the chest is the coat of arms <strong data-start=\"310\" data-end=\"324\">Chivas USA<\/strong>and is completed by the manufacturer's logo <strong data-start=\"361\" data-end=\"371\">Adidas<\/strong>The design of the garment emphasises its authenticity. The model is distinguished by its classic cut, light and airy material, typical of garments from the middle of the first decade of the 21st century, providing comfort and freedom of movement during the game.<\/p>\n<p data-start=\"592\" data-end=\"971\"><strong data-start=\"592\" data-end=\"607\">Curiosity<\/strong>: Chivas USA was one of the first American clubs to be directly affiliated with a traditional foreign club - CD Guadalajara - making it a unique project in MLS. The Los Angeles-based team existed from 2005 to 2014 and had already <strong data-start=\"854\" data-end=\"870\">does not exist<\/strong>but has gained many fans in a short space of time thanks to its distinctive style of play and colours.<\/p>\n<p data-start=\"973\" data-end=\"1182\">This is an excellent offer for fans of <strong data-start=\"1007\" data-end=\"1014\">MLS<\/strong>, collectors <strong data-start=\"1030\" data-end=\"1067\">original football shirts<\/strong> and those seeking <strong data-start=\"1090\" data-end=\"1127\">retro models with a unique design<\/strong> and the history associated with the legendary club from Mexico.<\/p>","protected":false},"featured_media":15484,"template":"","meta":{"_kad_blocks_custom_css":"","_kad_blocks_head_custom_js":"","_kad_blocks_body_custom_js":"","_kad_blocks_footer_custom_js":"","_kad_post_transparent":"default","_kad_post_title":"","_kad_post_layout":"default","_kad_post_sidebar_id":"","_kad_post_content_style":"default","_kad_post_vertical_padding":"default","_kad_post_feature":"","_kad_post_feature_position":"","_kad_post_header":false,"_kad_post_footer":false,"_kad_post_classname":""},"product_brand":[1283],"product_cat":[1415],"product_tag":[],"class_list":{"0":"post-15489","1":"product","2":"type-product","3":"status-publish","4":"has-post-thumbnail","6":"product_brand-adidas","7":"product_cat-ameryka-srodkowa-i-polnocna","8":"pa_homeawaythird-home","9":"pa_location-filip","10":"pa_rozmiar-m","11":"pa_sezon-1557","13":"first","14":"instock","15":"taxable","16":"shipping-taxable","17":"purchasable","18":"product-type-simple","19":"entry","20":"content-bg","21":"loop-entry"},"taxonomy_info":{"product_brand":[{"value":1283,"label":"Adidas"}],"product_cat":[{"value":1415,"label":"Ameryka \u015arodkowa i P\u00f3\u0142nocna"}],"pa_homeawaythird":[{"value":1597,"label":"Home"}],"pa_location":[{"value":1494,"label":"FILIP"}],"pa_rozmiar":[{"value":1816,"label":"M"}],"pa_sezon":[{"value":1557,"label":"2005"}]},"featured_image_src_large":["https:\/\/footballthrift.shop\/wp-content\/uploads\/2021\/10\/12166-Chivas-USA-2005-Home-M-1024x1024.jpg",1024,1024,true],"author_info":[],"comment_info":"","_links":{"self":[{"href":"https:\/\/footballthrift.shop\/en\/wp-json\/wp\/v2\/product\/15489","targetHints":{"allow":["GET"]}}],"collection":[{"href":"https:\/\/footballthrift.shop\/en\/wp-json\/wp\/v2\/product"}],"about":[{"href":"https:\/\/footballthrift.shop\/en\/wp-json\/wp\/v2\/types\/product"}],"wp:featuredmedia":[{"embeddable":true,"href":"https:\/\/footballthrift.shop\/en\/wp-json\/wp\/v2\/media\/15484"}],"wp:attachment":[{"href":"https:\/\/footballthrift.shop\/en\/wp-json\/wp\/v2\/media?parent=15489"}],"wp:term":[{"taxonomy":"product_brand","embeddable":true,"href":"https:\/\/footballthrift.shop\/en\/wp-json\/wp\/v2\/product_brand?post=15489"},{"taxonomy":"product_cat","embeddable":true,"href":"https:\/\/footballthrift.shop\/en\/wp-json\/wp\/v2\/product_cat?post=15489"},{"taxonomy":"product_tag","embeddable":true,"href":"https:\/\/footballthrift.shop\/en\/wp-json\/wp\/v2\/product_tag?post=15489"}],"curies":[{"name":"wp","href":"https:\/\/api.w.org\/{rel}","templated":true}]}}