{"id":123180,"date":"2026-04-26T17:57:58","date_gmt":"2026-04-26T15:57:58","guid":{"rendered":"https:\/\/footballthrift.shop\/?post_type=product&#038;p=123180"},"modified":"2026-05-01T10:14:30","modified_gmt":"2026-05-01T08:14:30","slug":"koszulka-rugby-stade-toulousain-2000-01-away-m","status":"publish","type":"product","link":"https:\/\/footballthrift.shop\/en\/koszulka-rugby-stade-toulousain-2000-01-away-m\/","title":{"rendered":"Koszulka Rugby Stade Toulousain 2000\/01 Away [M]"},"content":{"rendered":"<p><strong>Team:<\/strong> Stade Toulousain<\/p>\n<p><strong>Season:<\/strong> 2000\/01 Away<\/p>\n<p><strong>Size: <\/strong>M<\/p>\n<p><strong>Condition:<\/strong> Bardzo dobry &#8211; nieco sprany materia\u0142.<\/p>\n<p><strong>Dimensions (underarm width\/length) in cm: <\/strong>54\/69<\/p>","protected":false},"excerpt":{"rendered":"<p><strong>Oryginalna wyjazdowa koszulka rugby Stade Toulousain z sezonu 2000\/01 produkcji Nike.\u00a0<\/strong><\/p>\n<p>Away model <strong>Stade Toulousain<\/strong> from the season <strong>2000\/01<\/strong>produced by <strong>Nike<\/strong> w rozmiarze M, pochodzi z okresu, w kt\u00f3rym klub nale\u017ca\u0142 do absolutnej czo\u0142\u00f3wki europejskiego rugby. Dru\u017cyna z Tuluzy by\u0142a jedn\u0105 z najbardziej utytu\u0142owanych i rozpoznawalnych ekip, regularnie walcz\u0105c o najwy\u017csze trofea we Francji i w Europie.<\/p>\n<p>Koszulka zosta\u0142a wyprodukowana na czarnej bazie, a jej charakterystycznym elementem s\u0105 czerwone akcenty, nawi\u0105zuj\u0105ce do klubowych barw <strong>Stade Toulousain<\/strong>. Model posiada d\u0142ugi r\u0119kaw oraz ko\u0142nierz typu polo, co nadaje mu klasyczny wygl\u0105d typowy dla rugby z prze\u0142omu lat 90. i 2000. Ca\u0142o\u015b\u0107 wykonana jest z bawe\u0142nianego materia\u0142u, podkre\u015blaj\u0105cego tradycyjny charakter tego typu odzie\u017cy.<\/p>\n<p><strong>Stade Toulousain<\/strong> to jeden z najbardziej utytu\u0142owanych klub\u00f3w rugby w Europie, kt\u00f3ry od dekad wyznacza standardy w tej dyscyplinie. Klub s\u0142ynie z ofensywnego stylu gry oraz wychowywania wybitnych zawodnik\u00f3w, a jego sukcesy na krajowym i mi\u0119dzynarodowym poziomie ugruntowa\u0142y jego pozycj\u0119 jako jednej z ikon rugby.<\/p>\n<p>Koszulka zosta\u0142a wykonana z bawe\u0142nianego materia\u0142u, a kr\u00f3j w rozmiarze M odpowiada standardom <strong>Nike<\/strong>, providing the comfortable fit characteristic of the brand's designs.<\/p>\n<p>To propozycja dla kolekcjoner\u00f3w oraz kibic\u00f3w poszukuj\u0105cych oryginalnej wyjazdowej koszulki rugby <strong>Stade Toulousain<\/strong> from the season <strong>2000\/01<\/strong>, stanowi\u0105cej czytelny zapis dominacji jednego z najbardziej utytu\u0142owanych klub\u00f3w Europy.<\/p>","protected":false},"featured_media":123207,"template":"","meta":{"_kad_blocks_custom_css":"","_kad_blocks_head_custom_js":"","_kad_blocks_body_custom_js":"","_kad_blocks_footer_custom_js":"","_kad_post_transparent":"default","_kad_post_title":"","_kad_post_layout":"default","_kad_post_sidebar_id":"","_kad_post_content_style":"default","_kad_post_vertical_padding":"default","_kad_post_feature":"","_kad_post_feature_position":"","_kad_post_header":false,"_kad_post_footer":false,"_kad_post_classname":""},"product_brand":[1284],"product_cat":[15,1475,1955],"product_tag":[],"class_list":{"0":"post-123180","1":"product","2":"type-product","3":"status-publish","4":"has-post-thumbnail","6":"product_brand-nike","7":"product_cat-bez-kategorii","8":"product_cat-pozostale-kluby-francuskie","9":"product_cat-rugby","10":"pa_homeawaythird-away","11":"pa_rozmiar-m","13":"first","14":"instock","15":"sale","16":"taxable","17":"shipping-taxable","18":"purchasable","19":"product-type-simple","20":"entry","21":"content-bg","22":"loop-entry"},"taxonomy_info":{"product_brand":[{"value":1284,"label":"Nike"}],"product_cat":[{"value":15,"label":"Bez kategorii"},{"value":1475,"label":"Pozosta\u0142e kluby francuskie"},{"value":1955,"label":"Rugby"}],"pa_homeawaythird":[{"value":1598,"label":"Away"}],"pa_rozmiar":[{"value":1816,"label":"M"}]},"featured_image_src_large":["https:\/\/footballthrift.shop\/wp-content\/uploads\/2026\/04\/Photoroom_20260423_122043-1024x1024.jpg",1024,1024,true],"author_info":[],"comment_info":"","_links":{"self":[{"href":"https:\/\/footballthrift.shop\/en\/wp-json\/wp\/v2\/product\/123180","targetHints":{"allow":["GET"]}}],"collection":[{"href":"https:\/\/footballthrift.shop\/en\/wp-json\/wp\/v2\/product"}],"about":[{"href":"https:\/\/footballthrift.shop\/en\/wp-json\/wp\/v2\/types\/product"}],"wp:featuredmedia":[{"embeddable":true,"href":"https:\/\/footballthrift.shop\/en\/wp-json\/wp\/v2\/media\/123207"}],"wp:attachment":[{"href":"https:\/\/footballthrift.shop\/en\/wp-json\/wp\/v2\/media?parent=123180"}],"wp:term":[{"taxonomy":"product_brand","embeddable":true,"href":"https:\/\/footballthrift.shop\/en\/wp-json\/wp\/v2\/product_brand?post=123180"},{"taxonomy":"product_cat","embeddable":true,"href":"https:\/\/footballthrift.shop\/en\/wp-json\/wp\/v2\/product_cat?post=123180"},{"taxonomy":"product_tag","embeddable":true,"href":"https:\/\/footballthrift.shop\/en\/wp-json\/wp\/v2\/product_tag?post=123180"}],"curies":[{"name":"wp","href":"https:\/\/api.w.org\/{rel}","templated":true}]}}