{"id":123162,"date":"2026-04-26T17:57:53","date_gmt":"2026-04-26T15:57:53","guid":{"rendered":"https:\/\/footballthrift.shop\/?post_type=product&#038;p=123162"},"modified":"2026-05-01T10:14:34","modified_gmt":"2026-05-01T08:14:34","slug":"koszulka-pilkarska-manchester-city-2021-22-home-10-grealish-xl","status":"publish","type":"product","link":"https:\/\/footballthrift.shop\/en\/koszulka-pilkarska-manchester-city-2021-22-home-10-grealish-xl\/","title":{"rendered":"Koszulka pi\u0142karska Manchester City 2021\/22 Home 10 Grealish [XL]"},"content":{"rendered":"<p><strong>Team:<\/strong> Manchester City<\/p>\n<p><strong>Season:<\/strong> 2021\/22 Home<\/p>\n<p><strong>Size: <\/strong>XL<\/p>\n<p><strong>Condition:<\/strong> Bardzo dobry &#8211; zaci\u0105gni\u0119cie materia\u0142u na r\u0119kawku oraz kilka mikro na plecach.<\/p>\n<p><strong>Dimensions (underarm width\/length) in cm: <\/strong>59\/72<\/p>","protected":false},"excerpt":{"rendered":"<p><strong>Oryginalna domowa koszulka pi\u0142karska Manchesteru City z sezonu 2021\/22 produkcji Pumy z nadrukiem Jacka Grealisha.\u00a0<\/strong><\/p>\n<p>Home model <strong>Manchester City<\/strong> from the season <strong>2021\/22<\/strong>produced by <strong>Puma<\/strong> w rozmiarze XL, pochodzi z okresu dominacji klubu w angielskiej pi\u0142ce pod wodz\u0105 Pepa Guardioli. Dru\u017cyna si\u0119gn\u0119\u0142a po mistrzostwo Premier League, prezentuj\u0105c ofensywny, oparty na posiadaniu pi\u0142ki styl gry.<\/p>\n<p>Koszulka zosta\u0142a wyprodukowana na klasycznej b\u0142\u0119kitnej bazie, a jej charakterystycznym elementem s\u0105 bia\u0142e wstawki, kt\u00f3re podkre\u015blaj\u0105 minimalistyczny i nowoczesny design projektu. Ca\u0142o\u015b\u0107 utrzymana jest w stylistyce typowej dla <strong>Pumas<\/strong>, \u0142\u0105cz\u0105cej prostot\u0119 z elegancj\u0105.<\/p>\n<p>There is an original print on the back. <strong>Jacka Grealisha<\/strong>, kt\u00f3ry w tym sezonie do\u0142\u0105czy\u0142 do <strong>Manchester City<\/strong> jako jeden z najg\u0142o\u015bniejszych transfer\u00f3w w historii klubu. Angielski pomocnik wni\u00f3s\u0142 do zespo\u0142u kreatywno\u015b\u0107 i technik\u0119, stopniowo adaptuj\u0105c si\u0119 do systemu gry Guardioli i staj\u0105c si\u0119 wa\u017cnym elementem rotacji.<\/p>\n<p>The T-shirt is made of a light and airy material and the cut in size XL meets the standards of the <strong>Pumas<\/strong>, providing the classic fit characteristic of the brand's designs.<\/p>\n<p>This is for collectors and fans looking for an original home football jersey <strong>Manchester City<\/strong> from the season <strong>2021\/22<\/strong>, stanowi\u0105cej czytelny zapis mistrzowskiego sezonu i pocz\u0105tku przygody Jacka Grealisha w klubie.<\/p>","protected":false},"featured_media":123294,"template":"","meta":{"_kad_blocks_custom_css":"","_kad_blocks_head_custom_js":"","_kad_blocks_body_custom_js":"","_kad_blocks_footer_custom_js":"","_kad_post_transparent":"default","_kad_post_title":"","_kad_post_layout":"default","_kad_post_sidebar_id":"","_kad_post_content_style":"default","_kad_post_vertical_padding":"default","_kad_post_feature":"","_kad_post_feature_position":"","_kad_post_header":false,"_kad_post_footer":false,"_kad_post_classname":""},"product_brand":[1287],"product_cat":[15,1470],"product_tag":[],"class_list":{"0":"post-123162","1":"product","2":"type-product","3":"status-publish","4":"has-post-thumbnail","6":"product_brand-puma","7":"product_cat-bez-kategorii","8":"product_cat-manchester-city","9":"pa_homeawaythird-home","10":"pa_rozmiar-xl","12":"first","13":"instock","14":"sale","15":"taxable","16":"shipping-taxable","17":"purchasable","18":"product-type-simple","19":"entry","20":"content-bg","21":"loop-entry"},"taxonomy_info":{"product_brand":[{"value":1287,"label":"Puma"}],"product_cat":[{"value":15,"label":"Bez kategorii"},{"value":1470,"label":"Manchester City"}],"pa_homeawaythird":[{"value":1597,"label":"Home"}],"pa_rozmiar":[{"value":1818,"label":"XL"}]},"featured_image_src_large":["https:\/\/footballthrift.shop\/wp-content\/uploads\/2026\/04\/Photoroom_20260423_121619-1024x1024.jpg",1024,1024,true],"author_info":[],"comment_info":"","_links":{"self":[{"href":"https:\/\/footballthrift.shop\/en\/wp-json\/wp\/v2\/product\/123162","targetHints":{"allow":["GET"]}}],"collection":[{"href":"https:\/\/footballthrift.shop\/en\/wp-json\/wp\/v2\/product"}],"about":[{"href":"https:\/\/footballthrift.shop\/en\/wp-json\/wp\/v2\/types\/product"}],"wp:featuredmedia":[{"embeddable":true,"href":"https:\/\/footballthrift.shop\/en\/wp-json\/wp\/v2\/media\/123294"}],"wp:attachment":[{"href":"https:\/\/footballthrift.shop\/en\/wp-json\/wp\/v2\/media?parent=123162"}],"wp:term":[{"taxonomy":"product_brand","embeddable":true,"href":"https:\/\/footballthrift.shop\/en\/wp-json\/wp\/v2\/product_brand?post=123162"},{"taxonomy":"product_cat","embeddable":true,"href":"https:\/\/footballthrift.shop\/en\/wp-json\/wp\/v2\/product_cat?post=123162"},{"taxonomy":"product_tag","embeddable":true,"href":"https:\/\/footballthrift.shop\/en\/wp-json\/wp\/v2\/product_tag?post=123162"}],"curies":[{"name":"wp","href":"https:\/\/api.w.org\/{rel}","templated":true}]}}