{"id":123159,"date":"2026-04-26T17:57:54","date_gmt":"2026-04-26T15:57:54","guid":{"rendered":"https:\/\/footballthrift.shop\/?post_type=product&#038;p=123159"},"modified":"2026-05-01T10:14:32","modified_gmt":"2026-05-01T08:14:32","slug":"koszulka-pilkarska-juventus-fc-2019-20-home-s","status":"publish","type":"product","link":"https:\/\/footballthrift.shop\/en\/koszulka-pilkarska-juventus-fc-2019-20-home-s\/","title":{"rendered":"Koszulka pi\u0142karska Juventus FC 2019\/20 Home [S]"},"content":{"rendered":"<p><strong>Team:<\/strong> Juventus FC<\/p>\n<p><strong>Season:<\/strong> 2019\/20 Home<\/p>\n<p><strong>Size: <\/strong>S<\/p>\n<p><strong>Condition:<\/strong> Good - slightly damaged sponsor print on front.<\/p>\n<p><strong>Dimensions (underarm width\/length) in cm: <\/strong>47\/73<\/p>","protected":false},"excerpt":{"rendered":"<p><strong>Oryginalna domowa koszulka pi\u0142karska Juventusu FC z sezonu 2019\/20 produkcji Adidasa.\u00a0<\/strong><\/p>\n<p>Home model <strong>Juventus FC<\/strong> from the season <strong>2019\/20<\/strong>produced by <strong>Adidas<\/strong> w rozmiarze S, pochodzi z jednego z najbardziej prze\u0142omowych moment\u00f3w w historii klubu pod wzgl\u0119dem designu. Dru\u017cyna si\u0119gn\u0119\u0142a w\u00f3wczas po kolejne mistrzostwo W\u0142och, kontynuuj\u0105c dominacj\u0119 w Serie A, mimo zmian trenerskich i stylu gry.<\/p>\n<p>Koszulka zosta\u0142a wyprodukowana w nietypowym uk\u0142adzie \u2013 prawa cz\u0119\u015b\u0107 jest bia\u0142a, lewa czarna, a ca\u0142o\u015b\u0107 oddziela pionowy r\u00f3\u017cowy pas biegn\u0105cy przez \u015brodek frontu. Na nim umieszczony zosta\u0142 nadruk sponsora <strong>Jeep<\/strong>, kt\u00f3ry stanowi centralny element kompozycji. Projekt ten znacz\u0105co odbiega od klasycznych pasiak\u00f3w <strong>Juventus FC<\/strong>, wpisuj\u0105c si\u0119 w nowoczesne podej\u015bcie <strong>Adidas<\/strong> do reinterpretacji klubowej to\u017csamo\u015bci.<\/p>\n<p>W sezonie 2019\/20 barwy <strong>Juventus FC<\/strong> represented, among others, by. <strong>Cristiano Ronaldo<\/strong>, being the offensive leader, <strong>Paulo Dybala<\/strong>, jeden z najbardziej kreatywnych zawodnik\u00f3w zespo\u0142u, oraz <strong>Leonardo Bonucci<\/strong>, odpowiadaj\u0105cy za organizacj\u0119 defensywy. Dru\u017cyna zdoby\u0142a tytu\u0142 mistrzowski, utrzymuj\u0105c swoj\u0105 pozycj\u0119 na szczycie w\u0142oskiej pi\u0142ki.<\/p>\n<p>The T-shirt is made of a light and airy material and the cut in size S meets the standards of the <strong>Adidas<\/strong>, ensuring a fit in line with the brand's designs.<\/p>\n<p>This is for collectors and fans looking for an original home football jersey <strong>Juventus FC<\/strong> from the season <strong>2019\/20<\/strong>, stanowi\u0105cej czytelny zapis jednego z najbardziej odwa\u017cnych projekt\u00f3w w historii klubu.<\/p>","protected":false},"featured_media":123269,"template":"","meta":{"_kad_blocks_custom_css":"","_kad_blocks_head_custom_js":"","_kad_blocks_body_custom_js":"","_kad_blocks_footer_custom_js":"","_kad_post_transparent":"default","_kad_post_title":"","_kad_post_layout":"default","_kad_post_sidebar_id":"","_kad_post_content_style":"default","_kad_post_vertical_padding":"default","_kad_post_feature":"","_kad_post_feature_position":"","_kad_post_header":false,"_kad_post_footer":false,"_kad_post_classname":""},"product_brand":[1283],"product_cat":[15,1462],"product_tag":[],"class_list":{"0":"post-123159","1":"product","2":"type-product","3":"status-publish","4":"has-post-thumbnail","6":"product_brand-adidas","7":"product_cat-bez-kategorii","8":"product_cat-kluby-wloskie-juventusfc","9":"pa_homeawaythird-home","10":"pa_rozmiar-s","12":"first","13":"instock","14":"sale","15":"taxable","16":"shipping-taxable","17":"purchasable","18":"product-type-simple","19":"entry","20":"content-bg","21":"loop-entry"},"taxonomy_info":{"product_brand":[{"value":1283,"label":"Adidas"}],"product_cat":[{"value":15,"label":"Bez kategorii"},{"value":1462,"label":"Juventus FC"}],"pa_homeawaythird":[{"value":1597,"label":"Home"}],"pa_rozmiar":[{"value":1815,"label":"S"}]},"featured_image_src_large":["https:\/\/footballthrift.shop\/wp-content\/uploads\/2026\/04\/Photoroom_20260423_115336-1024x1024.jpg",1024,1024,true],"author_info":[],"comment_info":"","_links":{"self":[{"href":"https:\/\/footballthrift.shop\/en\/wp-json\/wp\/v2\/product\/123159","targetHints":{"allow":["GET"]}}],"collection":[{"href":"https:\/\/footballthrift.shop\/en\/wp-json\/wp\/v2\/product"}],"about":[{"href":"https:\/\/footballthrift.shop\/en\/wp-json\/wp\/v2\/types\/product"}],"wp:featuredmedia":[{"embeddable":true,"href":"https:\/\/footballthrift.shop\/en\/wp-json\/wp\/v2\/media\/123269"}],"wp:attachment":[{"href":"https:\/\/footballthrift.shop\/en\/wp-json\/wp\/v2\/media?parent=123159"}],"wp:term":[{"taxonomy":"product_brand","embeddable":true,"href":"https:\/\/footballthrift.shop\/en\/wp-json\/wp\/v2\/product_brand?post=123159"},{"taxonomy":"product_cat","embeddable":true,"href":"https:\/\/footballthrift.shop\/en\/wp-json\/wp\/v2\/product_cat?post=123159"},{"taxonomy":"product_tag","embeddable":true,"href":"https:\/\/footballthrift.shop\/en\/wp-json\/wp\/v2\/product_tag?post=123159"}],"curies":[{"name":"wp","href":"https:\/\/api.w.org\/{rel}","templated":true}]}}