{"id":122840,"date":"2026-04-19T15:59:50","date_gmt":"2026-04-19T13:59:50","guid":{"rendered":"https:\/\/footballthrift.shop\/?post_type=product&#038;p=122840"},"modified":"2026-04-19T15:59:50","modified_gmt":"2026-04-19T13:59:50","slug":"polar-klubowy-west-ham-united-fc-1999-00-l","status":"publish","type":"product","link":"https:\/\/footballthrift.shop\/en\/polar-klubowy-west-ham-united-fc-1999-00-l\/","title":{"rendered":"Polar klubowy West Ham United FC 1999\/00 [L]"},"content":{"rendered":"<p><strong>Team:<\/strong> West Ham United FC<\/p>\n<p><strong>Season:<\/strong> 1999\/00<\/p>\n<p><strong>Size: <\/strong>L<\/p>\n<p><strong>Condition:<\/strong> Excellent<\/p>\n<p><strong>Dimensions (underarm width\/length) in cm: <\/strong>65\/71<\/p>","protected":false},"excerpt":{"rendered":"<p><strong>Oryginalny polar pi\u0142karski West Ham United FC z sezonu 1999\/00 produkcji FILA.\u00a0<\/strong><\/p>\n<p>Club model <strong>West Ham United FC<\/strong> from the season <strong>1999\/00<\/strong>produced by <strong>FIL\u0118<\/strong> w rozmiarze L, pochodzi z okresu stabilnych wyst\u0119p\u00f3w zespo\u0142u w Premier League. Dru\u017cyna prowadzona przez Harry\u2019ego Redknappa nale\u017ca\u0142a w\u00f3wczas do solidnych ekip \u015brodka tabeli, a w jej sk\u0142adzie znajdowali si\u0119 zawodnicy buduj\u0105cy rozpoznawalno\u015b\u0107 klubu na prze\u0142omie wiek\u00f3w.<\/p>\n<p>Polar zosta\u0142 wykonany na granatowej bazie, utrzymanej w klasycznej, stonowanej kolorystyce charakterystycznej dla <strong>West Ham United FC<\/strong>. Model posiada niepe\u0142ny zamek b\u0142yskawiczny, co podkre\u015bla jego sportowo-codzienny charakter, a brak nadruk\u00f3w sponsora nadaje mu bardziej uniwersalny wygl\u0105d.<\/p>\n<p>During this period the colours <strong>West Ham United FC<\/strong> represented, among others, by. <strong>Paolo Di Canio<\/strong>, jedna z najwi\u0119kszych gwiazd zespo\u0142u, <strong>Frank Lampard<\/strong>, rozwijaj\u0105cy swoj\u0105 karier\u0119 pomocnik, oraz <strong>Rio Ferdinand<\/strong>, kt\u00f3ry szybko sta\u0142 si\u0119 jednym z najbardziej obiecuj\u0105cych obro\u0144c\u00f3w w Anglii.<\/p>\n<p>The fleece is made of warm material and the cut in size L meets the standards of the <strong>FILI<\/strong>, zapewniaj\u0105c wygod\u0119 u\u017cytkowania zar\u00f3wno na co dzie\u0144, jak i w ch\u0142odniejsze dni.<\/p>\n<p>To propozycja dla kolekcjoner\u00f3w oraz kibic\u00f3w poszukuj\u0105cych oryginalnego polaru pi\u0142karskiego <strong>West Ham United FC<\/strong> from the season <strong>1999\/00<\/strong>, stanowi\u0105cego czytelny zapis prze\u0142omu wiek\u00f3w w historii klubu.<\/p>","protected":false},"featured_media":122868,"template":"","meta":{"_kad_blocks_custom_css":"","_kad_blocks_head_custom_js":"","_kad_blocks_body_custom_js":"","_kad_blocks_footer_custom_js":"","_kad_post_transparent":"default","_kad_post_title":"","_kad_post_layout":"default","_kad_post_sidebar_id":"","_kad_post_content_style":"default","_kad_post_vertical_padding":"default","_kad_post_feature":"","_kad_post_feature_position":"","_kad_post_header":false,"_kad_post_footer":false,"_kad_post_classname":""},"product_brand":[1317],"product_cat":[15,1423,1485],"product_tag":[],"class_list":{"0":"post-122840","1":"product","2":"type-product","3":"status-publish","4":"has-post-thumbnail","6":"product_brand-fila","7":"product_cat-bez-kategorii","8":"product_cat-kurtkibluzytrening","9":"product_cat-pozostale-kluby-angielskie","10":"pa_rozmiar-l","12":"first","13":"instock","14":"taxable","15":"shipping-taxable","16":"purchasable","17":"product-type-simple","18":"entry","19":"content-bg","20":"loop-entry"},"taxonomy_info":{"product_brand":[{"value":1317,"label":"Fila"}],"product_cat":[{"value":15,"label":"Bez kategorii"},{"value":1423,"label":"Kurtki\/bluzy\/trening"},{"value":1485,"label":"Pozosta\u0142e kluby angielskie"}],"pa_rozmiar":[{"value":1817,"label":"L"}]},"featured_image_src_large":["https:\/\/footballthrift.shop\/wp-content\/uploads\/2026\/04\/Photoroom_20260415_135654-1024x1024.jpg",1024,1024,true],"author_info":[],"comment_info":"","_links":{"self":[{"href":"https:\/\/footballthrift.shop\/en\/wp-json\/wp\/v2\/product\/122840","targetHints":{"allow":["GET"]}}],"collection":[{"href":"https:\/\/footballthrift.shop\/en\/wp-json\/wp\/v2\/product"}],"about":[{"href":"https:\/\/footballthrift.shop\/en\/wp-json\/wp\/v2\/types\/product"}],"wp:featuredmedia":[{"embeddable":true,"href":"https:\/\/footballthrift.shop\/en\/wp-json\/wp\/v2\/media\/122868"}],"wp:attachment":[{"href":"https:\/\/footballthrift.shop\/en\/wp-json\/wp\/v2\/media?parent=122840"}],"wp:term":[{"taxonomy":"product_brand","embeddable":true,"href":"https:\/\/footballthrift.shop\/en\/wp-json\/wp\/v2\/product_brand?post=122840"},{"taxonomy":"product_cat","embeddable":true,"href":"https:\/\/footballthrift.shop\/en\/wp-json\/wp\/v2\/product_cat?post=122840"},{"taxonomy":"product_tag","embeddable":true,"href":"https:\/\/footballthrift.shop\/en\/wp-json\/wp\/v2\/product_tag?post=122840"}],"curies":[{"name":"wp","href":"https:\/\/api.w.org\/{rel}","templated":true}]}}