{"id":122839,"date":"2026-04-19T15:59:50","date_gmt":"2026-04-19T13:59:50","guid":{"rendered":"https:\/\/footballthrift.shop\/?post_type=product&#038;p=122839"},"modified":"2026-04-19T15:59:51","modified_gmt":"2026-04-19T13:59:51","slug":"koszulka-pilkarska-vfl-wolfsburg-2016-17-third-xxl","status":"publish","type":"product","link":"https:\/\/footballthrift.shop\/en\/koszulka-pilkarska-vfl-wolfsburg-2016-17-third-xxl\/","title":{"rendered":"Koszulka pi\u0142karska VFL Wolfsburg 2016\/17 Third [XXL]"},"content":{"rendered":"<p><strong>Team:<\/strong> VFL Wolfsburg<\/p>\n<p><strong>Season:<\/strong> 2016\/17 Third<\/p>\n<p><strong>Size: <\/strong>XXL<\/p>\n<p><strong>Condition:<\/strong> Excellent<\/p>\n<p><strong>Dimensions (underarm width\/length) in cm: <\/strong>64\/80<\/p>","protected":false},"excerpt":{"rendered":"<p><strong>Oryginalna trzecia koszulka pi\u0142karska VfL Wolfsburg z sezonu 2016\/17 produkcji Nike.\u00a0<\/strong><\/p>\n<p>The third model <strong>VfL Wolfsburg<\/strong> from the season <strong>2016\/17<\/strong>produced by <strong>Nike<\/strong> w rozmiarze XXL, pochodzi z wymagaj\u0105cego okresu dla klubu, kt\u00f3ry po wcze\u015bniejszych sukcesach musia\u0142 walczy\u0107 o utrzymanie w Bundeslidze. Sezon zako\u0144czy\u0142 si\u0119 udzia\u0142em w bara\u017cach, w kt\u00f3rych dru\u017cyna zapewni\u0142a sobie pozostanie na najwy\u017cszym poziomie rozgrywkowym.<\/p>\n<p>Koszulka zosta\u0142a wyprodukowana na granatowej bazie, a jej charakterystycznym elementem s\u0105 cienkie, pionowe bia\u0142e paski, nadaj\u0105ce projektowi elegancki i uporz\u0105dkowany wygl\u0105d. Na froncie centralnie umieszczony zosta\u0142 nadruk sponsora <strong>Volkswagen<\/strong>, wyra\u017anie kontrastuj\u0105cy z ciemnym t\u0142em i stanowi\u0105cy g\u0142\u00f3wny element kompozycji.<\/p>\n<p>W sezonie 2016\/17 barwy <strong>VfL Wolfsburg<\/strong> represented, among others, by. <strong>Mario G\u00f3mez<\/strong>, b\u0119d\u0105cy najwa\u017cniejsz\u0105 postaci\u0105 ofensywy, <strong>Julian Draxler<\/strong>, kt\u00f3ry jednak opu\u015bci\u0142 klub zim\u0105, a tak\u017ce <strong>Ricardo Rodr\u00edguez<\/strong> i <strong>Diego Benaglio<\/strong>, odpowiadaj\u0105cy za stabilno\u015b\u0107 defensywy. Dru\u017cyna, mimo jako\u015bci w sk\u0142adzie, przechodzi\u0142a trudny okres i do ko\u0144ca walczy\u0142a o utrzymanie w lidze.<\/p>\n<p>The T-shirt is made of a light and airy material and the XXL cut meets the standards of the <strong>Nike<\/strong>, providing the classic fit characteristic of the brand's designs.<\/p>\n<p>This is for collectors and fans looking for the original third football jersey <strong>VfL Wolfsburg<\/strong> from the season <strong>2016\/17<\/strong>, stanowi\u0105cej czytelny zapis trudnego sezonu zako\u0144czonego utrzymaniem w Bundeslidze.<\/p>","protected":false},"featured_media":122862,"template":"","meta":{"_kad_blocks_custom_css":"","_kad_blocks_head_custom_js":"","_kad_blocks_body_custom_js":"","_kad_blocks_footer_custom_js":"","_kad_post_transparent":"default","_kad_post_title":"","_kad_post_layout":"default","_kad_post_sidebar_id":"","_kad_post_content_style":"default","_kad_post_vertical_padding":"default","_kad_post_feature":"","_kad_post_feature_position":"","_kad_post_header":false,"_kad_post_footer":false,"_kad_post_classname":""},"product_brand":[1284],"product_cat":[15,1482],"product_tag":[],"class_list":{"0":"post-122839","1":"product","2":"type-product","3":"status-publish","4":"has-post-thumbnail","6":"product_brand-nike","7":"product_cat-bez-kategorii","8":"product_cat-kluby-niemieckie-vflwolfsburg","9":"pa_homeawaythird-third","10":"pa_rozmiar-xxl","12":"first","13":"instock","14":"taxable","15":"shipping-taxable","16":"purchasable","17":"product-type-simple","18":"entry","19":"content-bg","20":"loop-entry"},"taxonomy_info":{"product_brand":[{"value":1284,"label":"Nike"}],"product_cat":[{"value":15,"label":"Bez kategorii"},{"value":1482,"label":"VFL Wolfsburg"}],"pa_homeawaythird":[{"value":1599,"label":"Third"}],"pa_rozmiar":[{"value":1819,"label":"XXL"}]},"featured_image_src_large":["https:\/\/footballthrift.shop\/wp-content\/uploads\/2026\/04\/Photoroom_20260415_134727-1024x1024.jpg",1024,1024,true],"author_info":[],"comment_info":"","_links":{"self":[{"href":"https:\/\/footballthrift.shop\/en\/wp-json\/wp\/v2\/product\/122839","targetHints":{"allow":["GET"]}}],"collection":[{"href":"https:\/\/footballthrift.shop\/en\/wp-json\/wp\/v2\/product"}],"about":[{"href":"https:\/\/footballthrift.shop\/en\/wp-json\/wp\/v2\/types\/product"}],"wp:featuredmedia":[{"embeddable":true,"href":"https:\/\/footballthrift.shop\/en\/wp-json\/wp\/v2\/media\/122862"}],"wp:attachment":[{"href":"https:\/\/footballthrift.shop\/en\/wp-json\/wp\/v2\/media?parent=122839"}],"wp:term":[{"taxonomy":"product_brand","embeddable":true,"href":"https:\/\/footballthrift.shop\/en\/wp-json\/wp\/v2\/product_brand?post=122839"},{"taxonomy":"product_cat","embeddable":true,"href":"https:\/\/footballthrift.shop\/en\/wp-json\/wp\/v2\/product_cat?post=122839"},{"taxonomy":"product_tag","embeddable":true,"href":"https:\/\/footballthrift.shop\/en\/wp-json\/wp\/v2\/product_tag?post=122839"}],"curies":[{"name":"wp","href":"https:\/\/api.w.org\/{rel}","templated":true}]}}