{"id":122838,"date":"2026-04-19T15:59:51","date_gmt":"2026-04-19T13:59:51","guid":{"rendered":"https:\/\/footballthrift.shop\/?post_type=product&#038;p=122838"},"modified":"2026-04-19T15:59:51","modified_gmt":"2026-04-19T13:59:51","slug":"koszulka-pilkarska-tsv-monachium-1860-2007-08-home-xl","status":"publish","type":"product","link":"https:\/\/footballthrift.shop\/en\/koszulka-pilkarska-tsv-monachium-1860-2007-08-home-xl\/","title":{"rendered":"Koszulka pi\u0142karska TSV Monachium 1860 2007\/08 Home [XL]"},"content":{"rendered":"<p><strong>Team:<\/strong> TSV Munich 1860<\/p>\n<p><strong>Season:<\/strong> 2007\/08 Home<\/p>\n<p><strong>Size: <\/strong>XL<\/p>\n<p><strong>Condition:<\/strong> Dobry &#8211; nieco uszkodzony ko\u0142nierzyk oraz drobne plamki na ramieniu.<\/p>\n<p><strong>Dimensions (underarm width\/length) in cm: <\/strong>53\/74(prz\u00f3d), 81(ty\u0142)<\/p>","protected":false},"excerpt":{"rendered":"<p><strong>Oryginalna domowa koszulka pi\u0142karska TSV 1860 Monachium z sezonu 2007\/08 produkcji Kappy.\u00a0<\/strong><\/p>\n<p>Home model <strong>TSV 1860 Munich<\/strong> from the season <strong>2007\/08<\/strong>produced by <strong>Kappa<\/strong> w rozmiarze XL, pochodzi z okresu wyst\u0119p\u00f3w klubu na poziomie 2. Bundesligi. Dru\u017cyna z Monachium, mimo bogatej historii i dawnych sukces\u00f3w, w tym czasie stara\u0142a si\u0119 odbudowa\u0107 swoj\u0105 pozycj\u0119 i wr\u00f3ci\u0107 do najwy\u017cszej klasy rozgrywkowej.<\/p>\n<p>The T-shirt was produced in the characteristic <strong>TSV 1860 Munich<\/strong> uk\u0142adzie kolorystycznym \u2013 lewa cz\u0119\u015b\u0107 jest bia\u0142a, prawa b\u0142\u0119kitna, co stanowi jeden z najbardziej rozpoznawalnych motyw\u00f3w klubu. Na froncie centralnie umieszczony zosta\u0142 nadruk sponsora <strong>Trenkwalder<\/strong>, wyr\u00f3\u017cniaj\u0105cy si\u0119 czerwonym kolorem i kontrastuj\u0105cy z baz\u0105 koszulki.<\/p>\n<p><strong>TSV 1860 Munich<\/strong> to klub za\u0142o\u017cony w 1860 roku, kt\u00f3ry odegra\u0142 wa\u017cn\u0105 rol\u0119 w historii niemieckiej pi\u0142ki, si\u0119gaj\u0105c m.in. po mistrzostwo Niemiec w 1966 roku oraz docieraj\u0105c do fina\u0142u Pucharu Zdobywc\u00f3w Puchar\u00f3w. Przez lata klub by\u0142 jednym z najbardziej rozpoznawalnych zespo\u0142\u00f3w w kraju, s\u0142yn\u0105c z wiernych kibic\u00f3w i silnej to\u017csamo\u015bci, mimo p\u00f3\u017aniejszych spadk\u00f3w i problem\u00f3w organizacyjnych.<\/p>\n<p>The T-shirt is made of a light and airy material and the cut in size XL meets the standards of the <strong>Kappy<\/strong>, ensuring a fit in line with the brand's designs.<\/p>\n<p>This is for collectors and fans looking for an original home football jersey <strong>TSV 1860 Munich<\/strong> from the season <strong>2007\/08<\/strong>, stanowi\u0105cej czytelny zapis jednego z etap\u00f3w odbudowy klubu.<\/p>","protected":false},"featured_media":122852,"template":"","meta":{"_kad_blocks_custom_css":"","_kad_blocks_head_custom_js":"","_kad_blocks_body_custom_js":"","_kad_blocks_footer_custom_js":"","_kad_post_transparent":"default","_kad_post_title":"","_kad_post_layout":"default","_kad_post_sidebar_id":"","_kad_post_content_style":"default","_kad_post_vertical_padding":"default","_kad_post_feature":"","_kad_post_feature_position":"","_kad_post_header":false,"_kad_post_footer":false,"_kad_post_classname":""},"product_brand":[1290],"product_cat":[15,1490],"product_tag":[],"class_list":{"0":"post-122838","1":"product","2":"type-product","3":"status-publish","4":"has-post-thumbnail","6":"product_brand-kappa","7":"product_cat-bez-kategorii","8":"product_cat-pozostale-kluby-niemieckie","9":"pa_homeawaythird-home","10":"pa_rozmiar-xl","12":"first","13":"instock","14":"taxable","15":"shipping-taxable","16":"purchasable","17":"product-type-simple","18":"entry","19":"content-bg","20":"loop-entry"},"taxonomy_info":{"product_brand":[{"value":1290,"label":"Kappa"}],"product_cat":[{"value":15,"label":"Bez kategorii"},{"value":1490,"label":"Pozosta\u0142e kluby niemieckie"}],"pa_homeawaythird":[{"value":1597,"label":"Home"}],"pa_rozmiar":[{"value":1818,"label":"XL"}]},"featured_image_src_large":["https:\/\/footballthrift.shop\/wp-content\/uploads\/2026\/04\/Photoroom_20260415_134826-1024x1024.jpg",1024,1024,true],"author_info":[],"comment_info":"","_links":{"self":[{"href":"https:\/\/footballthrift.shop\/en\/wp-json\/wp\/v2\/product\/122838","targetHints":{"allow":["GET"]}}],"collection":[{"href":"https:\/\/footballthrift.shop\/en\/wp-json\/wp\/v2\/product"}],"about":[{"href":"https:\/\/footballthrift.shop\/en\/wp-json\/wp\/v2\/types\/product"}],"wp:featuredmedia":[{"embeddable":true,"href":"https:\/\/footballthrift.shop\/en\/wp-json\/wp\/v2\/media\/122852"}],"wp:attachment":[{"href":"https:\/\/footballthrift.shop\/en\/wp-json\/wp\/v2\/media?parent=122838"}],"wp:term":[{"taxonomy":"product_brand","embeddable":true,"href":"https:\/\/footballthrift.shop\/en\/wp-json\/wp\/v2\/product_brand?post=122838"},{"taxonomy":"product_cat","embeddable":true,"href":"https:\/\/footballthrift.shop\/en\/wp-json\/wp\/v2\/product_cat?post=122838"},{"taxonomy":"product_tag","embeddable":true,"href":"https:\/\/footballthrift.shop\/en\/wp-json\/wp\/v2\/product_tag?post=122838"}],"curies":[{"name":"wp","href":"https:\/\/api.w.org\/{rel}","templated":true}]}}