{"id":122835,"date":"2026-04-19T15:59:40","date_gmt":"2026-04-19T13:59:40","guid":{"rendered":"https:\/\/footballthrift.shop\/?post_type=product&#038;p=122835"},"modified":"2026-04-19T15:59:40","modified_gmt":"2026-04-19T13:59:40","slug":"koszulka-pilkarska-rosja-2020-24-away-l","status":"publish","type":"product","link":"https:\/\/footballthrift.shop\/en\/koszulka-pilkarska-rosja-2020-24-away-l\/","title":{"rendered":"Koszulka pi\u0142karska Rosja 2020\/24 Away [L]"},"content":{"rendered":"<p><strong>Team:<\/strong> Russia<\/p>\n<p><strong>Season:<\/strong> 2020\/24 Away<\/p>\n<p><strong>Size: <\/strong>L<\/p>\n<p><strong>Condition:<\/strong> Excellent<\/p>\n<p><strong>Dimensions (underarm width\/length) in cm: <\/strong>53\/75<\/p>","protected":false},"excerpt":{"rendered":"<p><strong>Oryginalna wyjazdowa koszulka pi\u0142karska reprezentacji Rosji z lat 2020\/24 produkcji Adidasa.\u00a0<\/strong><\/p>\n<p>Away model <strong>the Russian national team<\/strong> over the years <strong>2020\/24<\/strong>produced by <strong>Adidas<\/strong> w rozmiarze L, pochodzi z okresu ostatnich lat wsp\u00f3\u0142pracy tej marki z federacj\u0105. By\u0142 to czas, w kt\u00f3rym dru\u017cyna funkcjonowa\u0142a w zmieniaj\u0105cych si\u0119 realiach mi\u0119dzynarodowych, a sama koszulka sta\u0142a si\u0119 ostatnim projektem tej wsp\u00f3\u0142pracy.<\/p>\n<p>Koszulka zosta\u0142a wyprodukowana na bia\u0142ej bazie, a jej charakterystycznym elementem s\u0105 czerwono-niebieskie wyko\u0144czenia r\u0119kawk\u00f3w oraz poziomy pas na froncie w tych samych barwach, nawi\u0105zuj\u0105cych do kolorystyki <strong>the Russian national team<\/strong>. Projekt zachowuje prosty i nowoczesny styl typowy dla <strong>Adidas<\/strong> from that period.<\/p>\n<p>W trakcie trwania tej wsp\u00f3\u0142pracy <strong>Adidas<\/strong> z <strong>reprezentacj\u0105 Rosji<\/strong> dosz\u0142o do jej zako\u0144czenia, a w 2024 roku koszulki kadry zacz\u0119\u0142a dostarcza\u0107 rodzima firma, co zamkn\u0119\u0142o pewien etap w historii wizualnej reprezentacji.<\/p>\n<p>The T-shirt is made of a light and airy material and the cut in size L meets the standards of the <strong>Adidas<\/strong>, ensuring a fit in line with the brand's designs.<\/p>\n<p>This is for collectors and fans looking for an original away football jersey <strong>the Russian national team<\/strong> over the years <strong>2020\/24<\/strong>, stanowi\u0105cej czytelny zapis ko\u0144cowego okresu wsp\u00f3\u0142pracy z Adidasem.<\/p>","protected":false},"featured_media":123059,"template":"","meta":{"_kad_blocks_custom_css":"","_kad_blocks_head_custom_js":"","_kad_blocks_body_custom_js":"","_kad_blocks_footer_custom_js":"","_kad_post_transparent":"default","_kad_post_title":"","_kad_post_layout":"default","_kad_post_sidebar_id":"","_kad_post_content_style":"default","_kad_post_vertical_padding":"default","_kad_post_feature":"","_kad_post_feature_position":"","_kad_post_header":false,"_kad_post_footer":false,"_kad_post_classname":""},"product_brand":[1283],"product_cat":[15,1489],"product_tag":[],"class_list":{"0":"post-122835","1":"product","2":"type-product","3":"status-publish","4":"has-post-thumbnail","6":"product_brand-adidas","7":"product_cat-bez-kategorii","8":"product_cat-pozostale-reprezentacje-europa","9":"pa_homeawaythird-away","10":"pa_rozmiar-l","12":"first","13":"instock","14":"taxable","15":"shipping-taxable","16":"purchasable","17":"product-type-simple","18":"entry","19":"content-bg","20":"loop-entry"},"taxonomy_info":{"product_brand":[{"value":1283,"label":"Adidas"}],"product_cat":[{"value":15,"label":"Bez kategorii"},{"value":1489,"label":"Pozosta\u0142e"}],"pa_homeawaythird":[{"value":1598,"label":"Away"}],"pa_rozmiar":[{"value":1817,"label":"L"}]},"featured_image_src_large":["https:\/\/footballthrift.shop\/wp-content\/uploads\/2026\/04\/Photoroom_20260415_135813-1024x1024.jpg",1024,1024,true],"author_info":[],"comment_info":"","_links":{"self":[{"href":"https:\/\/footballthrift.shop\/en\/wp-json\/wp\/v2\/product\/122835","targetHints":{"allow":["GET"]}}],"collection":[{"href":"https:\/\/footballthrift.shop\/en\/wp-json\/wp\/v2\/product"}],"about":[{"href":"https:\/\/footballthrift.shop\/en\/wp-json\/wp\/v2\/types\/product"}],"wp:featuredmedia":[{"embeddable":true,"href":"https:\/\/footballthrift.shop\/en\/wp-json\/wp\/v2\/media\/123059"}],"wp:attachment":[{"href":"https:\/\/footballthrift.shop\/en\/wp-json\/wp\/v2\/media?parent=122835"}],"wp:term":[{"taxonomy":"product_brand","embeddable":true,"href":"https:\/\/footballthrift.shop\/en\/wp-json\/wp\/v2\/product_brand?post=122835"},{"taxonomy":"product_cat","embeddable":true,"href":"https:\/\/footballthrift.shop\/en\/wp-json\/wp\/v2\/product_cat?post=122835"},{"taxonomy":"product_tag","embeddable":true,"href":"https:\/\/footballthrift.shop\/en\/wp-json\/wp\/v2\/product_tag?post=122835"}],"curies":[{"name":"wp","href":"https:\/\/api.w.org\/{rel}","templated":true}]}}