{"id":122828,"date":"2026-04-19T15:59:42","date_gmt":"2026-04-19T13:59:42","guid":{"rendered":"https:\/\/footballthrift.shop\/?post_type=product&#038;p=122828"},"modified":"2026-04-19T15:59:43","modified_gmt":"2026-04-19T13:59:43","slug":"koszulka-pilkarska-olympique-lyon-2015-16-home-xl","status":"publish","type":"product","link":"https:\/\/footballthrift.shop\/en\/koszulka-pilkarska-olympique-lyon-2015-16-home-xl\/","title":{"rendered":"Koszulka pi\u0142karska Olympique Lyon 2015\/16 Home [XL]"},"content":{"rendered":"<p><strong>Team:<\/strong> Olympique Lyon<\/p>\n<p><strong>Season:<\/strong> 2015\/16 Home<\/p>\n<p><strong>Size: <\/strong>XL<\/p>\n<p><strong>Condition:<\/strong> Zadowalaj\u0105cy &#8211; pop\u0119kany nadruk sponsora na froncie, kilka mikro plamek i zabrudze\u0144, a materia\u0142 straci\u0142 nieco sw\u00f3j pierwotny kolor.<\/p>\n<p><strong>Dimensions (underarm width\/length) in cm: <\/strong>59\/77<\/p>","protected":false},"excerpt":{"rendered":"<p><strong>Oryginalna domowa koszulka pi\u0142karska Olympique Lyon z sezonu 2015\/16 produkcji Adidasa.\u00a0<\/strong><\/p>\n<p>Home model <strong>Olympique Lyon<\/strong> from the season <strong>2015\/16<\/strong>produced by <strong>Adidas<\/strong> w rozmiarze XL, pochodzi z okresu powrotu klubu do rywalizacji na najwy\u017cszym poziomie we Francji. Dru\u017cyna walczy\u0142a o czo\u0142owe lokaty w Ligue 1 oraz reprezentowa\u0142a kraj w europejskich rozgrywkach, opieraj\u0105c swoj\u0105 si\u0142\u0119 na m\u0142odych, utalentowanych zawodnikach.<\/p>\n<p>Koszulka zosta\u0142a wyprodukowana na bia\u0142ej bazie, a jej charakterystycznym elementem s\u0105 niebieskie i czerwone wyko\u0144czenia, nawi\u0105zuj\u0105ce do klubowych barw <strong>Olympique Lyon<\/strong>. Projekt zachowuje klasyczny i elegancki styl, a na froncie centralnie umieszczony zosta\u0142 nadruk sponsora <strong>Hyundai<\/strong>, wyra\u017anie widoczny na tle koszulki.<\/p>\n<p>For the 2015\/16 season, the colours <strong>Olympique Lyon<\/strong> represented, among others, by. <strong>Alexandre Lacazette<\/strong>, b\u0119d\u0105cy liderem ofensywy i jednym z najlepszych strzelc\u00f3w ligi, <strong>Nabil Fekir<\/strong>, wyr\u00f3\u017cniaj\u0105cy si\u0119 kreatywno\u015bci\u0105, a tak\u017ce <strong>Samuel Umtiti<\/strong>, odpowiadaj\u0105cy za stabilno\u015b\u0107 defensywy. Dru\u017cyna \u0142\u0105czy\u0142a m\u0142odo\u015b\u0107 z jako\u015bci\u0105, co pozwala\u0142o jej rywalizowa\u0107 z najlepszymi zespo\u0142ami we Francji.<\/p>\n<p>The T-shirt is made of a light and airy material and the cut in size XL meets the standards of the <strong>Adidas<\/strong>, ensuring a fit in line with the brand's designs.<\/p>\n<p>This is for collectors and fans looking for an original home football jersey <strong>Olympique Lyon<\/strong> from the season <strong>2015\/16<\/strong>, stanowi\u0105cej czytelny zapis okresu odbudowy pozycji klubu w Ligue 1.<\/p>","protected":false},"featured_media":123030,"template":"","meta":{"_kad_blocks_custom_css":"","_kad_blocks_head_custom_js":"","_kad_blocks_body_custom_js":"","_kad_blocks_footer_custom_js":"","_kad_post_transparent":"default","_kad_post_title":"","_kad_post_layout":"default","_kad_post_sidebar_id":"","_kad_post_content_style":"default","_kad_post_vertical_padding":"default","_kad_post_feature":"","_kad_post_feature_position":"","_kad_post_header":false,"_kad_post_footer":false,"_kad_post_classname":""},"product_brand":[1283],"product_cat":[15,1446],"product_tag":[],"class_list":{"0":"post-122828","1":"product","2":"type-product","3":"status-publish","4":"has-post-thumbnail","6":"product_brand-adidas","7":"product_cat-bez-kategorii","8":"product_cat-kluby-francuskie-olympiquelyon","9":"pa_homeawaythird-home","10":"pa_rozmiar-xl","12":"first","13":"instock","14":"taxable","15":"shipping-taxable","16":"purchasable","17":"product-type-simple","18":"entry","19":"content-bg","20":"loop-entry"},"taxonomy_info":{"product_brand":[{"value":1283,"label":"Adidas"}],"product_cat":[{"value":15,"label":"Bez kategorii"},{"value":1446,"label":"Olympique Lyon"}],"pa_homeawaythird":[{"value":1597,"label":"Home"}],"pa_rozmiar":[{"value":1818,"label":"XL"}]},"featured_image_src_large":["https:\/\/footballthrift.shop\/wp-content\/uploads\/2026\/04\/Photoroom_20260415_135053-1024x1024.jpg",1024,1024,true],"author_info":[],"comment_info":"","_links":{"self":[{"href":"https:\/\/footballthrift.shop\/en\/wp-json\/wp\/v2\/product\/122828","targetHints":{"allow":["GET"]}}],"collection":[{"href":"https:\/\/footballthrift.shop\/en\/wp-json\/wp\/v2\/product"}],"about":[{"href":"https:\/\/footballthrift.shop\/en\/wp-json\/wp\/v2\/types\/product"}],"wp:featuredmedia":[{"embeddable":true,"href":"https:\/\/footballthrift.shop\/en\/wp-json\/wp\/v2\/media\/123030"}],"wp:attachment":[{"href":"https:\/\/footballthrift.shop\/en\/wp-json\/wp\/v2\/media?parent=122828"}],"wp:term":[{"taxonomy":"product_brand","embeddable":true,"href":"https:\/\/footballthrift.shop\/en\/wp-json\/wp\/v2\/product_brand?post=122828"},{"taxonomy":"product_cat","embeddable":true,"href":"https:\/\/footballthrift.shop\/en\/wp-json\/wp\/v2\/product_cat?post=122828"},{"taxonomy":"product_tag","embeddable":true,"href":"https:\/\/footballthrift.shop\/en\/wp-json\/wp\/v2\/product_tag?post=122828"}],"curies":[{"name":"wp","href":"https:\/\/api.w.org\/{rel}","templated":true}]}}