{"id":122825,"date":"2026-04-19T15:59:44","date_gmt":"2026-04-19T13:59:44","guid":{"rendered":"https:\/\/footballthrift.shop\/?post_type=product&#038;p=122825"},"modified":"2026-04-19T15:59:44","modified_gmt":"2026-04-19T13:59:44","slug":"koszulka-pilkarska-hannover-96-2006-07-home-13-brdaric-xl","status":"publish","type":"product","link":"https:\/\/footballthrift.shop\/en\/koszulka-pilkarska-hannover-96-2006-07-home-13-brdaric-xl\/","title":{"rendered":"Koszulka pi\u0142karska Hannover 96 2006\/07 Home 13 Brdari\u0107 [XL]"},"content":{"rendered":"<p><strong>Team:<\/strong> Hannover 96<\/p>\n<p><strong>Season:<\/strong> 2006\/07 Home<\/p>\n<p><strong>Size: <\/strong>XL<\/p>\n<p><strong>Condition:<\/strong> Bardzo dobry &#8211; nieznacznie uszkodzone literki B&#8217; oraz 'C&#8217; w nadruku na plecach.<\/p>\n<p><strong>Dimensions (underarm width\/length) in cm: <\/strong>59\/72<\/p>\n<p><strong>Additional information*:<\/strong> Nadruk na\u0142o\u017cony jest nieco nier\u00f3wno.<\/p>","protected":false},"excerpt":{"rendered":"<p><strong>Oryginalna domowa koszulka pi\u0142karska Hannoveru 96 z sezonu 2006\/07 produkcji Diadory z nadrukiem Thomasa Brdaricia.\u00a0<\/strong><\/p>\n<p>Home model <strong>Hannover 96<\/strong> from the season <strong>2006\/07<\/strong>produced by <strong>Diadora<\/strong> w rozmiarze XL, pochodzi z okresu stabilnych wyst\u0119p\u00f3w klubu w Bundeslidze. Dru\u017cyna koncentrowa\u0142a si\u0119 na utrzymaniu miejsca w \u015brodku tabeli, buduj\u0105c sk\u0142ad zdolny do rywalizacji na najwy\u017cszym poziomie rozgrywkowym w Niemczech.<\/p>\n<p>Koszulka zosta\u0142a wyprodukowana w ca\u0142o\u015bci w czerwonej kolorystyce, b\u0119d\u0105cej znakiem rozpoznawczym <strong>Hannover 96<\/strong>. Na froncie centralnie umieszczony zosta\u0142 nadruk sponsora <strong>TUI Travel<\/strong>, kt\u00f3ry wyra\u017anie kontrastuje z jednolit\u0105 baz\u0105, tworz\u0105c prosty i klasyczny projekt charakterystyczny dla <strong>Diadory<\/strong> from that period.<\/p>\n<p>There is an original print on the back. <strong>Thomasa Brdaricia<\/strong>, napastnika, kt\u00f3ry w tym czasie reprezentowa\u0142 barwy <strong>Hannover 96<\/strong> i odpowiada\u0142 za gr\u0119 ofensywn\u0105 zespo\u0142u. By\u0142 zawodnikiem znanym z waleczno\u015bci i do\u015bwiadczenia, zdobytego r\u00f3wnie\u017c na poziomie reprezentacyjnym.<\/p>\n<p>The T-shirt is made of a light and airy material and the cut in size XL meets the standards of the <strong>Diadory<\/strong>, providing the classic fit characteristic of the brand's designs.<\/p>\n<p>This is for collectors and fans looking for an original home football jersey <strong>Hannover 96<\/strong> from the season <strong>2006\/07<\/strong>, stanowi\u0105cej czytelny zapis stabilnego okresu klubu w Bundeslidze.<\/p>","protected":false},"featured_media":123005,"template":"","meta":{"_kad_blocks_custom_css":"","_kad_blocks_head_custom_js":"","_kad_blocks_body_custom_js":"","_kad_blocks_footer_custom_js":"","_kad_post_transparent":"default","_kad_post_title":"","_kad_post_layout":"default","_kad_post_sidebar_id":"","_kad_post_content_style":"default","_kad_post_vertical_padding":"default","_kad_post_feature":"","_kad_post_feature_position":"","_kad_post_header":false,"_kad_post_footer":false,"_kad_post_classname":""},"product_brand":[1289],"product_cat":[15,1490],"product_tag":[],"class_list":{"0":"post-122825","1":"product","2":"type-product","3":"status-publish","4":"has-post-thumbnail","6":"product_brand-diadora","7":"product_cat-bez-kategorii","8":"product_cat-pozostale-kluby-niemieckie","9":"pa_homeawaythird-home","10":"pa_rozmiar-xl","12":"first","13":"instock","14":"taxable","15":"shipping-taxable","16":"purchasable","17":"product-type-simple","18":"entry","19":"content-bg","20":"loop-entry"},"taxonomy_info":{"product_brand":[{"value":1289,"label":"Diadora"}],"product_cat":[{"value":15,"label":"Bez kategorii"},{"value":1490,"label":"Pozosta\u0142e kluby niemieckie"}],"pa_homeawaythird":[{"value":1597,"label":"Home"}],"pa_rozmiar":[{"value":1818,"label":"XL"}]},"featured_image_src_large":["https:\/\/footballthrift.shop\/wp-content\/uploads\/2026\/04\/Photoroom_20260415_135641-1024x1024.jpg",1024,1024,true],"author_info":[],"comment_info":"","_links":{"self":[{"href":"https:\/\/footballthrift.shop\/en\/wp-json\/wp\/v2\/product\/122825","targetHints":{"allow":["GET"]}}],"collection":[{"href":"https:\/\/footballthrift.shop\/en\/wp-json\/wp\/v2\/product"}],"about":[{"href":"https:\/\/footballthrift.shop\/en\/wp-json\/wp\/v2\/types\/product"}],"wp:featuredmedia":[{"embeddable":true,"href":"https:\/\/footballthrift.shop\/en\/wp-json\/wp\/v2\/media\/123005"}],"wp:attachment":[{"href":"https:\/\/footballthrift.shop\/en\/wp-json\/wp\/v2\/media?parent=122825"}],"wp:term":[{"taxonomy":"product_brand","embeddable":true,"href":"https:\/\/footballthrift.shop\/en\/wp-json\/wp\/v2\/product_brand?post=122825"},{"taxonomy":"product_cat","embeddable":true,"href":"https:\/\/footballthrift.shop\/en\/wp-json\/wp\/v2\/product_cat?post=122825"},{"taxonomy":"product_tag","embeddable":true,"href":"https:\/\/footballthrift.shop\/en\/wp-json\/wp\/v2\/product_tag?post=122825"}],"curies":[{"name":"wp","href":"https:\/\/api.w.org\/{rel}","templated":true}]}}