{"id":122824,"date":"2026-04-19T15:59:44","date_gmt":"2026-04-19T13:59:44","guid":{"rendered":"https:\/\/footballthrift.shop\/?post_type=product&#038;p=122824"},"modified":"2026-04-19T15:59:44","modified_gmt":"2026-04-19T13:59:44","slug":"koszulka-pilkarska-fc-bayern-monachium-2000-02-away-9-elber-xl","status":"publish","type":"product","link":"https:\/\/footballthrift.shop\/en\/koszulka-pilkarska-fc-bayern-monachium-2000-02-away-9-elber-xl\/","title":{"rendered":"Koszulka pi\u0142karska FC Bayern Monachium 2000\/02 Away 9 Elber [XL]"},"content":{"rendered":"<p><strong>Team:<\/strong> FC Bayern Munich<\/p>\n<p><strong>Season:<\/strong> 2000\/02 Away<\/p>\n<p><strong>Size: <\/strong>XL<\/p>\n<p><strong>Condition:<\/strong> Excellent<\/p>\n<p><strong>Dimensions (underarm width\/length) in cm: <\/strong>63\/76<\/p>","protected":false},"excerpt":{"rendered":"<p><strong>Oryginalna wyjazdowa koszulka pi\u0142karska FC Bayernu Monachium z lat 2000\/02 produkcji Adidasa z nadrukiem Giovane Elbera.\u00a0<\/strong><\/p>\n<p>Away model <strong>FC Bayern Munich<\/strong> over the years <strong>2000\/02<\/strong>produced by <strong>Adidas<\/strong> w rozmiarze XL, pochodzi z jednego z najbardziej udanych okres\u00f3w w historii klubu. Dru\u017cyna si\u0119gn\u0119\u0142a w tym czasie po triumf w Lidze Mistrz\u00f3w w 2001 roku, a tak\u017ce dominowa\u0142a na krajowym podw\u00f3rku, buduj\u0105c swoj\u0105 europejsk\u0105 pot\u0119g\u0119.<\/p>\n<p>Koszulka zosta\u0142a wyprodukowana z charakterystycznymi pionowymi pasami w kolorach bia\u0142ym i czerwonym na froncie, kt\u00f3re nawi\u0105zuj\u0105 do tradycyjnej kolorystyki <strong>FC Bayern Munich<\/strong>. Ca\u0142o\u015b\u0107 uzupe\u0142niaj\u0105 kontrastuj\u0105ce granatowe elementy oraz nadruk sponsora <strong>Opel<\/strong>, umieszczony centralnie i wyra\u017anie widoczny na tle pas\u00f3w.<\/p>\n<p>There is an original print on the back. <strong>Giovane Elbera<\/strong>, jednego z najwa\u017cniejszych napastnik\u00f3w <strong>FC Bayern Munich<\/strong> na prze\u0142omie wiek\u00f3w. Brazylijczyk by\u0142 kluczow\u0105 postaci\u0105 ofensywy i jednym z g\u0142\u00f3wnych bohater\u00f3w triumfu w Lidze Mistrz\u00f3w, imponuj\u0105c skuteczno\u015bci\u0105 i ruchem bez pi\u0142ki.<\/p>\n<p>The T-shirt is made of a light and airy material and the cut in size XL meets the standards of the <strong>Adidas<\/strong>, providing the classic fit characteristic of the brand's designs.<\/p>\n<p>This is for collectors and fans looking for an original away football jersey <strong>FC Bayern Munich<\/strong> over the years <strong>2000\/02<\/strong>, stanowi\u0105cej czytelny zapis z\u0142otego okresu klubu i triumfu w Lidze Mistrz\u00f3w.<\/p>","protected":false},"featured_media":122999,"template":"","meta":{"_kad_blocks_custom_css":"","_kad_blocks_head_custom_js":"","_kad_blocks_body_custom_js":"","_kad_blocks_footer_custom_js":"","_kad_post_transparent":"default","_kad_post_title":"","_kad_post_layout":"default","_kad_post_sidebar_id":"","_kad_post_content_style":"default","_kad_post_vertical_padding":"default","_kad_post_feature":"","_kad_post_feature_position":"","_kad_post_header":false,"_kad_post_footer":false,"_kad_post_classname":""},"product_brand":[1283],"product_cat":[15,1455],"product_tag":[],"class_list":{"0":"post-122824","1":"product","2":"type-product","3":"status-publish","4":"has-post-thumbnail","6":"product_brand-adidas","7":"product_cat-bez-kategorii","8":"product_cat-kluby-niemieckie-fcbayernmonachium","9":"pa_homeawaythird-away","10":"pa_rozmiar-xl","12":"first","13":"instock","14":"taxable","15":"shipping-taxable","16":"purchasable","17":"product-type-simple","18":"entry","19":"content-bg","20":"loop-entry"},"taxonomy_info":{"product_brand":[{"value":1283,"label":"Adidas"}],"product_cat":[{"value":15,"label":"Bez kategorii"},{"value":1455,"label":"FC Bayern Monachium"}],"pa_homeawaythird":[{"value":1598,"label":"Away"}],"pa_rozmiar":[{"value":1818,"label":"XL"}]},"featured_image_src_large":["https:\/\/footballthrift.shop\/wp-content\/uploads\/2026\/04\/Photoroom_20260415_135520-1024x1024.jpg",1024,1024,true],"author_info":[],"comment_info":"","_links":{"self":[{"href":"https:\/\/footballthrift.shop\/en\/wp-json\/wp\/v2\/product\/122824","targetHints":{"allow":["GET"]}}],"collection":[{"href":"https:\/\/footballthrift.shop\/en\/wp-json\/wp\/v2\/product"}],"about":[{"href":"https:\/\/footballthrift.shop\/en\/wp-json\/wp\/v2\/types\/product"}],"wp:featuredmedia":[{"embeddable":true,"href":"https:\/\/footballthrift.shop\/en\/wp-json\/wp\/v2\/media\/122999"}],"wp:attachment":[{"href":"https:\/\/footballthrift.shop\/en\/wp-json\/wp\/v2\/media?parent=122824"}],"wp:term":[{"taxonomy":"product_brand","embeddable":true,"href":"https:\/\/footballthrift.shop\/en\/wp-json\/wp\/v2\/product_brand?post=122824"},{"taxonomy":"product_cat","embeddable":true,"href":"https:\/\/footballthrift.shop\/en\/wp-json\/wp\/v2\/product_cat?post=122824"},{"taxonomy":"product_tag","embeddable":true,"href":"https:\/\/footballthrift.shop\/en\/wp-json\/wp\/v2\/product_tag?post=122824"}],"curies":[{"name":"wp","href":"https:\/\/api.w.org\/{rel}","templated":true}]}}